{"id":146852,"date":"2021-01-15T10:54:19","date_gmt":"2021-01-15T10:54:19","guid":{"rendered":"https:\/\/codengine3.ch\/?product=import-placeholder-for-200458"},"modified":"2025-04-02T08:59:38","modified_gmt":"2025-04-02T06:59:38","slug":"escalade-en-drome-vallee-de-la-drome-diois","status":"publish","type":"product","link":"https:\/\/pizbube.ch\/en\/shop\/escalade-en-drome-vallee-de-la-drome-diois\/","title":{"rendered":"Escalade en Dr\u00f4me &#8211; Vall\u00e9e de la Dr\u00f4me &amp; Diois"},"content":{"rendered":"<p>Le Tome 3 des Topos d&#8217;Escalade de la Dr\u00f4me est enfin sorti ! Il couvre la<br \/>\nVall\u00e9e de la Dr\u00f4me et le Diois, 23 secteurs d&#8217;Escalade, plus de 1500 voies !<\/p>\n<p>D\u00e9tail des secteurs :<br \/>\nLes Roches, Le Rocher des Abeilles, Le Petit Cirque, La Borne de Jeanne, Saou<br \/>\n( I, II et III), Les Gorges de Saint Moirans, Les Auberts, Vercheny, Chironne,<br \/>\nRomeyer, Valcroissant, Vallon de Ba\u00efn, D\u00e9vers \u00e0 Mauk, Col des Aiguilles, Les<br \/>\nSucettes de Borne, La Berche, Rocher des Amay\u00e8res, Pierre aux Amonites, Le<br \/>\nClaps, Pennes le Sec, Le Dev\u00e8s.<\/p>\n<p>ACESS INFOS IN ENGLISH.<\/p>","protected":false},"excerpt":{"rendered":"<p>Le Tome 3 des Topos d&#8217;Escalade de la Dr\u00f4me est enfin sorti ! Il couvre la Vall\u00e9e de la Dr\u00f4me et le Diois, 23 secteurs d&#8217;Escalade, plus de 1500 voies ! D\u00e9tail des secteurs : Les Roches, Le Rocher des Abeilles, Le Petit Cirque, La Borne de Jeanne, Saou ( I, II et III), Les [&#8230;]\n","protected":false},"featured_media":160998,"template":"","meta":[],"product_brand":[],"product_cat":[21539],"product_tag":[],"class_list":{"0":"post-146852","1":"product","2":"type-product","3":"status-publish","4":"has-post-thumbnail","6":"product_cat-fuehrerliteratur-sportklettern-bouldern","7":"pa_autor-ffme","8":"pa_erscheinungsjahr-21558","9":"pa_region-frankreich","10":"pa_sprache-fr-en","12":"first","13":"outofstock","14":"taxable","15":"shipping-taxable","16":"purchasable","17":"product-type-simple"},"_links":{"self":[{"href":"https:\/\/pizbube.ch\/en\/wp-json\/wp\/v2\/product\/146852","targetHints":{"allow":["GET"]}}],"collection":[{"href":"https:\/\/pizbube.ch\/en\/wp-json\/wp\/v2\/product"}],"about":[{"href":"https:\/\/pizbube.ch\/en\/wp-json\/wp\/v2\/types\/product"}],"wp:featuredmedia":[{"embeddable":true,"href":"https:\/\/pizbube.ch\/en\/wp-json\/wp\/v2\/media\/160998"}],"wp:attachment":[{"href":"https:\/\/pizbube.ch\/en\/wp-json\/wp\/v2\/media?parent=146852"}],"wp:term":[{"taxonomy":"product_brand","embeddable":true,"href":"https:\/\/pizbube.ch\/en\/wp-json\/wp\/v2\/product_brand?post=146852"},{"taxonomy":"product_cat","embeddable":true,"href":"https:\/\/pizbube.ch\/en\/wp-json\/wp\/v2\/product_cat?post=146852"},{"taxonomy":"product_tag","embeddable":true,"href":"https:\/\/pizbube.ch\/en\/wp-json\/wp\/v2\/product_tag?post=146852"}],"curies":[{"name":"wp","href":"https:\/\/api.w.org\/{rel}","templated":true}]}}