{"id":146853,"date":"2021-01-15T10:54:19","date_gmt":"2021-01-15T10:54:19","guid":{"rendered":"https:\/\/codengine3.ch\/?product=import-placeholder-for-204054"},"modified":"2023-06-17T12:48:28","modified_gmt":"2023-06-17T10:48:28","slug":"massif-du-mont-blanc-envers-des-aiguilles-edit-franc","status":"publish","type":"product","link":"https:\/\/pizbube.ch\/en\/shop\/massif-du-mont-blanc-envers-des-aiguilles-edit-franc\/","title":{"rendered":"Massif Du Mont-Blanc Envers Des Aiguilles (\u00e9dit. fran\u00e7.)"},"content":{"rendered":"<p>Requin, Envers des Aiguilles, Nantillons, Tr\u00e9laporte, Montenvers, grandes<br \/>\nvoies et sites \u00e9cole:<br \/>\n248 pages supertopos de Michel Piola&#8230;<\/p>\n<p>Envers des Aiguilles.<br \/>\nTopo d\u2019escalades modernes au dessus de la Mer de Glace : Grandes voies et<br \/>\nsites \u00e9cole du Requin au Montenvers en passant par le Fou, Blaiti\u00e8re, le<br \/>\nGr\u00e9pon\u2026 Itin\u00e9raires pr\u00e9cis sur dessins et photos.<\/p>\n<p>Encore un chef d&#8217;oeuvre de Michel Piola qui nous g\u00e2te avec ce topoguide pr\u00e9sentant les grandes voies et les sites \u00e9coles sur l&#8217;envers des aiguilles dans le massif du Mont-Blanc. Ce sont 248 pages qui traitent des principaux secteurs : Requin, envers de Blaiti\u00e8re, Nantillons-refuge de l&#8217;Envers, Tr\u00e9laporte, rives de la Mer de Glace. A travers des sch\u00e9mas pr\u00e9cis et quelques belles photos couleurs, les indications sur les itin\u00e9raires sont tr\u00e8s d\u00e9taill\u00e9s et permettent aux grimpeurs d&#8217;explorer ce terrain de jeu granitique unique au monde : l&#8217;Envers des Aiguilles.<\/p>","protected":false},"excerpt":{"rendered":"<p>Requin, Envers des Aiguilles, Nantillons, Tr\u00e9laporte, Montenvers, grandes voies et sites \u00e9cole: 248 pages supertopos de Michel Piola&#8230; Envers des Aiguilles. Topo d\u2019escalades modernes au dessus de la Mer de Glace : Grandes voies et sites \u00e9cole du Requin au Montenvers en passant par le Fou, Blaiti\u00e8re, le Gr\u00e9pon\u2026 Itin\u00e9raires pr\u00e9cis sur dessins et photos. [&#8230;]\n","protected":false},"featured_media":168092,"template":"","meta":[],"product_brand":[],"product_cat":[21539],"product_tag":[],"class_list":{"0":"post-146853","1":"product","2":"type-product","3":"status-publish","4":"has-post-thumbnail","6":"product_cat-fuehrerliteratur-sportklettern-bouldern","7":"pa_autor-piola","8":"pa_erscheinungsjahr-21763","9":"pa_region-frankreich","10":"pa_sprache-fr","12":"first","13":"instock","14":"taxable","15":"shipping-taxable","16":"purchasable","17":"product-type-simple"},"_links":{"self":[{"href":"https:\/\/pizbube.ch\/en\/wp-json\/wp\/v2\/product\/146853","targetHints":{"allow":["GET"]}}],"collection":[{"href":"https:\/\/pizbube.ch\/en\/wp-json\/wp\/v2\/product"}],"about":[{"href":"https:\/\/pizbube.ch\/en\/wp-json\/wp\/v2\/types\/product"}],"wp:featuredmedia":[{"embeddable":true,"href":"https:\/\/pizbube.ch\/en\/wp-json\/wp\/v2\/media\/168092"}],"wp:attachment":[{"href":"https:\/\/pizbube.ch\/en\/wp-json\/wp\/v2\/media?parent=146853"}],"wp:term":[{"taxonomy":"product_brand","embeddable":true,"href":"https:\/\/pizbube.ch\/en\/wp-json\/wp\/v2\/product_brand?post=146853"},{"taxonomy":"product_cat","embeddable":true,"href":"https:\/\/pizbube.ch\/en\/wp-json\/wp\/v2\/product_cat?post=146853"},{"taxonomy":"product_tag","embeddable":true,"href":"https:\/\/pizbube.ch\/en\/wp-json\/wp\/v2\/product_tag?post=146853"}],"curies":[{"name":"wp","href":"https:\/\/api.w.org\/{rel}","templated":true}]}}