{"id":146855,"date":"2021-01-15T10:54:19","date_gmt":"2021-01-15T10:54:19","guid":{"rendered":"https:\/\/codengine3.ch\/?product=import-placeholder-for-201660"},"modified":"2024-08-13T11:28:24","modified_gmt":"2024-08-13T09:28:24","slug":"sites-descalade-de-la-vallee-de-chamonix","status":"publish","type":"product","link":"https:\/\/pizbube.ch\/en\/shop\/sites-descalade-de-la-vallee-de-chamonix\/","title":{"rendered":"SITES D&#8217;ESCALADE DE LA VALLEE DE CHAMONIX"},"content":{"rendered":"<p>Cette neuvi\u00e8me \u00e9dition pr\u00e9sente l&#8217;essentiel des sites d\u2019escalade des vall\u00e9es de Chamonix et de Vallorcine.<br \/>\nSont d\u00e9crits quatre sites de blocs et trente et une falaises. Vous trouverez \u00e9galement une s\u00e9lection de voies de plusieurs longueurs au d\u00e9part de la vall\u00e9e ou situ\u00e9es en altitude ais\u00e9ment accessible depuis les remont\u00e9es m\u00e9caniques.<\/p>\n<p>Secteurs d&#8217;escalade: Le Fayet, Servoz, Le Par\u00e9, Le Labo, Les Chavants, Coupeau, Roc D\u00e9ment, Roc des Os, Les Bossons, Les Gaillands, Le Br\u00e9vent, La Fl\u00e9g\u00e8re, Le Montenvers, Les Mottets, La Pierre d&#8217;Orthaz, Les dalles de l&#8217;Arveyron, Le Chapeau, La Joux, Le monolithe de la Chauffria, Moraine d&#8217;Argenti\u00e8re, Les Ch\u00e9serys &#8211; Remuaz, Le Chenavier, Le Col des Montets (c\u00f4t\u00e9 Argenti\u00e8re et c\u00f4t\u00e9 Vallorcine), Vallorcine, Vallon de B\u00e9rard, Le Passet, Mur du Loup, Barberine, Chatelards-Gi\u00e9troz<\/p>\n<p class=\"article-text col data\" data-th=\"Nombre de voie\">1178 voies sur 34 sites; Trac\u00e9 des voies sur photos couleur et croquis.<br \/>\n306 pages.<\/p>\n<p>9i\u00e8me Edition 2022, r\u00e9actual.<\/p>","protected":false},"excerpt":{"rendered":"<p>Cette neuvi\u00e8me \u00e9dition pr\u00e9sente l&#8217;essentiel des sites d\u2019escalade des vall\u00e9es de Chamonix et de Vallorcine. Sont d\u00e9crits quatre sites de blocs et trente et une falaises. Vous trouverez \u00e9galement une s\u00e9lection de voies de plusieurs longueurs au d\u00e9part de la vall\u00e9e ou situ\u00e9es en altitude ais\u00e9ment accessible depuis les remont\u00e9es m\u00e9caniques. Secteurs d&#8217;escalade: Le Fayet, [&#8230;]\n","protected":false},"featured_media":163192,"template":"","meta":[],"product_brand":[],"product_cat":[21539],"product_tag":[],"class_list":{"0":"post-146855","1":"product","2":"type-product","3":"status-publish","4":"has-post-thumbnail","6":"product_cat-fuehrerliteratur-sportklettern-bouldern","7":"pa_autor-burnier-potard","8":"pa_erscheinungsjahr-27013","9":"pa_region-frankreich","10":"pa_sprache-fr","12":"first","13":"instock","14":"taxable","15":"shipping-taxable","16":"purchasable","17":"product-type-simple"},"_links":{"self":[{"href":"https:\/\/pizbube.ch\/en\/wp-json\/wp\/v2\/product\/146855","targetHints":{"allow":["GET"]}}],"collection":[{"href":"https:\/\/pizbube.ch\/en\/wp-json\/wp\/v2\/product"}],"about":[{"href":"https:\/\/pizbube.ch\/en\/wp-json\/wp\/v2\/types\/product"}],"wp:featuredmedia":[{"embeddable":true,"href":"https:\/\/pizbube.ch\/en\/wp-json\/wp\/v2\/media\/163192"}],"wp:attachment":[{"href":"https:\/\/pizbube.ch\/en\/wp-json\/wp\/v2\/media?parent=146855"}],"wp:term":[{"taxonomy":"product_brand","embeddable":true,"href":"https:\/\/pizbube.ch\/en\/wp-json\/wp\/v2\/product_brand?post=146855"},{"taxonomy":"product_cat","embeddable":true,"href":"https:\/\/pizbube.ch\/en\/wp-json\/wp\/v2\/product_cat?post=146855"},{"taxonomy":"product_tag","embeddable":true,"href":"https:\/\/pizbube.ch\/en\/wp-json\/wp\/v2\/product_tag?post=146855"}],"curies":[{"name":"wp","href":"https:\/\/api.w.org\/{rel}","templated":true}]}}