{"id":146856,"date":"2021-01-15T10:54:19","date_gmt":"2021-01-15T10:54:19","guid":{"rendered":"https:\/\/codengine3.ch\/?product=import-placeholder-for-208407"},"modified":"2022-05-20T09:13:47","modified_gmt":"2022-05-20T07:13:47","slug":"mont-blanc-escalades-choisies-aiguilles-rouges-prealpes-suisse-italie","status":"publish","type":"product","link":"https:\/\/pizbube.ch\/en\/shop\/mont-blanc-escalades-choisies-aiguilles-rouges-prealpes-suisse-italie\/","title":{"rendered":"Mont-Blanc &#8211; Escalades choisies: Aiguilles Rouges &#8211; Pr\u00e9alpes &#8211; Suisse &#8211; Italie"},"content":{"rendered":"<p>Les massifs du Mont-Blanc, des Aiguilles-Rouges, des Bornes et des Aravis,<br \/>\nainsi que les versants suisse ou italien du Mont-Blanc sont le meilleur des<br \/>\nterrains de jeu au niveau de l\u2019escalade rocheuse, attirant toujours plus de<br \/>\npassionn\u00e9s du monde entier. Les auteurs proposent 90 voies plaisir de<br \/>\ndiff\u00e9rents niveaux : de 4 \u00e0 6a+.<\/p>\n<p>\u00c0 l\u2019heure o\u00f9 l\u2019escalade sportive fait son entr\u00e9e aux jeux Olympiques de Tokyo<br \/>\n(2020), on peut mesurer la passion inspir\u00e9e par cette discipline. Les<br \/>\ngrimpeurs veulent appliquer en milieu naturel les techniques apprises en<br \/>\nsalle, sans perdre de vue la notion de plaisir.<\/p>\n<p>Les massifs du Mont-Blanc et des Aiguilles-Rouges offrent un terrain de jeu<br \/>\nexceptionnel, desservi par de nombreux am\u00e9nagements : remont\u00e9es m\u00e9caniques,<br \/>\nrefuges, sentiers balis\u00e9s, itin\u00e9raires \u00e9quip\u00e9s. Pour varier les objectifs, et<br \/>\ncomme alternative aux mauvaises conditions en altitude, il est ais\u00e9 de se<br \/>\nrendre dans les proches r\u00e9gions : Pr\u00e9alpes, Suisse, Italie.<\/p>\n<p>Au total, les auteurs ont s\u00e9lectionn\u00e9 90 voies sur une cinquantaine de<br \/>\nsommets, des classiques ind\u00e9modables aux d\u00e9couvertes plus r\u00e9centes. Les<br \/>\nescalades ont \u00e9t\u00e9 choisies pour la beaut\u00e9 des sites et des gestes, dans une<br \/>\n\u00e9chelle de cotations du 4 au 6a+. Elles sont r\u00e9alisables \u00e0 la journ\u00e9e, le plus<br \/>\nsouvent sans sac \u00e0 dos, sur des parois ne d\u00e9passant pas 300 m\u00e8tres de haut. On<br \/>\nremarquera la vari\u00e9t\u00e9 des styles : gneiss, granite et calcaire, dalles et<br \/>\ndi\u00e8dres, force ou finesse, voies \u00e9cole et terrain d\u2019aventure.<\/p>\n<p>Seule ombre au tableau, le r\u00e9chauffement climatique qui impacte les<br \/>\nterritoires d\u2019altitude. Ce topo en explique les effets et souligne les<br \/>\nnouveaux param\u00e8tres \u00e0 prendre en compte (retrait glaciaire, \u00e9boulements,<br \/>\nmodification des itin\u00e9raires et des approches, \u00e9poque favorable). Pour vous<br \/>\naider \u00e0 choisir, les courses et les acc\u00e8s refuges sont soigneusement d\u00e9crits,<br \/>\ndes textes racontent, des photos situent et des croquis d\u00e9taill\u00e9s vous<br \/>\nguident.<\/p>\n<p>Format : 142 x 225 mm; Pages : 144<\/p>","protected":false},"excerpt":{"rendered":"<p>Les massifs du Mont-Blanc, des Aiguilles-Rouges, des Bornes et des Aravis, ainsi que les versants suisse ou italien du Mont-Blanc sont le meilleur des terrains de jeu au niveau de l\u2019escalade rocheuse, attirant toujours plus de passionn\u00e9s du monde entier. Les auteurs proposent 90 voies plaisir de diff\u00e9rents niveaux : de 4 \u00e0 6a+. \u00c0 [&#8230;]\n","protected":false},"featured_media":162047,"template":"","meta":[],"product_brand":[],"product_cat":[21539],"product_tag":[],"class_list":{"0":"post-146856","1":"product","2":"type-product","3":"status-publish","4":"has-post-thumbnail","6":"product_cat-fuehrerliteratur-sportklettern-bouldern","7":"pa_autor-laroche-lelong","8":"pa_erscheinungsjahr-21558","9":"pa_region-frankreich","10":"pa_sprache-fr","12":"first","13":"instock","14":"taxable","15":"shipping-taxable","16":"purchasable","17":"product-type-simple"},"_links":{"self":[{"href":"https:\/\/pizbube.ch\/en\/wp-json\/wp\/v2\/product\/146856","targetHints":{"allow":["GET"]}}],"collection":[{"href":"https:\/\/pizbube.ch\/en\/wp-json\/wp\/v2\/product"}],"about":[{"href":"https:\/\/pizbube.ch\/en\/wp-json\/wp\/v2\/types\/product"}],"wp:featuredmedia":[{"embeddable":true,"href":"https:\/\/pizbube.ch\/en\/wp-json\/wp\/v2\/media\/162047"}],"wp:attachment":[{"href":"https:\/\/pizbube.ch\/en\/wp-json\/wp\/v2\/media?parent=146856"}],"wp:term":[{"taxonomy":"product_brand","embeddable":true,"href":"https:\/\/pizbube.ch\/en\/wp-json\/wp\/v2\/product_brand?post=146856"},{"taxonomy":"product_cat","embeddable":true,"href":"https:\/\/pizbube.ch\/en\/wp-json\/wp\/v2\/product_cat?post=146856"},{"taxonomy":"product_tag","embeddable":true,"href":"https:\/\/pizbube.ch\/en\/wp-json\/wp\/v2\/product_tag?post=146856"}],"curies":[{"name":"wp","href":"https:\/\/api.w.org\/{rel}","templated":true}]}}