{"id":146858,"date":"2021-01-15T10:54:20","date_gmt":"2021-01-15T10:54:20","guid":{"rendered":"https:\/\/codengine3.ch\/?product=import-placeholder-for-200114"},"modified":"2025-08-19T13:51:06","modified_gmt":"2025-08-19T11:51:06","slug":"die-suche-nach-der-wahrheit","status":"publish","type":"product","link":"https:\/\/pizbube.ch\/en\/shop\/die-suche-nach-der-wahrheit\/","title":{"rendered":"Die Suche nach der Wahrheit"},"content":{"rendered":"<p>150 Jahre Erstbesteigung Matterhorn vom 14. Juli 1865<\/p>\n<p>Am 14. Juli 1865 stu\u0308rzen vier der sieben Matterhorn-Erstbesteiger beim<br \/>\nAbstieg in den Tod. Nur der Engl\u00e4nder Edward Whymper und die beiden Zermatter<br \/>\nBergfu\u0308hrer Peter Taugwalder Vater und Sohn u\u0308berleben. Es ist der<br \/>\nwortgewandte Whymper, der danach die Deutungshoheit u\u0308ber die bis heute nicht<br \/>\nrestlos gekl\u00e4rte Trag\u00f6die beansprucht. Die Sicht der schweigsamen Taugwalder<br \/>\ngeht vergessen.<\/p>\n<p>Der Fotograf Matthias Taugwalder hat in internationalen Archiven<br \/>\nOriginaldokumente der Erstbesteiger aufgespu\u0308rt, macht sie erstmals einer<br \/>\nbreiten \u00d6ffentlichkeit zug\u00e4nglich und l\u00e4sst so seine Vorfahren ihre Sicht des<br \/>\nDramas am Matterhorn darstellen.<\/p>\n<p>30 x 23 cm, 204 Seiten, reich illustriert mit vielen Originaldokumenten,<br \/>\nDeutsch\/Franz\u00f6sisch\/Englisch<\/p>","protected":false},"excerpt":{"rendered":"<p>150 Jahre Erstbesteigung Matterhorn vom 14. Juli 1865 Am 14. Juli 1865 stu\u0308rzen vier der sieben Matterhorn-Erstbesteiger beim Abstieg in den Tod. Nur der Engl\u00e4nder Edward Whymper und die beiden Zermatter Bergfu\u0308hrer Peter Taugwalder Vater und Sohn u\u0308berleben. Es ist der wortgewandte Whymper, der danach die Deutungshoheit u\u0308ber die bis heute nicht restlos gekl\u00e4rte Trag\u00f6die [&#8230;]\n","protected":false},"featured_media":25959,"template":"","meta":[],"product_brand":[],"product_cat":[21542],"product_tag":[],"class_list":{"0":"post-146858","1":"product","2":"type-product","3":"status-publish","4":"has-post-thumbnail","6":"product_cat-sachbuecher-dokumentationen","7":"pa_autor-taugwalder","8":"pa_erscheinungsjahr-21597","9":"pa_region-schweiz","10":"pa_sprache-de-fr-en","12":"first","13":"onbackorder","14":"taxable","15":"shipping-taxable","16":"purchasable","17":"product-type-simple"},"_links":{"self":[{"href":"https:\/\/pizbube.ch\/en\/wp-json\/wp\/v2\/product\/146858","targetHints":{"allow":["GET"]}}],"collection":[{"href":"https:\/\/pizbube.ch\/en\/wp-json\/wp\/v2\/product"}],"about":[{"href":"https:\/\/pizbube.ch\/en\/wp-json\/wp\/v2\/types\/product"}],"wp:featuredmedia":[{"embeddable":true,"href":"https:\/\/pizbube.ch\/en\/wp-json\/wp\/v2\/media\/25959"}],"wp:attachment":[{"href":"https:\/\/pizbube.ch\/en\/wp-json\/wp\/v2\/media?parent=146858"}],"wp:term":[{"taxonomy":"product_brand","embeddable":true,"href":"https:\/\/pizbube.ch\/en\/wp-json\/wp\/v2\/product_brand?post=146858"},{"taxonomy":"product_cat","embeddable":true,"href":"https:\/\/pizbube.ch\/en\/wp-json\/wp\/v2\/product_cat?post=146858"},{"taxonomy":"product_tag","embeddable":true,"href":"https:\/\/pizbube.ch\/en\/wp-json\/wp\/v2\/product_tag?post=146858"}],"curies":[{"name":"wp","href":"https:\/\/api.w.org\/{rel}","templated":true}]}}