{"id":146859,"date":"2021-01-15T10:54:20","date_gmt":"2021-01-15T10:54:20","guid":{"rendered":"https:\/\/codengine3.ch\/?product=import-placeholder-for-206809"},"modified":"2021-01-15T14:52:12","modified_gmt":"2021-01-15T14:52:12","slug":"absturz-des-himmels","status":"publish","type":"product","link":"https:\/\/pizbube.ch\/en\/shop\/absturz-des-himmels\/","title":{"rendered":"Absturz des Himmels"},"content":{"rendered":"<p>Am 14. Juli 1865 steht der f\u00fcnfundzwanzigj\u00e4hrige Engl\u00e4nder Edward Whymper als<br \/>\nerster Mensch auf dem Matterhorn, aber beim Abstieg st\u00fcrzen vier seiner<br \/>\nBegleiter in den Tod: ein Seil ist gerissen. Wenige Tage nach Whympers<br \/>\nAufstieg von Zermatt aus erreicht der einheimische Bergf\u00fchrer Jean-Antoine<br \/>\nCarrel von der italienischen Seite aus den Gipfel. Er ist der eigentliche Held<br \/>\nin Reinhold Messners atemberaubender Geschichte von der Eroberung eines<br \/>\nunverwechselbaren Berges, vermutlich der erste Mensch, der eine Besteigung des<br \/>\nMatterhorns f\u00fcr m\u00f6glich hielt. Carrel ist das Gegenbild zu dem dandyhaften<br \/>\nWhymper: wortkarg, instinktiv und voller Verantwortung f\u00fcr seine M\u00e4nner bis in<br \/>\ndie Stunde des eigenen Todes \u2013 f\u00fcnfundzwanzig Jahre sp\u00e4ter, am Matterhorn.  <\/p>\n<p>Das Matterhorn ist auch heute noch ein Mythos. Im Jahr 1865 war es der letzte<br \/>\nnoch unerstiegene gro\u00dfe Alpengipfel, einer der letzten wei\u00dfen Flecken auf der<br \/>\nLandkarte \u2013 mitten in Europa. Warum bei Edward Whympers Erstbesteigung das<br \/>\nSeil rei\u00dft, ist eine Frage, die damals halb Europa bewegt hat. Die Frage, wer<br \/>\ndaf\u00fcr verantwortlich ist, l\u00e4sst Reinhold Messner auch heute noch nicht los. In<br \/>\nseiner fesselnden Erz\u00e4hlung von Verantwortung, Vertrauen und Verrat wird er<br \/>\nTeil der Seilschaft von 1865: \u00bbIch will nochmals mit den Bergsteigern<br \/>\nhinaufsteigen. Ich will nachempfinden, was sie getragen hat \u2013 und was sie<br \/>\nertragen mussten.\u00ab<\/p>\n<p>Taschenbuchausgabe  <\/p>","protected":false},"excerpt":{"rendered":"<p>Am 14. Juli 1865 steht der f\u00fcnfundzwanzigj\u00e4hrige Engl\u00e4nder Edward Whymper als erster Mensch auf dem Matterhorn, aber beim Abstieg st\u00fcrzen vier seiner Begleiter in den Tod: ein Seil ist gerissen. Wenige Tage nach Whympers Aufstieg von Zermatt aus erreicht der einheimische Bergf\u00fchrer Jean-Antoine Carrel von der italienischen Seite aus den Gipfel. Er ist der eigentliche [&#8230;]\n","protected":false},"featured_media":36182,"template":"","meta":[],"product_brand":[],"product_cat":[21542],"product_tag":[],"class_list":{"0":"post-146859","1":"product","2":"type-product","3":"status-publish","4":"has-post-thumbnail","6":"product_cat-sachbuecher-dokumentationen","7":"pa_autor-messner","8":"pa_erscheinungsjahr-21574","9":"pa_region-schweiz","10":"pa_sprache-de","12":"first","13":"instock","14":"taxable","15":"shipping-taxable","16":"purchasable","17":"product-type-simple"},"_links":{"self":[{"href":"https:\/\/pizbube.ch\/en\/wp-json\/wp\/v2\/product\/146859","targetHints":{"allow":["GET"]}}],"collection":[{"href":"https:\/\/pizbube.ch\/en\/wp-json\/wp\/v2\/product"}],"about":[{"href":"https:\/\/pizbube.ch\/en\/wp-json\/wp\/v2\/types\/product"}],"wp:featuredmedia":[{"embeddable":true,"href":"https:\/\/pizbube.ch\/en\/wp-json\/wp\/v2\/media\/36182"}],"wp:attachment":[{"href":"https:\/\/pizbube.ch\/en\/wp-json\/wp\/v2\/media?parent=146859"}],"wp:term":[{"taxonomy":"product_brand","embeddable":true,"href":"https:\/\/pizbube.ch\/en\/wp-json\/wp\/v2\/product_brand?post=146859"},{"taxonomy":"product_cat","embeddable":true,"href":"https:\/\/pizbube.ch\/en\/wp-json\/wp\/v2\/product_cat?post=146859"},{"taxonomy":"product_tag","embeddable":true,"href":"https:\/\/pizbube.ch\/en\/wp-json\/wp\/v2\/product_tag?post=146859"}],"curies":[{"name":"wp","href":"https:\/\/api.w.org\/{rel}","templated":true}]}}