{"id":146860,"date":"2021-01-15T10:54:20","date_gmt":"2021-01-15T10:54:20","guid":{"rendered":"https:\/\/codengine3.ch\/?product=import-placeholder-for-200140"},"modified":"2021-01-15T10:54:41","modified_gmt":"2021-01-15T10:54:41","slug":"das-matterhorn-und-seine-bergfuehrer","status":"publish","type":"product","link":"https:\/\/pizbube.ch\/en\/shop\/das-matterhorn-und-seine-bergfuehrer\/","title":{"rendered":"Das Matterhorn und seine Bergf\u00fchrer"},"content":{"rendered":"<p>Das Matterhorn \u2013 mystisch, majest\u00e4tisch, der Berg der Berge. Seiner<br \/>\nFaszination kann sich niemand entziehen. Weder Einheimische noch G\u00e4ste. Das<br \/>\nMatterhorn zieht magisch an und viele tr\u00e4umen davon, einmal im Leben auf dem<br \/>\nGipfel dieses Berges zu stehen.<br \/>\nAm 14. Juli 1865 wurde das Matterhorn zum ersten Mal bestiegen. Vier von<br \/>\nsieben jungen M\u00e4nnern verloren dabei ihr Leben. Zermatt und das Unglu\u0308ck am<br \/>\nMatterhorn waren damals in aller Munde und noch heute wird spekuliert, wie es<br \/>\nzu diesem schrecklichen Unfall kommen konnte.<\/p>\n<p>Ist das Seil gerissen? Seit der tragischen Erstbesteigung des Matterhorns vor<br \/>\n150 Jahren besch\u00e4ftigt diese Frage Alpinisten und Autoren.<br \/>\nDieses Buch beleuchtet die Erstbesteigung des Matterhorns aus der Perspektive<br \/>\nder Bergf\u00fchrer. Es erz\u00e4hlt die bewegte Geschichte des Alpinismus in Zermatt<br \/>\naus ihrer Sicht.<\/p>","protected":false},"excerpt":{"rendered":"<p>Das Matterhorn \u2013 mystisch, majest\u00e4tisch, der Berg der Berge. Seiner Faszination kann sich niemand entziehen. Weder Einheimische noch G\u00e4ste. Das Matterhorn zieht magisch an und viele tr\u00e4umen davon, einmal im Leben auf dem Gipfel dieses Berges zu stehen. Am 14. Juli 1865 wurde das Matterhorn zum ersten Mal bestiegen. Vier von sieben jungen M\u00e4nnern verloren [&#8230;]\n","protected":false},"featured_media":26025,"template":"","meta":[],"product_brand":[],"product_cat":[21542],"product_tag":[],"class_list":{"0":"post-146860","1":"product","2":"type-product","3":"status-publish","4":"has-post-thumbnail","6":"product_cat-sachbuecher-dokumentationen","7":"pa_autor-biner","8":"pa_erscheinungsjahr-21597","9":"pa_region-schweiz","10":"pa_sprache-de","12":"first","13":"outofstock","14":"taxable","15":"shipping-taxable","16":"purchasable","17":"product-type-simple"},"_links":{"self":[{"href":"https:\/\/pizbube.ch\/en\/wp-json\/wp\/v2\/product\/146860","targetHints":{"allow":["GET"]}}],"collection":[{"href":"https:\/\/pizbube.ch\/en\/wp-json\/wp\/v2\/product"}],"about":[{"href":"https:\/\/pizbube.ch\/en\/wp-json\/wp\/v2\/types\/product"}],"wp:featuredmedia":[{"embeddable":true,"href":"https:\/\/pizbube.ch\/en\/wp-json\/wp\/v2\/media\/26025"}],"wp:attachment":[{"href":"https:\/\/pizbube.ch\/en\/wp-json\/wp\/v2\/media?parent=146860"}],"wp:term":[{"taxonomy":"product_brand","embeddable":true,"href":"https:\/\/pizbube.ch\/en\/wp-json\/wp\/v2\/product_brand?post=146860"},{"taxonomy":"product_cat","embeddable":true,"href":"https:\/\/pizbube.ch\/en\/wp-json\/wp\/v2\/product_cat?post=146860"},{"taxonomy":"product_tag","embeddable":true,"href":"https:\/\/pizbube.ch\/en\/wp-json\/wp\/v2\/product_tag?post=146860"}],"curies":[{"name":"wp","href":"https:\/\/api.w.org\/{rel}","templated":true}]}}