{"id":146861,"date":"2021-01-15T10:54:20","date_gmt":"2021-01-15T10:54:20","guid":{"rendered":"https:\/\/codengine3.ch\/?product=import-placeholder-for-206636"},"modified":"2021-08-16T15:40:58","modified_gmt":"2021-08-16T13:40:58","slug":"matterhorn-der-lange-weg-auf-den-gipfel","status":"publish","type":"product","link":"https:\/\/pizbube.ch\/en\/shop\/matterhorn-der-lange-weg-auf-den-gipfel\/","title":{"rendered":"Matterhorn &#8211; Der lange Weg auf den Gipfel"},"content":{"rendered":"<p>Das Matterhorn &#8211; der ber\u00fchmteste Gipfel Europas und weltweit bekanntes<br \/>\nWahrzeichen der Schweiz: Rund 3000 Bergsteiger erreichen jeden Sommer \u00fcber den<br \/>\nH\u00f6rnligrat den Gipfel des 4478 Meter hohen Berges.<\/p>\n<p>Die dramatische Erstbesteigung durch den Briten Edward Whymper und seine<br \/>\nGef\u00e4hrten am 14. Juli 1865 ist eine der spannendsten Geschichten der<br \/>\nBergliteratur.<\/p>\n<p>Sieben Anl\u00e4ufe musste Whymper unternehmen, bevor er den Gipfel erreichte. Der<br \/>\ntragische Preis f\u00fcr den Erfolg: Vier seiner sechs Begleiter st\u00fcrzten ab und<br \/>\nkamen ums Leben. Ein zeitloser Bergklassiker von dem bedeutendsten Bergsteiger<br \/>\nder alpinen Erschlie\u00dfungsgeschichte.<\/p>\n<p>Taschenbuchausgabe<\/p>","protected":false},"excerpt":{"rendered":"<p>Das Matterhorn &#8211; der ber\u00fchmteste Gipfel Europas und weltweit bekanntes Wahrzeichen der Schweiz: Rund 3000 Bergsteiger erreichen jeden Sommer \u00fcber den H\u00f6rnligrat den Gipfel des 4478 Meter hohen Berges. Die dramatische Erstbesteigung durch den Briten Edward Whymper und seine Gef\u00e4hrten am 14. Juli 1865 ist eine der spannendsten Geschichten der Bergliteratur. Sieben Anl\u00e4ufe musste Whymper [&#8230;]\n","protected":false},"featured_media":35734,"template":"","meta":[],"product_brand":[],"product_cat":[21542],"product_tag":[],"class_list":{"0":"post-146861","1":"product","2":"type-product","3":"status-publish","4":"has-post-thumbnail","6":"product_cat-sachbuecher-dokumentationen","7":"pa_autor-whymper","8":"pa_erscheinungsjahr-21610","9":"pa_region-schweiz","10":"pa_sprache-de","12":"first","13":"outofstock","14":"taxable","15":"shipping-taxable","16":"purchasable","17":"product-type-simple"},"_links":{"self":[{"href":"https:\/\/pizbube.ch\/en\/wp-json\/wp\/v2\/product\/146861","targetHints":{"allow":["GET"]}}],"collection":[{"href":"https:\/\/pizbube.ch\/en\/wp-json\/wp\/v2\/product"}],"about":[{"href":"https:\/\/pizbube.ch\/en\/wp-json\/wp\/v2\/types\/product"}],"wp:featuredmedia":[{"embeddable":true,"href":"https:\/\/pizbube.ch\/en\/wp-json\/wp\/v2\/media\/35734"}],"wp:attachment":[{"href":"https:\/\/pizbube.ch\/en\/wp-json\/wp\/v2\/media?parent=146861"}],"wp:term":[{"taxonomy":"product_brand","embeddable":true,"href":"https:\/\/pizbube.ch\/en\/wp-json\/wp\/v2\/product_brand?post=146861"},{"taxonomy":"product_cat","embeddable":true,"href":"https:\/\/pizbube.ch\/en\/wp-json\/wp\/v2\/product_cat?post=146861"},{"taxonomy":"product_tag","embeddable":true,"href":"https:\/\/pizbube.ch\/en\/wp-json\/wp\/v2\/product_tag?post=146861"}],"curies":[{"name":"wp","href":"https:\/\/api.w.org\/{rel}","templated":true}]}}