{"id":146864,"date":"2021-01-15T10:54:20","date_gmt":"2021-01-15T10:54:20","guid":{"rendered":"https:\/\/codengine3.ch\/?product=import-placeholder-for-207724"},"modified":"2022-05-21T12:22:11","modified_gmt":"2022-05-21T10:22:11","slug":"das-grosse-matterhorn-lexikon","status":"publish","type":"product","link":"https:\/\/pizbube.ch\/en\/shop\/das-grosse-matterhorn-lexikon\/","title":{"rendered":"DAS GROSSE MATTERHORN-LEXIKON"},"content":{"rendered":"<p>Das Matterhorn von A-Z, mit \u00fcber 800 Stichworten<\/p>\n<p>Das Matterhorn \u2013 weltber\u00fchmtes Wahrzeichen der Schweiz. Einer der sch\u00f6nsten<br \/>\nBerge der Welt. Und eine Offenbarung f\u00fcr Maler, Fotografen und nat\u00fcrlich<br \/>\nAlpinisten!<\/p>\n<p>Das Matterhorn ist zum Staunen da! Mit viel Geschichte und starken<br \/>\nGeschichten. Mit Hintergr\u00fcndigem, Humorvollem, Dramatischen und Traurigem. Mit<br \/>\nSensationellem, mit Daten und Fakten. Vor allem aber mit Menschen, die das<br \/>\nMatterhorn zum Berg der Berge machen!<\/p>\n<p>All das hat Autor Uli Auffermann in \u00fcber 800 Stichw\u00f6rtern geb\u00fcndelt.<br \/>\nKurzweilig und informativ. Wer das Matterhorn noch nicht besucht hat, will<br \/>\nnach der Lekt\u00fcre hin \u2013 wom\u00f6glich auch hinauf!<\/p>\n<p>1. Aufl. Mai 2014, 296 Seiten, ca. 400 Abbildungen; Hardcover (16 x 24 cm),<br \/>\ndurchgehend farbig<\/p>","protected":false},"excerpt":{"rendered":"<ul>\n<li><a href=\"https:\/\/pizbube.ch\/wp-content\/uploads\/attachments\/a_026\/A40C5425EA86CD189A5914CA0DCF1D55.pdf\" target=\"_blank\" rel=\"noopener\">PDF: matterhornlexikon-leseprobe.pdf<\/a><\/li>\n<\/ul>","protected":false},"featured_media":162095,"template":"","meta":[],"product_brand":[],"product_cat":[21542],"product_tag":[],"class_list":{"0":"post-146864","1":"product","2":"type-product","3":"status-publish","4":"has-post-thumbnail","6":"product_cat-sachbuecher-dokumentationen","7":"pa_autor-auffermann","8":"pa_erscheinungsjahr-21550","9":"pa_region-schweiz","10":"pa_sprache-de","12":"first","13":"instock","14":"taxable","15":"shipping-taxable","16":"purchasable","17":"product-type-simple"},"_links":{"self":[{"href":"https:\/\/pizbube.ch\/en\/wp-json\/wp\/v2\/product\/146864","targetHints":{"allow":["GET"]}}],"collection":[{"href":"https:\/\/pizbube.ch\/en\/wp-json\/wp\/v2\/product"}],"about":[{"href":"https:\/\/pizbube.ch\/en\/wp-json\/wp\/v2\/types\/product"}],"wp:featuredmedia":[{"embeddable":true,"href":"https:\/\/pizbube.ch\/en\/wp-json\/wp\/v2\/media\/162095"}],"wp:attachment":[{"href":"https:\/\/pizbube.ch\/en\/wp-json\/wp\/v2\/media?parent=146864"}],"wp:term":[{"taxonomy":"product_brand","embeddable":true,"href":"https:\/\/pizbube.ch\/en\/wp-json\/wp\/v2\/product_brand?post=146864"},{"taxonomy":"product_cat","embeddable":true,"href":"https:\/\/pizbube.ch\/en\/wp-json\/wp\/v2\/product_cat?post=146864"},{"taxonomy":"product_tag","embeddable":true,"href":"https:\/\/pizbube.ch\/en\/wp-json\/wp\/v2\/product_tag?post=146864"}],"curies":[{"name":"wp","href":"https:\/\/api.w.org\/{rel}","templated":true}]}}