{"id":146865,"date":"2021-01-15T10:54:20","date_gmt":"2021-01-15T10:54:20","guid":{"rendered":"https:\/\/codengine3.ch\/?product=import-placeholder-for-200115"},"modified":"2021-01-15T10:54:25","modified_gmt":"2021-01-15T10:54:25","slug":"shorong-hinku-trekking-karte-150000-blatt-5","status":"publish","type":"product","link":"https:\/\/pizbube.ch\/en\/shop\/shorong-hinku-trekking-karte-150000-blatt-5\/","title":{"rendered":"Shorong \/ Hinku Trekking-Karte 1:50`000, Blatt 5"},"content":{"rendered":"<p>Blatt 5; Shorong Hinku<br \/>\nZw\u00f6lf farbige Einzelblattkarten mit H\u00f6henlinien in einer \u00c4quidistanz von 40 m<br \/>\n(1:50.000) bzw. 100 m (1:100.000), Schummerung, detaillierte Darstellung der<br \/>\nFelsen, Gletscher, Mor\u00e4nen, Wald- und kultivierten Fl\u00e4chen und Siedlungen,<br \/>\nteilweise mit Wegmarkierungen, ohne Angabe der Projektionsarten, in<br \/>\nunterschiedlichen Formaten.<\/p>","protected":false},"excerpt":{"rendered":"<p>Blatt 5; Shorong Hinku Zw\u00f6lf farbige Einzelblattkarten mit H\u00f6henlinien in einer \u00c4quidistanz von 40 m (1:50.000) bzw. 100 m (1:100.000), Schummerung, detaillierte Darstellung der Felsen, Gletscher, Mor\u00e4nen, Wald- und kultivierten Fl\u00e4chen und Siedlungen, teilweise mit Wegmarkierungen, ohne Angabe der Projektionsarten, in unterschiedlichen Formaten.<\/p>","protected":false},"featured_media":25967,"template":"","meta":[],"product_brand":[],"product_cat":[21543],"product_tag":[],"class_list":{"0":"post-146865","1":"product","2":"type-product","3":"status-publish","4":"has-post-thumbnail","6":"product_cat-landkarten","7":"pa_autor-nepal-kartenwerk-der-arbeitsgemeinschaft-fuer-vergleichende-hochgebirgsforschung-e-v","8":"pa_erscheinungsjahr-21568","9":"pa_region-asien","10":"pa_sprache-de-en","12":"first","13":"instock","14":"taxable","15":"shipping-taxable","16":"purchasable","17":"product-type-simple"},"_links":{"self":[{"href":"https:\/\/pizbube.ch\/en\/wp-json\/wp\/v2\/product\/146865","targetHints":{"allow":["GET"]}}],"collection":[{"href":"https:\/\/pizbube.ch\/en\/wp-json\/wp\/v2\/product"}],"about":[{"href":"https:\/\/pizbube.ch\/en\/wp-json\/wp\/v2\/types\/product"}],"wp:featuredmedia":[{"embeddable":true,"href":"https:\/\/pizbube.ch\/en\/wp-json\/wp\/v2\/media\/25967"}],"wp:attachment":[{"href":"https:\/\/pizbube.ch\/en\/wp-json\/wp\/v2\/media?parent=146865"}],"wp:term":[{"taxonomy":"product_brand","embeddable":true,"href":"https:\/\/pizbube.ch\/en\/wp-json\/wp\/v2\/product_brand?post=146865"},{"taxonomy":"product_cat","embeddable":true,"href":"https:\/\/pizbube.ch\/en\/wp-json\/wp\/v2\/product_cat?post=146865"},{"taxonomy":"product_tag","embeddable":true,"href":"https:\/\/pizbube.ch\/en\/wp-json\/wp\/v2\/product_tag?post=146865"}],"curies":[{"name":"wp","href":"https:\/\/api.w.org\/{rel}","templated":true}]}}