{"id":146868,"date":"2021-01-15T10:54:20","date_gmt":"2021-01-15T10:54:20","guid":{"rendered":"https:\/\/codengine3.ch\/?product=import-placeholder-for-205144"},"modified":"2023-01-13T08:57:14","modified_gmt":"2023-01-13T07:57:14","slug":"nepal-mount-everest-trek","status":"publish","type":"product","link":"https:\/\/pizbube.ch\/en\/shop\/nepal-mount-everest-trek\/","title":{"rendered":"Nepal: Mount Everest Trek"},"content":{"rendered":"<p>(OutdoorHandbuch Band 217)<\/p>\n<p>Jeder der j\u00e4hrlich 20.000 Bergwanderer aus aller Welt, die sich zu den<br \/>\nZehenspitzen des h\u00f6chsten Berges unserer Erde aufmachen, verbindet damit seine<br \/>\nganz eigenen Vorstellungen und Erwartungen. F\u00fcr die einen ist der Mount<br \/>\nEverest der letzte verbliebene Superlativ n\u00e4mlich das H\u00f6chste und Gr\u00f6\u00dfte.<br \/>\nAndere reizt die sportliche Herausforderung, wiederum andere brauchen eine<br \/>\nhimmlische Umgebung f\u00fcr ihre Heiratsantr\u00e4ge oder andere wichtige<br \/>\nLebensentscheidungen oder es steht das Kultur- und Naturerlebnis im<br \/>\nVordergrund. Letztlich wird jeder hier seine pers\u00f6nlichen Siege und Waterloos<br \/>\nerleben. Wer sich auf den Weg macht, wird durch fantastische Landschaften von<br \/>\nden warmen landwirtschaftlich gepr\u00e4gten Subtropen bis hin zur klirrenden<br \/>\nalpinen Zone durchwandern.<\/p>\n<p>Der Trek folgt gut ausgetretenen Handels- und<br \/>\nAlmwegen durch T\u00e4ler und \u00fcber P\u00e4sse, immer in Gesellschaft mit den in der<br \/>\nRegion ans\u00e4ssigen Temang, Raj und Sherpa und ihren Lasttieren, den Yaks und<br \/>\nDzopkios. Das Gebiet ist aus technischer Sicht nicht anspruchsvoller als<br \/>\nBergwanderwege in Europa. Das Netz an Unterkunftsm\u00f6glichkeiten ist<br \/>\nweitestgehend dem in den Alpen vergleichbar und zum Teil dichter. Auch findet<br \/>\nman ab und an mitten im Himalaja zivilisatorische Annehmlichkeiten, wie<br \/>\nB\u00e4ckereien, Internet-Cafes oder Saunen. Die M\u00f6glichkeiten des Gebietes sind so<br \/>\nvielf\u00e4ltig, dass es kaum m\u00f6glich ist, eine standardisierte Wegplanung<br \/>\nvorzugeben. Der Autor schl\u00e4gt deshalb mehrere Kombinationsm\u00f6glichkeiten f\u00fcr<br \/>\nWanderungen in den Hocht\u00e4lern f\u00fcr unterschiedliche Zeitbudgets und Vorlieben<br \/>\nvor.<\/p>\n<p>F\u00fcr jede Tagesetappe werden die technischen Parameter, wie<br \/>\nH\u00f6henunterschiede, Zeitbudget und Schlafh\u00f6he angegeben. Das Buch enth\u00e4lt<br \/>\nweiterhin umfangreiche Vorschl\u00e4ge f\u00fcr die Reisevorbereitungen, einen<br \/>\nAkklimatisationsplan, Kartenausschnitte und H\u00f6henprofile.<\/p>\n<p>2. aktual. Auflg. 2001<\/p>","protected":false},"excerpt":{"rendered":"<p>(OutdoorHandbuch Band 217) Jeder der j\u00e4hrlich 20.000 Bergwanderer aus aller Welt, die sich zu den Zehenspitzen des h\u00f6chsten Berges unserer Erde aufmachen, verbindet damit seine ganz eigenen Vorstellungen und Erwartungen. F\u00fcr die einen ist der Mount Everest der letzte verbliebene Superlativ n\u00e4mlich das H\u00f6chste und Gr\u00f6\u00dfte. Andere reizt die sportliche Herausforderung, wiederum andere brauchen eine [&#8230;]\n","protected":false},"featured_media":33767,"template":"","meta":[],"product_brand":[],"product_cat":[21605],"product_tag":[],"class_list":{"0":"post-146868","1":"product","2":"type-product","3":"status-publish","4":"has-post-thumbnail","6":"product_cat-wanderfuehrer-trekking","7":"pa_autor-gildhorn","8":"pa_erscheinungsjahr-21610","9":"pa_region-asien","10":"pa_sprache-de","12":"first","13":"outofstock","14":"taxable","15":"shipping-taxable","16":"purchasable","17":"product-type-simple"},"_links":{"self":[{"href":"https:\/\/pizbube.ch\/en\/wp-json\/wp\/v2\/product\/146868","targetHints":{"allow":["GET"]}}],"collection":[{"href":"https:\/\/pizbube.ch\/en\/wp-json\/wp\/v2\/product"}],"about":[{"href":"https:\/\/pizbube.ch\/en\/wp-json\/wp\/v2\/types\/product"}],"wp:featuredmedia":[{"embeddable":true,"href":"https:\/\/pizbube.ch\/en\/wp-json\/wp\/v2\/media\/33767"}],"wp:attachment":[{"href":"https:\/\/pizbube.ch\/en\/wp-json\/wp\/v2\/media?parent=146868"}],"wp:term":[{"taxonomy":"product_brand","embeddable":true,"href":"https:\/\/pizbube.ch\/en\/wp-json\/wp\/v2\/product_brand?post=146868"},{"taxonomy":"product_cat","embeddable":true,"href":"https:\/\/pizbube.ch\/en\/wp-json\/wp\/v2\/product_cat?post=146868"},{"taxonomy":"product_tag","embeddable":true,"href":"https:\/\/pizbube.ch\/en\/wp-json\/wp\/v2\/product_tag?post=146868"}],"curies":[{"name":"wp","href":"https:\/\/api.w.org\/{rel}","templated":true}]}}