{"id":146873,"date":"2021-01-15T10:54:20","date_gmt":"2021-01-15T10:54:20","guid":{"rendered":"https:\/\/codengine3.ch\/?product=import-placeholder-for-200124"},"modified":"2024-03-12T17:30:06","modified_gmt":"2024-03-12T16:30:06","slug":"khumbu-himal-trekking-karte-150000-blatt-2","status":"publish","type":"product","link":"https:\/\/pizbube.ch\/en\/shop\/khumbu-himal-trekking-karte-150000-blatt-2\/","title":{"rendered":"Khumbu Himal Trekking-Karte 1:50`000, Blatt 2"},"content":{"rendered":"<p>Khumbu Himal 1:50`000<\/p>\n<p>Einzelblattkarten Ostnepal No. 2 mit H\u00f6henlinien in einer \u00c4quidistanz von 40 m<br \/>\n(1:50.000) bzw. 100 m (1:100.000), Schummerung, detaillierte Darstellung der<br \/>\nFelsen, Gletscher, Mor\u00e4nen, Wald- und kultivierten Fl\u00e4chen und Siedlungen,<br \/>\nteilweise mit Wegmarkierungen, ohne Angabe der Projektionsarten, in<br \/>\nunterschiedlichen Formaten.<\/p>\n<p>A recommended trekking map for the Khumbu region. Coverage extends from Namche<br \/>\nBazaar north to Cho Oyu, reaching west to Khumbu La and east to Makalu. Clear<br \/>\ncartography with contours at 40m intervals, relief shading and spot heights,<br \/>\nand landscape colouring to give a vivid representation of the terrain<\/p>\n<p>s \u00dcbersicht: 2 Khumbu Himal(1:50.000)<\/p>\n<p>3. revid. Auflg. 2013<\/p>","protected":false},"excerpt":{"rendered":"<p>Khumbu Himal 1:50`000 Einzelblattkarten Ostnepal No. 2 mit H\u00f6henlinien in einer \u00c4quidistanz von 40 m (1:50.000) bzw. 100 m (1:100.000), Schummerung, detaillierte Darstellung der Felsen, Gletscher, Mor\u00e4nen, Wald- und kultivierten Fl\u00e4chen und Siedlungen, teilweise mit Wegmarkierungen, ohne Angabe der Projektionsarten, in unterschiedlichen Formaten. A recommended trekking map for the Khumbu region. Coverage extends from Namche [&#8230;]\n","protected":false},"featured_media":25997,"template":"","meta":[],"product_brand":[],"product_cat":[21543],"product_tag":[],"class_list":{"0":"post-146873","1":"product","2":"type-product","3":"status-publish","4":"has-post-thumbnail","6":"product_cat-landkarten","7":"pa_autor-nepal-kartenwerk-der-arbeitsgemeinschaft-fuer-vergleichende-hochgebirgsforschung-e-v","8":"pa_erscheinungsjahr-21568","9":"pa_region-asien","10":"pa_sprache-de-en","12":"first","13":"outofstock","14":"taxable","15":"shipping-taxable","16":"purchasable","17":"product-type-simple"},"_links":{"self":[{"href":"https:\/\/pizbube.ch\/en\/wp-json\/wp\/v2\/product\/146873","targetHints":{"allow":["GET"]}}],"collection":[{"href":"https:\/\/pizbube.ch\/en\/wp-json\/wp\/v2\/product"}],"about":[{"href":"https:\/\/pizbube.ch\/en\/wp-json\/wp\/v2\/types\/product"}],"wp:featuredmedia":[{"embeddable":true,"href":"https:\/\/pizbube.ch\/en\/wp-json\/wp\/v2\/media\/25997"}],"wp:attachment":[{"href":"https:\/\/pizbube.ch\/en\/wp-json\/wp\/v2\/media?parent=146873"}],"wp:term":[{"taxonomy":"product_brand","embeddable":true,"href":"https:\/\/pizbube.ch\/en\/wp-json\/wp\/v2\/product_brand?post=146873"},{"taxonomy":"product_cat","embeddable":true,"href":"https:\/\/pizbube.ch\/en\/wp-json\/wp\/v2\/product_cat?post=146873"},{"taxonomy":"product_tag","embeddable":true,"href":"https:\/\/pizbube.ch\/en\/wp-json\/wp\/v2\/product_tag?post=146873"}],"curies":[{"name":"wp","href":"https:\/\/api.w.org\/{rel}","templated":true}]}}