{"id":146875,"date":"2021-01-15T10:54:20","date_gmt":"2021-01-15T10:54:20","guid":{"rendered":"https:\/\/codengine3.ch\/?product=import-placeholder-for-204163"},"modified":"2022-10-01T14:06:35","modified_gmt":"2022-10-01T12:06:35","slug":"rund-um-das-wildhorn-und-den-wildstrubel","status":"publish","type":"product","link":"https:\/\/pizbube.ch\/en\/shop\/rund-um-das-wildhorn-und-den-wildstrubel\/","title":{"rendered":"Rund um das Wildhorn und den Wildstrubel"},"content":{"rendered":"<p>Wildhorn und Wildstrubel sind die beiden h\u00f6chsten Gipfel der Berner Alpen<br \/>\nzwischen Gemmi- und Sanetschpass. Sie k\u00f6nnen jetzt von erfahrenen<br \/>\nBergwanderleuten in je f\u00fcnf Tagen umwandert werden. Dieser Trekkingf\u00fchrer<br \/>\nbeschreibt die einzelnen Tagesetappen beidseits der Kantonsgrenzen Bern-<br \/>\nWallis. Die Region wurde bereits in pr\u00e4historischer Zeit von Menschen<br \/>\nbegangen, wie steinzeitliche Funde aus dem Wildhorn- und Wildstrubelgebiet<br \/>\nbelegen. Zahlreiche Bilder zeigen die Vielfalt der durchwanderten Landschaft<br \/>\nund laden dazu ein, den Rucksack zu packen.<\/p>","protected":false},"excerpt":{"rendered":"<p>Wildhorn und Wildstrubel sind die beiden h\u00f6chsten Gipfel der Berner Alpen zwischen Gemmi- und Sanetschpass. Sie k\u00f6nnen jetzt von erfahrenen Bergwanderleuten in je f\u00fcnf Tagen umwandert werden. Dieser Trekkingf\u00fchrer beschreibt die einzelnen Tagesetappen beidseits der Kantonsgrenzen Bern- Wallis. Die Region wurde bereits in pr\u00e4historischer Zeit von Menschen begangen, wie steinzeitliche Funde aus dem Wildhorn- und [&#8230;]\n","protected":false},"featured_media":31938,"template":"","meta":[],"product_brand":[],"product_cat":[21605],"product_tag":[],"class_list":{"0":"post-146875","1":"product","2":"type-product","3":"status-publish","4":"has-post-thumbnail","6":"product_cat-wanderfuehrer-trekking","7":"pa_autor-zbaeren","8":"pa_erscheinungsjahr-21763","9":"pa_region-schweiz","10":"pa_sprache-de","12":"first","13":"outofstock","14":"taxable","15":"shipping-taxable","16":"purchasable","17":"product-type-simple"},"_links":{"self":[{"href":"https:\/\/pizbube.ch\/en\/wp-json\/wp\/v2\/product\/146875","targetHints":{"allow":["GET"]}}],"collection":[{"href":"https:\/\/pizbube.ch\/en\/wp-json\/wp\/v2\/product"}],"about":[{"href":"https:\/\/pizbube.ch\/en\/wp-json\/wp\/v2\/types\/product"}],"wp:featuredmedia":[{"embeddable":true,"href":"https:\/\/pizbube.ch\/en\/wp-json\/wp\/v2\/media\/31938"}],"wp:attachment":[{"href":"https:\/\/pizbube.ch\/en\/wp-json\/wp\/v2\/media?parent=146875"}],"wp:term":[{"taxonomy":"product_brand","embeddable":true,"href":"https:\/\/pizbube.ch\/en\/wp-json\/wp\/v2\/product_brand?post=146875"},{"taxonomy":"product_cat","embeddable":true,"href":"https:\/\/pizbube.ch\/en\/wp-json\/wp\/v2\/product_cat?post=146875"},{"taxonomy":"product_tag","embeddable":true,"href":"https:\/\/pizbube.ch\/en\/wp-json\/wp\/v2\/product_tag?post=146875"}],"curies":[{"name":"wp","href":"https:\/\/api.w.org\/{rel}","templated":true}]}}