{"id":146877,"date":"2021-01-15T10:54:20","date_gmt":"2021-01-15T10:54:20","guid":{"rendered":"https:\/\/codengine3.ch\/?product=import-placeholder-for-200117"},"modified":"2023-01-03T14:51:48","modified_gmt":"2023-01-03T13:51:48","slug":"gerfried-goeschl-spuren-fuer-die-ewigkeit","status":"publish","type":"product","link":"https:\/\/pizbube.ch\/en\/shop\/gerfried-goeschl-spuren-fuer-die-ewigkeit\/","title":{"rendered":"Gerfried G\u00f6schl &#8211; Spuren f\u00fcr die Ewigkeit"},"content":{"rendered":"<p>F\u00fcr den \u00f6sterreichischen Alpinismus bedeutete die Jahreswende 2011\/2012 sowohl<br \/>\neinen Hoch- als auch einen Tiefpunkt. Hochpunkt war Ende August 2011, als die<br \/>\n\u00d6ber\u00f6sterreicherin Gerlinde Kaltenbrunner als erste Frau, alle 14<br \/>\nAchttausender ohne Sauerstoffger\u00e4t bestieg. Tiefpunkt war Anfang M\u00e4rz 2012,<br \/>\nals der Steirer Gerfried G\u00f6schl bei dem Versuch, als erster Mensch einen<br \/>\nAchttausender im Winter \u00fcber eine neue Route zu besteigen und zu<br \/>\n\u00fcberschreiten, starb.<\/p>\n<p>Gerfried G\u00f6schl war eine Ausnahmeerscheinung im H\u00f6henbergsteigen \u2013 und zwar<br \/>\nnicht allein aufgrund seiner Leistungen, sondern vor allem wegen seiner<br \/>\nPers\u00f6nlichkeit und Kreativit\u00e4t. Von Beginn seiner Laufbahn als Bergsteiger<br \/>\ntrug er den pers\u00f6nlichen Nutzen und Wert des Bergsteigens nach au\u00dfen und gab<br \/>\nihn weiter: Kindern vermittelte der ausgebildete P\u00e4dagoge \u00fcber das Bergsteigen<br \/>\nSelbstvertrauen und Selbstwertgef\u00fchl. Als Expeditionsorganisator schaffte er<br \/>\nes, in dem h\u00e4ufig von Egozentrikern und Einzelk\u00e4mpfern dominierten Feld des<br \/>\nSpitzenalpinismus schlagkr\u00e4ftige Teams zu formieren, in denen jeder<br \/>\nentsprechend seiner St\u00e4rken optimal wirken konnte. Damit lieferte er ein<br \/>\nBeispiel f\u00fcr wahrhaftige F\u00fchrungsarbeit, dessen Vorbildwirkung weit \u00fcber das<br \/>\nBergsteigen hinaus reicht.<\/p>\n<p>In den zehn Jahren seiner Laufbahn als H\u00f6henbergsteiger bestieg Gerfried<br \/>\nG\u00f6schl sieben Achttausender ohne Sauerstoffger\u00e4t \u2013 darunter als f\u00fcnfter<br \/>\n\u00d6sterreicher und erster Steirer den Mount Everest (8848 m), den h\u00f6chsten Berg<br \/>\nder Welt. Unter seiner Expeditionsleitung konnten sich fast 40 Bergsteiger den<br \/>\nTraum von einem der welth\u00f6chsten Gipfel erf\u00fcllen. H\u00f6hepunkt war 2009 die<br \/>\nErstbegehung des landschaftlich gro\u00dfartigen Nordwestsporns am gef\u00fcrchteten<br \/>\nNanga Parbat (8125 m). Gerfried G\u00f6schls zu fr\u00fcher Tod beim Versuch der ersten<br \/>\nWinter\u00fcberschreitung des Hidden Peak (8080 m) im Karakorum bedeutete den<br \/>\nVerlust eines Alpinisten mit zahllosen Ideen \u2013 und dem Potential, das<br \/>\n\u00f6sterreichische H\u00f6henbergsteigen in eine neue Zukunft zu f\u00fchren.<\/p>\n<p>Spuren f\u00fcr die Ewigkeit erinnert an das facettenreiche Leben von Gerfried<br \/>\nG\u00f6schl. Neben den Highlights seiner Bergsteigerkarriere zeichnet es seinen Weg<br \/>\nvon seinem urspr\u00fcnglichen Beruf als Lehrer zum Profibergsteiger nach \u2013 einem<br \/>\noft schwierigen Balanceakt zwischen Familie, Job und Leidenschaft.<\/p>","protected":false},"excerpt":{"rendered":"<p>F\u00fcr den \u00f6sterreichischen Alpinismus bedeutete die Jahreswende 2011\/2012 sowohl einen Hoch- als auch einen Tiefpunkt. Hochpunkt war Ende August 2011, als die \u00d6ber\u00f6sterreicherin Gerlinde Kaltenbrunner als erste Frau, alle 14 Achttausender ohne Sauerstoffger\u00e4t bestieg. Tiefpunkt war Anfang M\u00e4rz 2012, als der Steirer Gerfried G\u00f6schl bei dem Versuch, als erster Mensch einen Achttausender im Winter \u00fcber [&#8230;]\n","protected":false},"featured_media":25971,"template":"","meta":[],"product_brand":[],"product_cat":[21542],"product_tag":[],"class_list":{"0":"post-146877","1":"product","2":"type-product","3":"status-publish","4":"has-post-thumbnail","6":"product_cat-sachbuecher-dokumentationen","7":"pa_autor-hemmleb-goeschl-gruenwald","8":"pa_erscheinungsjahr-21597","9":"pa_region-oesterreich","10":"pa_sprache-de","12":"first","13":"outofstock","14":"taxable","15":"shipping-taxable","16":"purchasable","17":"product-type-simple"},"_links":{"self":[{"href":"https:\/\/pizbube.ch\/en\/wp-json\/wp\/v2\/product\/146877","targetHints":{"allow":["GET"]}}],"collection":[{"href":"https:\/\/pizbube.ch\/en\/wp-json\/wp\/v2\/product"}],"about":[{"href":"https:\/\/pizbube.ch\/en\/wp-json\/wp\/v2\/types\/product"}],"wp:featuredmedia":[{"embeddable":true,"href":"https:\/\/pizbube.ch\/en\/wp-json\/wp\/v2\/media\/25971"}],"wp:attachment":[{"href":"https:\/\/pizbube.ch\/en\/wp-json\/wp\/v2\/media?parent=146877"}],"wp:term":[{"taxonomy":"product_brand","embeddable":true,"href":"https:\/\/pizbube.ch\/en\/wp-json\/wp\/v2\/product_brand?post=146877"},{"taxonomy":"product_cat","embeddable":true,"href":"https:\/\/pizbube.ch\/en\/wp-json\/wp\/v2\/product_cat?post=146877"},{"taxonomy":"product_tag","embeddable":true,"href":"https:\/\/pizbube.ch\/en\/wp-json\/wp\/v2\/product_tag?post=146877"}],"curies":[{"name":"wp","href":"https:\/\/api.w.org\/{rel}","templated":true}]}}