{"id":146878,"date":"2021-01-15T10:54:20","date_gmt":"2021-01-15T10:54:20","guid":{"rendered":"https:\/\/codengine3.ch\/?product=import-placeholder-for-208440"},"modified":"2021-01-15T17:54:04","modified_gmt":"2021-01-15T17:54:04","slug":"austria-8000","status":"publish","type":"product","link":"https:\/\/pizbube.ch\/en\/shop\/austria-8000\/","title":{"rendered":"Austria 8000"},"content":{"rendered":"<p>\u00d6sterreichische Alpinisten auf den h\u00f6chsten Gipfeln der Welt<\/p>\n<p>Ging es um die erste Besteigung der h\u00f6chsten Gipfel der Welt, waren von Anfang<br \/>\nan \u00f6sterreichische Bergsteiger ganz vorne dabei. W\u00e4hrend der<br \/>\n&#171;Eroberungszeit&#187; der 1950er- und 1960er-Jahre gelangen ihnen gleich f\u00fcnf<br \/>\nErstbesteigungen &#8211; so viele wie sonst keiner Nation. Einzigartig der<br \/>\nAlleingang von Hermann Buhl am Nanga Parbat, herausragend Herbert Tichys und<br \/>\nSepp J\u00f6chlers Geniestreich am Cho Oyu, der Erfolg von Fritz Moravec und seinem<br \/>\nTeam am Gasherbrum II, vision\u00e4r der konsequente Westalpenstil der Salzburger<br \/>\nWintersteller, Schmuck und Diemberger zusammen mit Buhl am Broad Peak und<br \/>\nlegend\u00e4r Kurt Diemberger selbst, dem &#8211; wie zuvor nur Hermann Buhl &#8211; mit Broad<br \/>\nPeak und Dhaulagiri die erste Besteigung von gleich zwei Achttausendern<br \/>\ngelang.<\/p>\n<p>Auch die Zeit der &#171;neuen Pioniere&#187; an den Achttausendern wurde von<br \/>\n\u00d6sterreichern entscheidend gepr\u00e4gt. Allen voran sei hier der Mayrhofener Peter<br \/>\nHabeler genannt, mit seiner Besteigung des Gasherbrum I im Alpinstil 1975 und<br \/>\nder Erstbesteigung des Mount Everest ohne Flaschensauerstoff 1978, beide an<br \/>\nder Seite von Reinhold Messner.<br \/>\nBis heute hinterlassen \u00d6sterreicher an den welth\u00f6chsten Bergen ihre<br \/>\nSignaturen. Es reicht von in aller Stille vollbrachten Leistungen, wie zum<br \/>\nBeispiel des Vorarlbergers Theo Fritsche (f\u00fcnf Achttausender ohne<br \/>\nFlaschensauerstoff), bis hin zum international beachteten Erfolg der<br \/>\nOber\u00f6sterreicherin Gerlinde Kaltenbrunner, die als erste Frau ohne Zuhilfnahme<br \/>\nvon Flaschensauerstoff auf allen Achttausendern stand.<br \/>\nMit sachkundigen historischen Portr\u00e4ts, spannenden Reportagen und pers\u00f6nlichen<br \/>\nGespr\u00e4chen mit den Protagonisten gelingt es dem Alpinhistoriker Jochen Hemmleb<br \/>\nein ebenso umfassendes wie nuancenreiches rotwei\u00dfrotes Gem\u00e4lde des<br \/>\nAchttausender-Bergsteigens zu zeichnen &#8211; von den Anf\u00e4ngen bis heute.<\/p>","protected":false},"excerpt":{"rendered":"<p>\u00d6sterreichische Alpinisten auf den h\u00f6chsten Gipfeln der Welt Ging es um die erste Besteigung der h\u00f6chsten Gipfel der Welt, waren von Anfang an \u00f6sterreichische Bergsteiger ganz vorne dabei. W\u00e4hrend der &#171;Eroberungszeit&#187; der 1950er- und 1960er-Jahre gelangen ihnen gleich f\u00fcnf Erstbesteigungen &#8211; so viele wie sonst keiner Nation. Einzigartig der Alleingang von Hermann Buhl am Nanga [&#8230;]\n","protected":false},"featured_media":40223,"template":"","meta":[],"product_brand":[],"product_cat":[21542],"product_tag":[],"class_list":{"0":"post-146878","1":"product","2":"type-product","3":"status-publish","4":"has-post-thumbnail","6":"product_cat-sachbuecher-dokumentationen","7":"pa_autor-hemmleb","8":"pa_erscheinungsjahr-21568","9":"pa_region-oesterreich","10":"pa_sprache-de","12":"first","13":"instock","14":"taxable","15":"shipping-taxable","16":"purchasable","17":"product-type-simple"},"_links":{"self":[{"href":"https:\/\/pizbube.ch\/en\/wp-json\/wp\/v2\/product\/146878","targetHints":{"allow":["GET"]}}],"collection":[{"href":"https:\/\/pizbube.ch\/en\/wp-json\/wp\/v2\/product"}],"about":[{"href":"https:\/\/pizbube.ch\/en\/wp-json\/wp\/v2\/types\/product"}],"wp:featuredmedia":[{"embeddable":true,"href":"https:\/\/pizbube.ch\/en\/wp-json\/wp\/v2\/media\/40223"}],"wp:attachment":[{"href":"https:\/\/pizbube.ch\/en\/wp-json\/wp\/v2\/media?parent=146878"}],"wp:term":[{"taxonomy":"product_brand","embeddable":true,"href":"https:\/\/pizbube.ch\/en\/wp-json\/wp\/v2\/product_brand?post=146878"},{"taxonomy":"product_cat","embeddable":true,"href":"https:\/\/pizbube.ch\/en\/wp-json\/wp\/v2\/product_cat?post=146878"},{"taxonomy":"product_tag","embeddable":true,"href":"https:\/\/pizbube.ch\/en\/wp-json\/wp\/v2\/product_tag?post=146878"}],"curies":[{"name":"wp","href":"https:\/\/api.w.org\/{rel}","templated":true}]}}