{"id":146881,"date":"2021-01-15T10:54:20","date_gmt":"2021-01-15T10:54:20","guid":{"rendered":"https:\/\/codengine3.ch\/?product=import-placeholder-for-200447"},"modified":"2023-11-03T12:23:24","modified_gmt":"2023-11-03T11:23:24","slug":"herausforderung-8000er","status":"publish","type":"product","link":"https:\/\/pizbube.ch\/en\/shop\/herausforderung-8000er\/","title":{"rendered":"Herausforderung 8000er"},"content":{"rendered":"<p>Die h\u00f6chsten Berge der Welt im 21. Jahrhundert \u2013 Menschen, Mythen,<br \/>\nMeilensteine<\/p>\n<p>Die Achttausender: Einem breiten Publikum gelten sie noch immer als Inbegriff<br \/>\nf\u00fcr die gr\u00f6\u00dfte Herausforderung im Bergsteigen. In den Medien dominieren<br \/>\ndagegen Schlagzeilen von Massenbesteigungen und Unf\u00e4llen gef\u00fchrter \u201eH\u00f6hen-<br \/>\nTouristen\u201c. In diesem verwirrenden Spannungsfeld liefert \u201eHerausforderung<br \/>\n8000er\u201c eine l\u00e4ngst \u00fcberf\u00e4llige Gesamtbetrachtung des alpinistischen Status<br \/>\nquo der welth\u00f6chsten Gipfel.<\/p>\n<p>Der reich bebilderte Band (Lizenzausgabe des 2012 erschienenen englischen<br \/>\nOriginaltitels: On Top of the World. The New Millennium) dokumentiert die<br \/>\nbergsteigerischen Highlights und Entwicklungen an allen 14 Achttausendern im<br \/>\nersten Jahrzehnt des 21. Jahrhunderts. Dar\u00fcber hinaus liefert das Buch<br \/>\n\u00fcberraschende neue Einblicke in die Geschichte fr\u00fcherer Besteigungen und es<br \/>\nzeigt, dass heute an den Achttausendern zwei Welten nebeneinander existieren:<br \/>\nW\u00e4hrend einige der h\u00f6chsten Berge der Welt inzwischen auch f\u00fcr<br \/>\nNormalbergsteiger erreichbar sind, findet eine Handvoll Alpinisten an ihnen<br \/>\nnoch immer Raum f\u00fcr Pionierleistungen im absoluten Grenzbereich.<\/p>\n<p>Hardcover<br \/>\n272 Seiten; 213 farb. und 94 sw Abb.; 29 cm x 24 cm<\/p>","protected":false},"excerpt":{"rendered":"<p>Die h\u00f6chsten Berge der Welt im 21. Jahrhundert \u2013 Menschen, Mythen, Meilensteine Die Achttausender: Einem breiten Publikum gelten sie noch immer als Inbegriff f\u00fcr die gr\u00f6\u00dfte Herausforderung im Bergsteigen. In den Medien dominieren dagegen Schlagzeilen von Massenbesteigungen und Unf\u00e4llen gef\u00fchrter \u201eH\u00f6hen- Touristen\u201c. In diesem verwirrenden Spannungsfeld liefert \u201eHerausforderung 8000er\u201c eine l\u00e4ngst \u00fcberf\u00e4llige Gesamtbetrachtung des alpinistischen [&#8230;]\n","protected":false},"featured_media":170221,"template":"","meta":[],"product_brand":[],"product_cat":[21542],"product_tag":[],"class_list":{"0":"post-146881","1":"product","2":"type-product","3":"status-publish","4":"has-post-thumbnail","6":"product_cat-sachbuecher-dokumentationen","7":"pa_autor-sale-jurgalski-rodway","8":"pa_erscheinungsjahr-21568","9":"pa_region-asien","10":"pa_sprache-de","12":"first","13":"instock","14":"taxable","15":"shipping-taxable","16":"purchasable","17":"product-type-simple"},"_links":{"self":[{"href":"https:\/\/pizbube.ch\/en\/wp-json\/wp\/v2\/product\/146881","targetHints":{"allow":["GET"]}}],"collection":[{"href":"https:\/\/pizbube.ch\/en\/wp-json\/wp\/v2\/product"}],"about":[{"href":"https:\/\/pizbube.ch\/en\/wp-json\/wp\/v2\/types\/product"}],"wp:featuredmedia":[{"embeddable":true,"href":"https:\/\/pizbube.ch\/en\/wp-json\/wp\/v2\/media\/170221"}],"wp:attachment":[{"href":"https:\/\/pizbube.ch\/en\/wp-json\/wp\/v2\/media?parent=146881"}],"wp:term":[{"taxonomy":"product_brand","embeddable":true,"href":"https:\/\/pizbube.ch\/en\/wp-json\/wp\/v2\/product_brand?post=146881"},{"taxonomy":"product_cat","embeddable":true,"href":"https:\/\/pizbube.ch\/en\/wp-json\/wp\/v2\/product_cat?post=146881"},{"taxonomy":"product_tag","embeddable":true,"href":"https:\/\/pizbube.ch\/en\/wp-json\/wp\/v2\/product_tag?post=146881"}],"curies":[{"name":"wp","href":"https:\/\/api.w.org\/{rel}","templated":true}]}}