{"id":146882,"date":"2021-01-15T10:54:20","date_gmt":"2021-01-15T10:54:20","guid":{"rendered":"https:\/\/codengine3.ch\/?product=import-placeholder-for-204616"},"modified":"2021-01-15T14:34:54","modified_gmt":"2021-01-15T14:34:54","slug":"im-angesicht-des-manaslu","status":"publish","type":"product","link":"https:\/\/pizbube.ch\/en\/shop\/im-angesicht-des-manaslu\/","title":{"rendered":"Im Angesicht des Manaslu"},"content":{"rendered":"<p>Speedbergsteigen in der Todeszone<\/p>\n<p>In Rekordzeit bestieg er den Manaslu, einen der h\u00f6chsten Berge der Welt. Doch<br \/>\nfreuen konnte Benedikt B\u00f6hm sich nicht: Nur wenige Tage zuvor hatte eine<br \/>\nLawine neben seinem Lager zahlreiche Todesopfer gefordert. Im Herbst 2012<br \/>\nereignete sich eines der schwersten Bergungl\u00fccke im Himalaja: Benedikt B\u00f6hm<br \/>\nplante eine Speedbegehung des Manaslu, als eine Lawine mehrere Bergsteiger<br \/>\nbegrub und er mit blo\u00dfen H\u00e4nden \u00dcberlebende aus den Schneemassen barg. Nun<br \/>\nverarbeitet er die Trag\u00f6die in einem Buch und erz\u00e4hlt, warum er wenige Tage<br \/>\ndanach trotzdem den Gipfel bestieg. R\u00fcckblickend beleuchtet er<br \/>\nSchl\u00fcsselmomente seiner Bergsteigerkarriere: von der Bezwingung des ersten<br \/>\nAchttausenders &#8211; des Gasherbrum II -, einem dramatischen \u00dcberlebenskampf am<br \/>\nBroad Peak bis hin zum Scheitern am Manaslu f\u00fcnf Jahre davor. Er schreibt \u00fcber<br \/>\nschwierige Entscheidungen, einsame Erfolge sowie Freundschaft und Rivalit\u00e4t am<br \/>\nBerg; und schildert, wie sich Expeditionen, Familie und Beruf vereinbaren<br \/>\nlassen.<\/p>\n<p>Benedikt B\u00f6hm, 1977 in M\u00fcnchen geboren, bezwingt Achttausender so<br \/>\nkompromisslos wie kaum ein anderer. Er wuchs mit f\u00fcnf Geschwistern auf und ist<br \/>\nseit seinem zehnten Lebensjahr Leistungssportler. 2003 bis 2006 war er<br \/>\nMitglied der Deutschen Nationalmannschaft im Skibergsteigen. Er hat in<br \/>\nMassachusetts und Oxford studiert und arbeitet als Gesch\u00e4ftsf\u00fchrer des<br \/>\nSkitourenausr\u00fcsters Dynafit. 2012 war er am Manaslu, als eine Lawine mehrere<br \/>\nMenschen begrub. Er half bei der Bergung der \u00dcberlebenden.<\/p>","protected":false},"excerpt":{"rendered":"<p>Speedbergsteigen in der Todeszone In Rekordzeit bestieg er den Manaslu, einen der h\u00f6chsten Berge der Welt. Doch freuen konnte Benedikt B\u00f6hm sich nicht: Nur wenige Tage zuvor hatte eine Lawine neben seinem Lager zahlreiche Todesopfer gefordert. Im Herbst 2012 ereignete sich eines der schwersten Bergungl\u00fccke im Himalaja: Benedikt B\u00f6hm plante eine Speedbegehung des Manaslu, als [&#8230;]\n","protected":false},"featured_media":32815,"template":"","meta":[],"product_brand":[],"product_cat":[21542],"product_tag":[],"class_list":{"0":"post-146882","1":"product","2":"type-product","3":"status-publish","4":"has-post-thumbnail","6":"product_cat-sachbuecher-dokumentationen","7":"pa_autor-boehm","8":"pa_erscheinungsjahr-21550","9":"pa_region-deutschland","10":"pa_sprache-de","12":"first","13":"instock","14":"taxable","15":"shipping-taxable","16":"purchasable","17":"product-type-simple"},"_links":{"self":[{"href":"https:\/\/pizbube.ch\/en\/wp-json\/wp\/v2\/product\/146882","targetHints":{"allow":["GET"]}}],"collection":[{"href":"https:\/\/pizbube.ch\/en\/wp-json\/wp\/v2\/product"}],"about":[{"href":"https:\/\/pizbube.ch\/en\/wp-json\/wp\/v2\/types\/product"}],"wp:featuredmedia":[{"embeddable":true,"href":"https:\/\/pizbube.ch\/en\/wp-json\/wp\/v2\/media\/32815"}],"wp:attachment":[{"href":"https:\/\/pizbube.ch\/en\/wp-json\/wp\/v2\/media?parent=146882"}],"wp:term":[{"taxonomy":"product_brand","embeddable":true,"href":"https:\/\/pizbube.ch\/en\/wp-json\/wp\/v2\/product_brand?post=146882"},{"taxonomy":"product_cat","embeddable":true,"href":"https:\/\/pizbube.ch\/en\/wp-json\/wp\/v2\/product_cat?post=146882"},{"taxonomy":"product_tag","embeddable":true,"href":"https:\/\/pizbube.ch\/en\/wp-json\/wp\/v2\/product_tag?post=146882"}],"curies":[{"name":"wp","href":"https:\/\/api.w.org\/{rel}","templated":true}]}}