{"id":146883,"date":"2021-01-15T10:54:20","date_gmt":"2021-01-15T10:54:20","guid":{"rendered":"https:\/\/codengine3.ch\/?product=import-placeholder-for-204791"},"modified":"2024-09-06T14:13:11","modified_gmt":"2024-09-06T12:13:11","slug":"karl-gabl-ich-habe-die-wolken-von-oben-und-unten-gesehen","status":"publish","type":"product","link":"https:\/\/pizbube.ch\/en\/shop\/karl-gabl-ich-habe-die-wolken-von-oben-und-unten-gesehen\/","title":{"rendered":"Karl Gabl &#8211; Ich habe die Wolken von oben und unten gesehen"},"content":{"rendered":"<p>Die Berge, das Wetter, mein Leben<\/p>\n<p>Die einen nennen ihn Sch\u00f6nwetterguru, die anderen ihren Sturmpropheten, und<br \/>\nkaum einer geht an den h\u00f6chsten Bergen der Welt ohne seinen Rat l\u00e4nger vors<br \/>\nZelt: Karl Gabl ist der Meteorologe, auf dessen Prognosen sich<br \/>\nExtrembergsteiger weltweit verlassen. Wer aber steckt hinter dem bekannten<br \/>\nWettergesicht?<\/p>\n<p>Mit diesem Buch steht Karl Gabl endlich erstmals selbst im Mittelpunkt des<br \/>\nInteresses. Humorvoll und hintergr\u00fcndig, kurzweilig und geistreich erz\u00e4hlt er<br \/>\naus seinem Leben, das ihn als Bergsteiger auf fast f\u00fcnfzig Gipfel \u00fcber 5000<br \/>\nMeter gef\u00fchrt hat, und das ihn als Meteorologe noch immer bei spektakul\u00e4ren<br \/>\nErstbegehungen auf der ganzen Welt hautnah dabei sein l\u00e4sst. Gabl erinnert<br \/>\nsich an die Streiche seiner Kindheit in Sankt Anton und an die pr\u00e4gende Zeit<br \/>\nim Jesuiten-Internat Stella Matutina in Feldkirch. Er berichtet \u00fcber seine<br \/>\nbergsteigerischen Anf\u00e4nge und von seinen Touren im Hindukusch, im Himalaja und<br \/>\nin den Anden.<\/p>\n<p>Nat\u00fcrlich gibt Gabl auch Einblicke in seine Arbeit als Wetterberater. Er<br \/>\nschildert, weshalb er bis heute nach Erkl\u00e4rungen f\u00fcr das Verschwinden von<br \/>\nGerfried G\u00f6schl am Gasherbrum I sucht, beschreibt, wie er mit Gerlinde<br \/>\nKaltenbrunner am K2 mitgefiebert hat, und erz\u00e4hlt von den<br \/>\nWintererstbesteigungen, bei denen er Simone Moro begleitet hat. Erg\u00e4nzt werden<br \/>\nKarl Gabls Ausf\u00fchrungen durch kurze Eindr\u00fccke von Wegbegleitern: Neben<br \/>\nGerlinde Kaltenbrunner und Hansj\u00f6rg Auer kommen auch Huber-Bua Thomas Huber,<br \/>\nExtremskifahrer Axel Naglich und viele andere zu Wort.<\/p>","protected":false},"excerpt":{"rendered":"<p>Die Berge, das Wetter, mein Leben Die einen nennen ihn Sch\u00f6nwetterguru, die anderen ihren Sturmpropheten, und kaum einer geht an den h\u00f6chsten Bergen der Welt ohne seinen Rat l\u00e4nger vors Zelt: Karl Gabl ist der Meteorologe, auf dessen Prognosen sich Extrembergsteiger weltweit verlassen. Wer aber steckt hinter dem bekannten Wettergesicht? Mit diesem Buch steht Karl [&#8230;]\n","protected":false},"featured_media":174783,"template":"","meta":[],"product_brand":[],"product_cat":[21542],"product_tag":[],"class_list":{"0":"post-146883","1":"product","2":"type-product","3":"status-publish","4":"has-post-thumbnail","6":"product_cat-sachbuecher-dokumentationen","7":"pa_autor-gabl","8":"pa_erscheinungsjahr-21571","9":"pa_region-oesterreich","10":"pa_sprache-de","12":"first","13":"onbackorder","14":"taxable","15":"shipping-taxable","16":"purchasable","17":"product-type-simple"},"_links":{"self":[{"href":"https:\/\/pizbube.ch\/en\/wp-json\/wp\/v2\/product\/146883","targetHints":{"allow":["GET"]}}],"collection":[{"href":"https:\/\/pizbube.ch\/en\/wp-json\/wp\/v2\/product"}],"about":[{"href":"https:\/\/pizbube.ch\/en\/wp-json\/wp\/v2\/types\/product"}],"wp:featuredmedia":[{"embeddable":true,"href":"https:\/\/pizbube.ch\/en\/wp-json\/wp\/v2\/media\/174783"}],"wp:attachment":[{"href":"https:\/\/pizbube.ch\/en\/wp-json\/wp\/v2\/media?parent=146883"}],"wp:term":[{"taxonomy":"product_brand","embeddable":true,"href":"https:\/\/pizbube.ch\/en\/wp-json\/wp\/v2\/product_brand?post=146883"},{"taxonomy":"product_cat","embeddable":true,"href":"https:\/\/pizbube.ch\/en\/wp-json\/wp\/v2\/product_cat?post=146883"},{"taxonomy":"product_tag","embeddable":true,"href":"https:\/\/pizbube.ch\/en\/wp-json\/wp\/v2\/product_tag?post=146883"}],"curies":[{"name":"wp","href":"https:\/\/api.w.org\/{rel}","templated":true}]}}