{"id":146884,"date":"2021-01-15T10:54:20","date_gmt":"2021-01-15T10:54:20","guid":{"rendered":"https:\/\/codengine3.ch\/?product=import-placeholder-for-207337"},"modified":"2021-01-15T16:02:10","modified_gmt":"2021-01-15T16:02:10","slug":"auch-ganz-oben-bist-du-nicht-allein","status":"publish","type":"product","link":"https:\/\/pizbube.ch\/en\/shop\/auch-ganz-oben-bist-du-nicht-allein\/","title":{"rendered":"Auch ganz oben bist du nicht allein"},"content":{"rendered":"<p>Warum folgt man lieber einem Leader als einem Boss? Was entscheidet letztlich<br \/>\nan den h\u00f6chsten Bergen der Welt \u00fcber Gipfelerfolg oder vorzeitigem R\u00fcckzug?<br \/>\nWie wird ein starkes Team zusammengestellt und gef\u00fchrt?<\/p>\n<p>Fragen, auf die der Vorarlberger H\u00f6henbergsteiger Theo Fritsche Antworten<br \/>\nsucht und auch findet. Seine Erkenntnis spiegelt sich in drei W\u00f6rtern wieder:<br \/>\nMenschlichkeit hat Zukunft. Wer andere respektiert und achtet, der erh\u00e4lt<br \/>\nAkzeptanz und Freundlichkeit zur\u00fcck, der gewinnt Teamkameraden f\u00fcr die<br \/>\nn\u00e4chsten Unternehmungen.<\/p>\n<p>Fritsche nimmt uns mit auf eine besondere Reise durch die Berge seines Lebens.<br \/>\nUnter anderem stand er auf dem Mount Everest und meisterte den \u201esecond step\u201c<br \/>\nohne zus\u00e4tzlichen Sauerstoff \u201efree solo\u201c. Doch nicht nur Gipfel: In Nepal<br \/>\norganisiert und finanziert Fritsche seit rund 20 Jahren Schul- wie<br \/>\nHilfsprojekte. So gew\u00e4hrt er Einblicke in seine Leistungen auf und neben den<br \/>\nBergen, aber noch viel mehr, er l\u00e4sst uns teilhaben an seinen Gedanken f\u00fcr<br \/>\neine gl\u00fccklichere, gerechtere und sch\u00f6nere Welt.<\/p>\n<p>MIT BEITR\u00c4GEN VON GERLINDE KALTENBRUNNER, HANS KAMMERLANDER, OSWALD OELZ<\/p>\n<p>216 Seiten; 17 x 24 cm, Hardcover, reich bebildert<\/p>","protected":false},"excerpt":{"rendered":"<p>Warum folgt man lieber einem Leader als einem Boss? Was entscheidet letztlich an den h\u00f6chsten Bergen der Welt \u00fcber Gipfelerfolg oder vorzeitigem R\u00fcckzug? Wie wird ein starkes Team zusammengestellt und gef\u00fchrt? Fragen, auf die der Vorarlberger H\u00f6henbergsteiger Theo Fritsche Antworten sucht und auch findet. Seine Erkenntnis spiegelt sich in drei W\u00f6rtern wieder: Menschlichkeit hat Zukunft. [&#8230;]\n","protected":false},"featured_media":37159,"template":"","meta":[],"product_brand":[],"product_cat":[21542],"product_tag":[],"class_list":{"0":"post-146884","1":"product","2":"type-product","3":"status-publish","4":"has-post-thumbnail","6":"product_cat-sachbuecher-dokumentationen","7":"pa_autor-fritsche","8":"pa_erscheinungsjahr-21574","9":"pa_region-oesterreich","10":"pa_sprache-de","12":"first","13":"instock","14":"taxable","15":"shipping-taxable","16":"purchasable","17":"product-type-simple"},"_links":{"self":[{"href":"https:\/\/pizbube.ch\/en\/wp-json\/wp\/v2\/product\/146884","targetHints":{"allow":["GET"]}}],"collection":[{"href":"https:\/\/pizbube.ch\/en\/wp-json\/wp\/v2\/product"}],"about":[{"href":"https:\/\/pizbube.ch\/en\/wp-json\/wp\/v2\/types\/product"}],"wp:featuredmedia":[{"embeddable":true,"href":"https:\/\/pizbube.ch\/en\/wp-json\/wp\/v2\/media\/37159"}],"wp:attachment":[{"href":"https:\/\/pizbube.ch\/en\/wp-json\/wp\/v2\/media?parent=146884"}],"wp:term":[{"taxonomy":"product_brand","embeddable":true,"href":"https:\/\/pizbube.ch\/en\/wp-json\/wp\/v2\/product_brand?post=146884"},{"taxonomy":"product_cat","embeddable":true,"href":"https:\/\/pizbube.ch\/en\/wp-json\/wp\/v2\/product_cat?post=146884"},{"taxonomy":"product_tag","embeddable":true,"href":"https:\/\/pizbube.ch\/en\/wp-json\/wp\/v2\/product_tag?post=146884"}],"curies":[{"name":"wp","href":"https:\/\/api.w.org\/{rel}","templated":true}]}}