{"id":146885,"date":"2021-01-15T10:54:20","date_gmt":"2021-01-15T10:54:20","guid":{"rendered":"https:\/\/codengine3.ch\/?product=import-placeholder-for-207505"},"modified":"2022-12-20T09:23:22","modified_gmt":"2022-12-20T08:23:22","slug":"griffig","status":"publish","type":"product","link":"https:\/\/pizbube.ch\/en\/shop\/griffig\/","title":{"rendered":"Griffig"},"content":{"rendered":"<p>GRIFFIG, Edi Koblm\u00fcller. Alpingeschichte: seine besten Kolumnen aus dem<br \/>\nMagazin LAND DER BERGE<\/p>\n<p>Edi Koblm\u00fcller (1946\u20132015), Achttausender-Pionier und Urgestein der \u201ewilden\u201c<br \/>\nBergsteigerzeit, verfasste f\u00fcr das \u00f6sterreichische Outdoormagazin LAND DER<br \/>\nBERGE fast 25 Jahre lang die Alpinkolumne GRIFFIG. In unerreicht<br \/>\nscharfz\u00fcngiger, ironischer, oft witziger Weise analysierte er die Str\u00f6mungen,<br \/>\nTrends und (Fehl-)Entwicklungen des Alpinismus.<\/p>\n<p>Es gab kein brennendes Thema, an dem Edi Koblm\u00fcller in seinen legend\u00e4ren<br \/>\nKolumnen vor\u00fcberging, kein hei\u00dfes Eisen, das er nicht anfasste, keine<br \/>\nhervorragende Leistung und Pers\u00f6nlichkeit, die er nicht w\u00fcrdigte, aber auch<br \/>\nkeinen Missstand, den er nicht in seiner bekannt scharfz\u00fcngigen Weise<br \/>\nanprangerte \u2013 sein breiter Blickwinkel erfasste den Alpinismus in seiner<br \/>\nGesamtheit.<\/p>\n<p>Mit einem unglaublichen Gesp\u00fcr f\u00fcr Trends und Str\u00f6mungen traf Edi stets den<br \/>\nNerv der alpinen Zeit, sprach aus, was niemand auszusprechen wagte, und<br \/>\nscheute sich auch nicht, zu diesem oder jenem unbequemen Thema Stellung zu<br \/>\nbeziehen oder sich mit einem scheinbar \u00fcberm\u00e4chtigen Gegner anzulegen. In<br \/>\nseinem vorletzten GRIFFIG etwa nahm er die Jagdlobby ins Visier, um f\u00fcr mehr<br \/>\nWegefreiheit f\u00fcr Mountainbiker zu k\u00e4mpfen. In seiner allerletzten Kolumne<br \/>\nengagierte er sich f\u00fcr den Erhalt des Naturgebietes Warscheneck, das Gefahr<br \/>\nlief, mit einer U-Bahn f\u00fcr Skifahrer durchl\u00f6chert zu werden.<\/p>\n<p>Aneinandergereiht ergeben die Artikel des \u201eBergspechts mit dem scharfen<br \/>\nSchnabel\u201c<br \/>\neine komplette Chronik des Alpinismus der letzten Jahrzehnte.<br \/>\nDas \u201egriffige\u201c Best-of seiner Kolumnen sorgt f\u00fcr einen besonderen Lesegenuss \u2013<br \/>\nnicht nur f\u00fcr Bergfreunde.<\/p>\n<p>Hardcover, 288 Seiten, davon 30 Seiten bebildert<\/p>","protected":false},"excerpt":{"rendered":"<p>GRIFFIG, Edi Koblm\u00fcller. Alpingeschichte: seine besten Kolumnen aus dem Magazin LAND DER BERGE Edi Koblm\u00fcller (1946\u20132015), Achttausender-Pionier und Urgestein der \u201ewilden\u201c Bergsteigerzeit, verfasste f\u00fcr das \u00f6sterreichische Outdoormagazin LAND DER BERGE fast 25 Jahre lang die Alpinkolumne GRIFFIG. In unerreicht scharfz\u00fcngiger, ironischer, oft witziger Weise analysierte er die Str\u00f6mungen, Trends und (Fehl-)Entwicklungen des Alpinismus. Es gab [&#8230;]\n","protected":false},"featured_media":37676,"template":"","meta":[],"product_brand":[],"product_cat":[21542],"product_tag":[],"class_list":{"0":"post-146885","1":"product","2":"type-product","3":"status-publish","4":"has-post-thumbnail","6":"product_cat-sachbuecher-dokumentationen","7":"pa_autor-koblmueller","8":"pa_erscheinungsjahr-21597","9":"pa_region-oesterreich","10":"pa_sprache-de","12":"first","13":"onbackorder","14":"taxable","15":"shipping-taxable","16":"purchasable","17":"product-type-simple"},"_links":{"self":[{"href":"https:\/\/pizbube.ch\/en\/wp-json\/wp\/v2\/product\/146885","targetHints":{"allow":["GET"]}}],"collection":[{"href":"https:\/\/pizbube.ch\/en\/wp-json\/wp\/v2\/product"}],"about":[{"href":"https:\/\/pizbube.ch\/en\/wp-json\/wp\/v2\/types\/product"}],"wp:featuredmedia":[{"embeddable":true,"href":"https:\/\/pizbube.ch\/en\/wp-json\/wp\/v2\/media\/37676"}],"wp:attachment":[{"href":"https:\/\/pizbube.ch\/en\/wp-json\/wp\/v2\/media?parent=146885"}],"wp:term":[{"taxonomy":"product_brand","embeddable":true,"href":"https:\/\/pizbube.ch\/en\/wp-json\/wp\/v2\/product_brand?post=146885"},{"taxonomy":"product_cat","embeddable":true,"href":"https:\/\/pizbube.ch\/en\/wp-json\/wp\/v2\/product_cat?post=146885"},{"taxonomy":"product_tag","embeddable":true,"href":"https:\/\/pizbube.ch\/en\/wp-json\/wp\/v2\/product_tag?post=146885"}],"curies":[{"name":"wp","href":"https:\/\/api.w.org\/{rel}","templated":true}]}}