{"id":146886,"date":"2021-01-15T10:54:20","date_gmt":"2021-01-15T10:54:20","guid":{"rendered":"https:\/\/codengine3.ch\/?product=import-placeholder-for-200118"},"modified":"2021-08-10T17:30:28","modified_gmt":"2021-08-10T15:30:28","slug":"ich-werde-das-land-durchwandern-das-du-bist","status":"publish","type":"product","link":"https:\/\/pizbube.ch\/en\/shop\/ich-werde-das-land-durchwandern-das-du-bist\/","title":{"rendered":"Ich werde das Land durchwandern, das Du bist"},"content":{"rendered":"<p>Briefwechsel 1942\u20131979<br \/>\nAus dem Franz\u00f6sischen von Lis K\u00fcnzli<\/p>\n<p>Corinna Bille und Maurice Chappaz waren ein Liebespaar, ein Schriftstellerpaar<br \/>\nund sp\u00e4ter Eltern von drei Kindern. Um sich je ein eigenes Leben zu bewahren,<br \/>\nentschieden sie sich f\u00fcr die N\u00e4he auf Distanz, wohnten meist getrennt oder<br \/>\nwaren viel auf Reisen. Diesem Umstand verdanken wir einen so umfassenden wie<br \/>\nfaszinierenden Briefwechsel, fast vom Tag ihrer ersten Begegnung 1942 an bis<br \/>\nzum Tod von Corinna Bille im Jahr 1979, der nun erstmals auf Deutsch<br \/>\nerscheint.<\/p>\n<p>Wir lesen ber\u00fchrende, z\u00e4rtliche Liebesbotschaften wie auch Zeilen<br \/>\ngegenseitiger Entt\u00e4uschung, und wir verfolgen den intensiven Austausch zur<br \/>\nEntstehung zweier Lebenswerke, die damit verbundenen Krisen, das Ringen um den<br \/>\nzum Schreiben unabdingbaren Freiraum inmitten von Familie, finanzieller<br \/>\nBedr\u00e4ngnis und t\u00e4glichen Sorgen.<\/p>\n<p>Und wenn etwa der Grenzsoldat Maurice Chappaz den Dienstalltag beschreibt und<br \/>\nCorinna Bille die Schwierigkeiten, f\u00fcr ihr zu Beginn verheimlichtes Kind zu<br \/>\nsorgen, werden auch die zeitlichen Umst\u00e4nde greifbar, wie hier die<br \/>\nAuswirkungen des Kriegs in der Schweiz, was aus dem Schriftsteller-<br \/>\nBriefwechsel zudem ein besonderes Zeitdokument macht.<\/p>\n<p>432 Seiten, Gebunden<br \/>\n1. Auflage; Mit 32 Seiten Fotografien und Faksimiles<\/p>","protected":false},"excerpt":{"rendered":"<p>Briefwechsel 1942\u20131979 Aus dem Franz\u00f6sischen von Lis K\u00fcnzli Corinna Bille und Maurice Chappaz waren ein Liebespaar, ein Schriftstellerpaar und sp\u00e4ter Eltern von drei Kindern. Um sich je ein eigenes Leben zu bewahren, entschieden sie sich f\u00fcr die N\u00e4he auf Distanz, wohnten meist getrennt oder waren viel auf Reisen. Diesem Umstand verdanken wir einen so umfassenden [&#8230;]\n","protected":false},"featured_media":25972,"template":"","meta":[],"product_brand":[],"product_cat":[21629],"product_tag":[],"class_list":{"0":"post-146886","1":"product","2":"type-product","3":"status-publish","4":"has-post-thumbnail","6":"product_cat-belletristik","7":"pa_autor-bille-chappaz","8":"pa_erscheinungsjahr-21586","9":"pa_region-schweiz","10":"pa_sprache-de","12":"first","13":"instock","14":"taxable","15":"shipping-taxable","16":"purchasable","17":"product-type-simple"},"_links":{"self":[{"href":"https:\/\/pizbube.ch\/en\/wp-json\/wp\/v2\/product\/146886","targetHints":{"allow":["GET"]}}],"collection":[{"href":"https:\/\/pizbube.ch\/en\/wp-json\/wp\/v2\/product"}],"about":[{"href":"https:\/\/pizbube.ch\/en\/wp-json\/wp\/v2\/types\/product"}],"wp:featuredmedia":[{"embeddable":true,"href":"https:\/\/pizbube.ch\/en\/wp-json\/wp\/v2\/media\/25972"}],"wp:attachment":[{"href":"https:\/\/pizbube.ch\/en\/wp-json\/wp\/v2\/media?parent=146886"}],"wp:term":[{"taxonomy":"product_brand","embeddable":true,"href":"https:\/\/pizbube.ch\/en\/wp-json\/wp\/v2\/product_brand?post=146886"},{"taxonomy":"product_cat","embeddable":true,"href":"https:\/\/pizbube.ch\/en\/wp-json\/wp\/v2\/product_cat?post=146886"},{"taxonomy":"product_tag","embeddable":true,"href":"https:\/\/pizbube.ch\/en\/wp-json\/wp\/v2\/product_tag?post=146886"}],"curies":[{"name":"wp","href":"https:\/\/api.w.org\/{rel}","templated":true}]}}