{"id":146887,"date":"2021-01-15T10:54:21","date_gmt":"2021-01-15T10:54:21","guid":{"rendered":"https:\/\/codengine3.ch\/?product=import-placeholder-for-201328"},"modified":"2024-07-02T10:24:33","modified_gmt":"2024-07-02T08:24:33","slug":"die-zuhaelter-des-ewigen-schnees","status":"publish","type":"product","link":"https:\/\/pizbube.ch\/en\/shop\/die-zuhaelter-des-ewigen-schnees\/","title":{"rendered":"Die Zuh\u00e4lter des ewigen Schnees"},"content":{"rendered":"<p>Ein Pamphlet des aufm\u00fcpfigen Walliser Schriftstellers<\/p>\n<p>Eitel Freude gab es nicht im Wallis, als Maurice Chappaz, der renommierteste<br \/>\nDichter des Kantons, 1985 endlich den Staatspreis bekam \u2013 ausdr\u00fccklich nicht<br \/>\nnur f\u00fcr seine literarischen Qualit\u00e4ten, sondern auch f\u00fcr seine \u00abwertvollen<br \/>\nWarnungen\u00bb.<\/p>\n<p>Neun Jahre zuvor, als er sein Pamphlet \u00abDie Zuh\u00e4lter des ewigen Schnees\u00bb<br \/>\nver\u00f6ffentlicht hatte, galt der Autor im Wallis noch als \u00abrote Gefahr\u00bb. \u00abMit<br \/>\nhysterischem Hass reagierten die Ausverk\u00e4ufer und Zerst\u00f6rer des Wallis auf die<br \/>\nKampfansage des Dichters.\u00bb (Tages-Anzeiger)<\/p>","protected":false},"excerpt":{"rendered":"<p>Ein Pamphlet des aufm\u00fcpfigen Walliser Schriftstellers Eitel Freude gab es nicht im Wallis, als Maurice Chappaz, der renommierteste Dichter des Kantons, 1985 endlich den Staatspreis bekam \u2013 ausdr\u00fccklich nicht nur f\u00fcr seine literarischen Qualit\u00e4ten, sondern auch f\u00fcr seine \u00abwertvollen Warnungen\u00bb. Neun Jahre zuvor, als er sein Pamphlet \u00abDie Zuh\u00e4lter des ewigen Schnees\u00bb ver\u00f6ffentlicht hatte, galt [&#8230;]\n","protected":false},"featured_media":35880,"template":"","meta":[],"product_brand":[],"product_cat":[21629],"product_tag":[],"class_list":{"0":"post-146887","1":"product","2":"type-product","3":"status-publish","4":"has-post-thumbnail","6":"product_cat-belletristik","7":"pa_autor-chappaz","8":"pa_erscheinungsjahr-22698","9":"pa_region-schweiz","10":"pa_sprache-de","12":"first","13":"outofstock","14":"taxable","15":"shipping-taxable","16":"purchasable","17":"product-type-simple"},"_links":{"self":[{"href":"https:\/\/pizbube.ch\/en\/wp-json\/wp\/v2\/product\/146887","targetHints":{"allow":["GET"]}}],"collection":[{"href":"https:\/\/pizbube.ch\/en\/wp-json\/wp\/v2\/product"}],"about":[{"href":"https:\/\/pizbube.ch\/en\/wp-json\/wp\/v2\/types\/product"}],"wp:featuredmedia":[{"embeddable":true,"href":"https:\/\/pizbube.ch\/en\/wp-json\/wp\/v2\/media\/35880"}],"wp:attachment":[{"href":"https:\/\/pizbube.ch\/en\/wp-json\/wp\/v2\/media?parent=146887"}],"wp:term":[{"taxonomy":"product_brand","embeddable":true,"href":"https:\/\/pizbube.ch\/en\/wp-json\/wp\/v2\/product_brand?post=146887"},{"taxonomy":"product_cat","embeddable":true,"href":"https:\/\/pizbube.ch\/en\/wp-json\/wp\/v2\/product_cat?post=146887"},{"taxonomy":"product_tag","embeddable":true,"href":"https:\/\/pizbube.ch\/en\/wp-json\/wp\/v2\/product_tag?post=146887"}],"curies":[{"name":"wp","href":"https:\/\/api.w.org\/{rel}","templated":true}]}}