{"id":146888,"date":"2021-01-15T10:54:21","date_gmt":"2021-01-15T10:54:21","guid":{"rendered":"https:\/\/codengine3.ch\/?product=import-placeholder-for-206660"},"modified":"2021-01-15T14:50:36","modified_gmt":"2021-01-15T14:50:36","slug":"von-der-rhone-an-die-maggia","status":"publish","type":"product","link":"https:\/\/pizbube.ch\/en\/shop\/von-der-rhone-an-die-maggia\/","title":{"rendered":"Von der Rhone an die Maggia"},"content":{"rendered":"<p>&#8218;Ich m\u00f6chte so gern einmal eine gro\u00dfe Wanderung mit Dir unternehmen. Bin dann<br \/>\neinverstanden mit allen Strapazen, auch mit dem Armsein. Machst Du mir dieses<br \/>\nGeschenk, sag, Maurice?&#8216;  <\/p>\n<p>Vom Gl\u00fcck des Unterwegsseins<br \/>\nIm August 1954 hat Corinna Bille mit ihrem Mann Maurice Chappaz und dem<br \/>\nzehnj\u00e4hrigen Sohn Blaise eine Wanderung von der Rhone an die Maggia<br \/>\nunternommen \u2013 und sie zu einem literarischen Bijou verarbeitet.<br \/>\nAufbrechend im Wallis \u00fcberschreiten die Wanderer w\u00e4hrend ihrer Reise auf den<br \/>\nSpuren der Walliser Auswanderer und zu den Walser Siedlungen drei P\u00e4sse,<br \/>\ndurchqueren das norditalienische Val Formazza und gelangen nach f\u00fcnf Tagen<br \/>\nschlie\u00dflich in das im Tessin liegende und dennoch walliserische Dorf Bosco<br \/>\nGurin.  <\/p>\n<p>Durch Corinna Billes poetische Beschreibungen erscheinen vor unse\u00adrem inneren<br \/>\nAuge die Rhone in Fiesch, das herrschaftliche Dorf Ernen, Binn und die<br \/>\nKristalle im Binntal, die alten Passwege, die atem\u00adberaubende Aussicht auf<br \/>\nT\u00e4ler und Seen. Wir erfahren von den M\u00fchen des Auf- und des Abstiegs, aber<br \/>\nauch von den Gl\u00fccksgef\u00fchlen beim Zubereiten der Mahlzeit im Freien, dem<br \/>\n\u00dcbernachten bei Hirten und Bauern. Und dem Unterwegssein in der<br \/>\nAbgeschiedenheit: &#8218;Das Tessin! Wir hatten zwei Grenzen \u00fcberschritten, ohne<br \/>\neinem einzigen Z\u00f6llner zu begegnen.&#8216;  <\/p>\n<p>Der Anhang von Andreas Weissen bietet detaillierte Angaben zur heutigen Route,<br \/>\nVorschl\u00e4ge f\u00fcr Tagesetappen und \u00dcbernachtungsm\u00f6glichkeiten.  <\/p>","protected":false},"excerpt":{"rendered":"<p>&#8218;Ich m\u00f6chte so gern einmal eine gro\u00dfe Wanderung mit Dir unternehmen. Bin dann einverstanden mit allen Strapazen, auch mit dem Armsein. Machst Du mir dieses Geschenk, sag, Maurice?&#8216; Vom Gl\u00fcck des Unterwegsseins Im August 1954 hat Corinna Bille mit ihrem Mann Maurice Chappaz und dem zehnj\u00e4hrigen Sohn Blaise eine Wanderung von der Rhone an die [&#8230;]\n","protected":false},"featured_media":35765,"template":"","meta":[],"product_brand":[],"product_cat":[21629],"product_tag":[],"class_list":{"0":"post-146888","1":"product","2":"type-product","3":"status-publish","4":"has-post-thumbnail","6":"product_cat-belletristik","7":"pa_autor-bille","8":"pa_erscheinungsjahr-21610","9":"pa_region-schweiz","10":"pa_sprache-de","12":"first","13":"instock","14":"taxable","15":"shipping-taxable","16":"purchasable","17":"product-type-simple"},"_links":{"self":[{"href":"https:\/\/pizbube.ch\/en\/wp-json\/wp\/v2\/product\/146888","targetHints":{"allow":["GET"]}}],"collection":[{"href":"https:\/\/pizbube.ch\/en\/wp-json\/wp\/v2\/product"}],"about":[{"href":"https:\/\/pizbube.ch\/en\/wp-json\/wp\/v2\/types\/product"}],"wp:featuredmedia":[{"embeddable":true,"href":"https:\/\/pizbube.ch\/en\/wp-json\/wp\/v2\/media\/35765"}],"wp:attachment":[{"href":"https:\/\/pizbube.ch\/en\/wp-json\/wp\/v2\/media?parent=146888"}],"wp:term":[{"taxonomy":"product_brand","embeddable":true,"href":"https:\/\/pizbube.ch\/en\/wp-json\/wp\/v2\/product_brand?post=146888"},{"taxonomy":"product_cat","embeddable":true,"href":"https:\/\/pizbube.ch\/en\/wp-json\/wp\/v2\/product_cat?post=146888"},{"taxonomy":"product_tag","embeddable":true,"href":"https:\/\/pizbube.ch\/en\/wp-json\/wp\/v2\/product_tag?post=146888"}],"curies":[{"name":"wp","href":"https:\/\/api.w.org\/{rel}","templated":true}]}}