{"id":146889,"date":"2021-01-15T10:54:21","date_gmt":"2021-01-15T10:54:21","guid":{"rendered":"https:\/\/codengine3.ch\/?product=import-placeholder-for-204055"},"modified":"2021-06-24T11:26:29","modified_gmt":"2021-06-24T09:26:29","slug":"dies-land-ist-masslos-und-ist-sanft","status":"publish","type":"product","link":"https:\/\/pizbube.ch\/en\/shop\/dies-land-ist-masslos-und-ist-sanft\/","title":{"rendered":"Dies Land ist masslos und ist sanft"},"content":{"rendered":"<p>Literatur und Landschaft im Wallis: ein Wanderbuch zum Lesen und ein Lesebuch<br \/>\nzum Wandern. Die Literatur des Wallis ist so ma\u00dflos und sanft wie das Land<br \/>\nselbst. Darum lohnt es sich, auf literarischen Spuren durch das Land der<br \/>\nNatursch\u00f6nheiten und der verschandelten D\u00f6rfer zu wandern.<\/p>\n<p>\u00dcberraschende soziale und wirtschaftliche Einblicke in den Kanton der<br \/>\nQuersch\u00e4del, bedroht und doch gerettet, erlauben vor allem die Autoren, die<br \/>\ndas Wallis selbst hervorgebracht hat: Maurice Chappaz, Corinna Bille und<br \/>\nPierre Imhasly. Doch auch Lust und Leichtigkeit kommen nicht zu kurz. So haben<br \/>\nsich Comic-Zeichner und Groschenromanschreiber vom Wallis ebenso inspirieren<br \/>\nlassen.<\/p>\n<p>Jede Wanderung wird erg\u00e4nzt durch detaillierte Routenbeschreibungen sowie<br \/>\n\u00dcbernachtungs-, Ess- und andere Tipps.<\/p>","protected":false},"excerpt":{"rendered":"<p>Literatur und Landschaft im Wallis: ein Wanderbuch zum Lesen und ein Lesebuch zum Wandern. Die Literatur des Wallis ist so ma\u00dflos und sanft wie das Land selbst. Darum lohnt es sich, auf literarischen Spuren durch das Land der Natursch\u00f6nheiten und der verschandelten D\u00f6rfer zu wandern. \u00dcberraschende soziale und wirtschaftliche Einblicke in den Kanton der Quersch\u00e4del, [&#8230;]\n","protected":false},"featured_media":31793,"template":"","meta":[],"product_brand":[],"product_cat":[21605],"product_tag":[],"class_list":{"0":"post-146889","1":"product","2":"type-product","3":"status-publish","4":"has-post-thumbnail","6":"product_cat-wanderfuehrer-trekking","7":"pa_autor-ganz-strebel","8":"pa_erscheinungsjahr-21763","9":"pa_region-schweiz","10":"pa_sprache-de","12":"first","13":"outofstock","14":"taxable","15":"shipping-taxable","16":"purchasable","17":"product-type-simple"},"_links":{"self":[{"href":"https:\/\/pizbube.ch\/en\/wp-json\/wp\/v2\/product\/146889","targetHints":{"allow":["GET"]}}],"collection":[{"href":"https:\/\/pizbube.ch\/en\/wp-json\/wp\/v2\/product"}],"about":[{"href":"https:\/\/pizbube.ch\/en\/wp-json\/wp\/v2\/types\/product"}],"wp:featuredmedia":[{"embeddable":true,"href":"https:\/\/pizbube.ch\/en\/wp-json\/wp\/v2\/media\/31793"}],"wp:attachment":[{"href":"https:\/\/pizbube.ch\/en\/wp-json\/wp\/v2\/media?parent=146889"}],"wp:term":[{"taxonomy":"product_brand","embeddable":true,"href":"https:\/\/pizbube.ch\/en\/wp-json\/wp\/v2\/product_brand?post=146889"},{"taxonomy":"product_cat","embeddable":true,"href":"https:\/\/pizbube.ch\/en\/wp-json\/wp\/v2\/product_cat?post=146889"},{"taxonomy":"product_tag","embeddable":true,"href":"https:\/\/pizbube.ch\/en\/wp-json\/wp\/v2\/product_tag?post=146889"}],"curies":[{"name":"wp","href":"https:\/\/api.w.org\/{rel}","templated":true}]}}