{"id":146890,"date":"2021-01-15T10:54:21","date_gmt":"2021-01-15T10:54:21","guid":{"rendered":"https:\/\/codengine3.ch\/?product=import-placeholder-for-207150"},"modified":"2021-01-15T14:55:37","modified_gmt":"2021-01-15T14:55:37","slug":"dunkle-waelder","status":"publish","type":"product","link":"https:\/\/pizbube.ch\/en\/shop\/dunkle-waelder\/","title":{"rendered":"Dunkle W\u00e4lder"},"content":{"rendered":"<p>\nBlanca, eine Frau um die f\u00fcnfzig, verbringt den Sommer in einem Chalet in den<br \/>\nWalliser Bergen. Weit weg von den Menschen verlebt sie ihre Tage. Nur<br \/>\ngelegentlich kommt ihr Mann aus dem Tal herauf, einzig Hund und Katze sind<br \/>\nihre Begleiter. Vor ihrem Auge erstreckt sich ein dichter, dunkler Wald.<\/p>\n<p>Sie beginnt, ihn zu erkunden, mit jedem Tag taucht sie tiefer ein, verirrt<br \/>\nsich, verliert sich, verschmilzt mit der gewaltigen Natur. Dabei begegnet ihr<br \/>\nGu\u00e9rin, ein Knecht, der von Hof zu Hof wandert und sie fortan mit Geschenken<br \/>\naus dem Wald \u00fcberrascht. Diese menschliche Urgestalt, roh und zart zugleich,<br \/>\nerschreckt sie und zieht sie magisch an. &#8211; Als Blanca eines Tages tot in ihrem<br \/>\nChalet aufgefunden wird, glaubt man gleich an ein Verbrechen.  <\/p>\n<p>Von Corinna Billes letztem Roman geht die hypnotische Kraft eines Traums aus.<br \/>\nVordergr\u00fcndig erz\u00e4hlt sie von Blumen, Pilzen, B\u00e4umen &#8211; doch der Leser sp\u00fcrt,<br \/>\ndass Unheimliches, ja eine zunehmende Todesahnung dahinter lauert. Dabei lotet<br \/>\nsie die menschliche Einsamkeit zwischen nackter Angst und Momenten<br \/>\ngrenzenloser Freiheit aus und dringt in ihrer schlichten, direkten Sprache zum<br \/>\nWesentlichen vor.  <\/p>","protected":false},"excerpt":{"rendered":"<p>Blanca, eine Frau um die f\u00fcnfzig, verbringt den Sommer in einem Chalet in den Walliser Bergen. Weit weg von den Menschen verlebt sie ihre Tage. Nur gelegentlich kommt ihr Mann aus dem Tal herauf, einzig Hund und Katze sind ihre Begleiter. Vor ihrem Auge erstreckt sich ein dichter, dunkler Wald. Sie beginnt, ihn zu erkunden, [&#8230;]\n","protected":false},"featured_media":36768,"template":"","meta":[],"product_brand":[],"product_cat":[21629],"product_tag":[],"class_list":{"0":"post-146890","1":"product","2":"type-product","3":"status-publish","4":"has-post-thumbnail","6":"product_cat-belletristik","7":"pa_autor-bille","8":"pa_erscheinungsjahr-21621","9":"pa_region-schweiz","10":"pa_sprache-de","12":"first","13":"instock","14":"taxable","15":"shipping-taxable","16":"purchasable","17":"product-type-simple"},"_links":{"self":[{"href":"https:\/\/pizbube.ch\/en\/wp-json\/wp\/v2\/product\/146890","targetHints":{"allow":["GET"]}}],"collection":[{"href":"https:\/\/pizbube.ch\/en\/wp-json\/wp\/v2\/product"}],"about":[{"href":"https:\/\/pizbube.ch\/en\/wp-json\/wp\/v2\/types\/product"}],"wp:featuredmedia":[{"embeddable":true,"href":"https:\/\/pizbube.ch\/en\/wp-json\/wp\/v2\/media\/36768"}],"wp:attachment":[{"href":"https:\/\/pizbube.ch\/en\/wp-json\/wp\/v2\/media?parent=146890"}],"wp:term":[{"taxonomy":"product_brand","embeddable":true,"href":"https:\/\/pizbube.ch\/en\/wp-json\/wp\/v2\/product_brand?post=146890"},{"taxonomy":"product_cat","embeddable":true,"href":"https:\/\/pizbube.ch\/en\/wp-json\/wp\/v2\/product_cat?post=146890"},{"taxonomy":"product_tag","embeddable":true,"href":"https:\/\/pizbube.ch\/en\/wp-json\/wp\/v2\/product_tag?post=146890"}],"curies":[{"name":"wp","href":"https:\/\/api.w.org\/{rel}","templated":true}]}}