{"id":146891,"date":"2021-01-15T10:54:21","date_gmt":"2021-01-15T10:54:21","guid":{"rendered":"https:\/\/codengine3.ch\/?product=import-placeholder-for-201791"},"modified":"2024-04-02T11:57:51","modified_gmt":"2024-04-02T09:57:51","slug":"la-haute-route","status":"publish","type":"product","link":"https:\/\/pizbube.ch\/en\/shop\/la-haute-route\/","title":{"rendered":"La Haute Route"},"content":{"rendered":"<p>Maurice Chappaz, \u00e9crivain valaisan, occupe une place unique dans la<br \/>\nlitt\u00e9rature alpine. Ambitieux, son propos n&#8217;est pas tant de raconter des<br \/>\nascensions que de restituer &#8218;l&#8217;absolu du d\u00e9sert neigeux&#8216;, dire &#8218;les temp\u00eates,<br \/>\nle vertigineux cercle des cimes blanches et tous les gestes de l&#8217;homme sur la<br \/>\npiste&#8216;. Du mont Blanc au mont Rose, sa travers\u00e9e des glaciers tient du<br \/>\nparcours initiatique. Emport\u00e9 par l&#8217;ivresse de l&#8217;altitude, il capte<br \/>\nl&#8217;insaisissable, irriguant son r\u00e9cit du flot des sensations qui envahissent<br \/>\nl&#8217;alpiniste. Dans La haute route, il rassemble tout ce qui lui fut donn\u00e9<br \/>\nd&#8217;\u00e9prouver de l&#8217;oreille, de l&#8217;\u0153il, du nez, du jarret et surtout du trouble des<br \/>\nentrailles&#8230;<\/p>\n<p>Pour Maurice Chappaz, la litt\u00e9rature alpestre peut s&#8217;assimiler \u00e0 la<br \/>\nlitt\u00e9rature \u00e9rotique. Dans les caresses de la montagne, il voit une asc\u00e8se, un<br \/>\neffort qui comble, en les \u00e9puisant, la b\u00eate et l&#8217;\u00e2me. Dans la m\u00e9moire des<br \/>\nalpinistes, ces pages vont r\u00e9animer ce qu&#8217;ils auront v\u00e9cu de plus fort et de<br \/>\nplus subtil mais en donnant \u00e0 leur montagne famili\u00e8re les dimensions qu&#8217;ils<br \/>\ns&#8217;\u00e9taient content\u00e9s, souvent, de pressentir. Les autres, les gens du bas pays,<br \/>\nauront la r\u00e9v\u00e9lation de l&#8217;altitude, de m\u00eame que les terriens comprirent la mer<br \/>\nen lisant les romans de Joseph Conrad ou d&#8217;Herman Melville. La haute route a<br \/>\n\u00e9t\u00e9 publi\u00e9e pour la premi\u00e8re fois en 1974 par l&#8217;\u00e9diteur Galland.<\/p>","protected":false},"excerpt":{"rendered":"<p>Maurice Chappaz, \u00e9crivain valaisan, occupe une place unique dans la litt\u00e9rature alpine. Ambitieux, son propos n&#8217;est pas tant de raconter des ascensions que de restituer &#8218;l&#8217;absolu du d\u00e9sert neigeux&#8216;, dire &#8218;les temp\u00eates, le vertigineux cercle des cimes blanches et tous les gestes de l&#8217;homme sur la piste&#8216;. Du mont Blanc au mont Rose, sa travers\u00e9e [&#8230;]\n","protected":false},"featured_media":29178,"template":"","meta":[],"product_brand":[],"product_cat":[21629],"product_tag":[],"class_list":{"0":"post-146891","1":"product","2":"type-product","3":"status-publish","4":"has-post-thumbnail","6":"product_cat-belletristik","7":"pa_autor-chappaz","8":"pa_erscheinungsjahr-21610","9":"pa_region-schweiz","10":"pa_sprache-fr","12":"first","13":"instock","14":"taxable","15":"shipping-taxable","16":"purchasable","17":"product-type-simple"},"_links":{"self":[{"href":"https:\/\/pizbube.ch\/en\/wp-json\/wp\/v2\/product\/146891","targetHints":{"allow":["GET"]}}],"collection":[{"href":"https:\/\/pizbube.ch\/en\/wp-json\/wp\/v2\/product"}],"about":[{"href":"https:\/\/pizbube.ch\/en\/wp-json\/wp\/v2\/types\/product"}],"wp:featuredmedia":[{"embeddable":true,"href":"https:\/\/pizbube.ch\/en\/wp-json\/wp\/v2\/media\/29178"}],"wp:attachment":[{"href":"https:\/\/pizbube.ch\/en\/wp-json\/wp\/v2\/media?parent=146891"}],"wp:term":[{"taxonomy":"product_brand","embeddable":true,"href":"https:\/\/pizbube.ch\/en\/wp-json\/wp\/v2\/product_brand?post=146891"},{"taxonomy":"product_cat","embeddable":true,"href":"https:\/\/pizbube.ch\/en\/wp-json\/wp\/v2\/product_cat?post=146891"},{"taxonomy":"product_tag","embeddable":true,"href":"https:\/\/pizbube.ch\/en\/wp-json\/wp\/v2\/product_tag?post=146891"}],"curies":[{"name":"wp","href":"https:\/\/api.w.org\/{rel}","templated":true}]}}