{"id":146892,"date":"2021-01-15T10:54:21","date_gmt":"2021-01-15T10:54:21","guid":{"rendered":"https:\/\/codengine3.ch\/?product=import-placeholder-for-200119"},"modified":"2021-01-15T10:54:26","modified_gmt":"2021-01-15T10:54:26","slug":"der-rauhe-berg","status":"publish","type":"product","link":"https:\/\/pizbube.ch\/en\/shop\/der-rauhe-berg\/","title":{"rendered":"Der rauhe Berg"},"content":{"rendered":"<p>\nIn einem Land, in dem es aus dem Boden regnet, gibt es einen unheimlichen,<br \/>\nsagenumwobenen Berg. Dennoch traut sich einer in seine N\u00e4he. Am Fu\u00df des Berges<br \/>\nempf\u00e4ngt ihn ein Schild: \u00bbSieh, wenn Du kannst.\u00ab<\/p>\n<p>Der Mann stutzt, aber er geht weiter und f\u00e4ngt an, genauer hinzuschauen. Der<br \/>\nPfad f\u00fchrt durch dunkles Geh\u00f6lz, vorbei an sonderbaren Lebewesen. Immer<br \/>\nunwegsamer wird der Aufstieg, immer gef\u00e4hrlicher.Eine K\u00fcnstlerparabel und eine<br \/>\nGeschichte \u00fcber das Wagnis, genau hinzuschauen.<\/p>\n<p>Keiner kann das genuiner inszenieren als Einar Turkowski, dessen Bildwelten<br \/>\nimmer das Entdecken von Details einschlie\u00dfen, in Bildstimmungen, die minuti\u00f6s<br \/>\nverdichten und zugleich unfassbar fantastische Szenen \u00f6ffnen.<\/p>\n<p>Fester Einband; 28 Seiten.<br \/>\nKinderbuch, Lesealter ab 5  <\/p>","protected":false},"excerpt":{"rendered":"<p>In einem Land, in dem es aus dem Boden regnet, gibt es einen unheimlichen, sagenumwobenen Berg. Dennoch traut sich einer in seine N\u00e4he. Am Fu\u00df des Berges empf\u00e4ngt ihn ein Schild: \u00bbSieh, wenn Du kannst.\u00ab Der Mann stutzt, aber er geht weiter und f\u00e4ngt an, genauer hinzuschauen. Der Pfad f\u00fchrt durch dunkles Geh\u00f6lz, vorbei an [&#8230;]\n","protected":false},"featured_media":25973,"template":"","meta":[],"product_brand":[],"product_cat":[21542],"product_tag":[],"class_list":{"0":"post-146892","1":"product","2":"type-product","3":"status-publish","4":"has-post-thumbnail","6":"product_cat-sachbuecher-dokumentationen","7":"pa_autor-turkowski","8":"pa_erscheinungsjahr-21621","9":"pa_region-schweiz","10":"pa_sprache-de","12":"first","13":"instock","14":"taxable","15":"shipping-taxable","16":"purchasable","17":"product-type-simple"},"_links":{"self":[{"href":"https:\/\/pizbube.ch\/en\/wp-json\/wp\/v2\/product\/146892","targetHints":{"allow":["GET"]}}],"collection":[{"href":"https:\/\/pizbube.ch\/en\/wp-json\/wp\/v2\/product"}],"about":[{"href":"https:\/\/pizbube.ch\/en\/wp-json\/wp\/v2\/types\/product"}],"wp:featuredmedia":[{"embeddable":true,"href":"https:\/\/pizbube.ch\/en\/wp-json\/wp\/v2\/media\/25973"}],"wp:attachment":[{"href":"https:\/\/pizbube.ch\/en\/wp-json\/wp\/v2\/media?parent=146892"}],"wp:term":[{"taxonomy":"product_brand","embeddable":true,"href":"https:\/\/pizbube.ch\/en\/wp-json\/wp\/v2\/product_brand?post=146892"},{"taxonomy":"product_cat","embeddable":true,"href":"https:\/\/pizbube.ch\/en\/wp-json\/wp\/v2\/product_cat?post=146892"},{"taxonomy":"product_tag","embeddable":true,"href":"https:\/\/pizbube.ch\/en\/wp-json\/wp\/v2\/product_tag?post=146892"}],"curies":[{"name":"wp","href":"https:\/\/api.w.org\/{rel}","templated":true}]}}