{"id":146893,"date":"2021-01-15T10:54:21","date_gmt":"2021-01-15T10:54:21","guid":{"rendered":"https:\/\/codengine3.ch\/?product=import-placeholder-for-208760"},"modified":"2024-01-15T14:38:36","modified_gmt":"2024-01-15T13:38:36","slug":"gipfelstuermer","status":"publish","type":"product","link":"https:\/\/pizbube.ch\/en\/shop\/gipfelstuermer\/","title":{"rendered":"Gipfelst\u00fcrmer"},"content":{"rendered":"<p>Die Besteigung des Mont Blanc durch den Naturforscher Horace B\u00e9n\u00e9dict de<br \/>\nSaussure gilt bis heute als Heldentat und markiert den Beginn des modernen<br \/>\nAlpinismus. Sein abenteuerlicher Aufstieg zum h\u00f6chsten Gipfel Europas wird<br \/>\nhier als kunstvolle Bilderbuchgeschichte nacherz\u00e4hlt.<\/p>\n<p>Durch eine grandios gezeichnete Landschaft k\u00e4mpft sich eine Gruppe Bergsteiger<br \/>\nhinauf zum Gipfel. Es geht durch unwegsame W\u00e4lder, \u00fcber endlose Schneefelder<br \/>\nund entlang haarstr\u00e4ubend steil abfallender Grate.<\/p>\n<p>Weiter, immer weiter. H\u00f6her, immer h\u00f6her. Die Frage, ob die Mannschaft es<br \/>\nschaffen wird, fesselt den Betrachter bis zum Schluss&#8230;<\/p>\n<p>Kinderbuch, ab 4 Jahre<\/p>","protected":false},"excerpt":{"rendered":"<p>Die Besteigung des Mont Blanc durch den Naturforscher Horace B\u00e9n\u00e9dict de Saussure gilt bis heute als Heldentat und markiert den Beginn des modernen Alpinismus. Sein abenteuerlicher Aufstieg zum h\u00f6chsten Gipfel Europas wird hier als kunstvolle Bilderbuchgeschichte nacherz\u00e4hlt. Durch eine grandios gezeichnete Landschaft k\u00e4mpft sich eine Gruppe Bergsteiger hinauf zum Gipfel. Es geht durch unwegsame W\u00e4lder, [&#8230;]\n","protected":false},"featured_media":41279,"template":"","meta":[],"product_brand":[],"product_cat":[21542],"product_tag":[],"class_list":{"0":"post-146893","1":"product","2":"type-product","3":"status-publish","4":"has-post-thumbnail","6":"product_cat-sachbuecher-dokumentationen","7":"pa_autor-zenzius","8":"pa_erscheinungsjahr-21558","9":"pa_region-frankreich","10":"pa_sprache-de","12":"first","13":"outofstock","14":"taxable","15":"shipping-taxable","16":"purchasable","17":"product-type-simple"},"_links":{"self":[{"href":"https:\/\/pizbube.ch\/en\/wp-json\/wp\/v2\/product\/146893","targetHints":{"allow":["GET"]}}],"collection":[{"href":"https:\/\/pizbube.ch\/en\/wp-json\/wp\/v2\/product"}],"about":[{"href":"https:\/\/pizbube.ch\/en\/wp-json\/wp\/v2\/types\/product"}],"wp:featuredmedia":[{"embeddable":true,"href":"https:\/\/pizbube.ch\/en\/wp-json\/wp\/v2\/media\/41279"}],"wp:attachment":[{"href":"https:\/\/pizbube.ch\/en\/wp-json\/wp\/v2\/media?parent=146893"}],"wp:term":[{"taxonomy":"product_brand","embeddable":true,"href":"https:\/\/pizbube.ch\/en\/wp-json\/wp\/v2\/product_brand?post=146893"},{"taxonomy":"product_cat","embeddable":true,"href":"https:\/\/pizbube.ch\/en\/wp-json\/wp\/v2\/product_cat?post=146893"},{"taxonomy":"product_tag","embeddable":true,"href":"https:\/\/pizbube.ch\/en\/wp-json\/wp\/v2\/product_tag?post=146893"}],"curies":[{"name":"wp","href":"https:\/\/api.w.org\/{rel}","templated":true}]}}