{"id":146894,"date":"2021-01-15T10:54:21","date_gmt":"2021-01-15T10:54:21","guid":{"rendered":"https:\/\/codengine3.ch\/?product=import-placeholder-for-206909"},"modified":"2021-01-15T14:53:18","modified_gmt":"2021-01-15T14:53:18","slug":"ich-werde-berge-versetzen","status":"publish","type":"product","link":"https:\/\/pizbube.ch\/en\/shop\/ich-werde-berge-versetzen\/","title":{"rendered":"Ich werde Berge versetzen"},"content":{"rendered":"<p>Sann versetzt Berge (Kinderbuch).<br \/>\nDer chinesisch-franz\u00f6sische K\u00fcnstler Chen Jianghong hat ein faszinierendes<br \/>\nBilderbuch \u00fcber die Kraft des Willens geschaffen.<\/p>\n<p>Chen Jianghongs Bilderb\u00fccher ber\u00fchren. Das tut auch diese Geschichte, in der<br \/>\nder kleine Sann tats\u00e4chlich Berge versetzt.<\/p>\n<p>Chen Jianghong, Meisterillustrator aus Tianjin und Paris, legt erneut ein<br \/>\neindrucksvolles Bilderbuch \u00fcber sein gro\u00dfes Thema vor, das Gr\u00f6\u00dferwerden von<br \/>\nKindern. Der sechsj\u00e4hrige Sann verk\u00fcndet eines Tages jene Berge versetzen zu<br \/>\nwollen, die seiner Mutter Tag f\u00fcr Tag im Wege stehen. Nat\u00fcrlich glaubt ihm das<br \/>\nniemand, aber Sann arbeitet beharrlich und unverdrossen, bis der Winter kommt.<\/p>\n<p>Und als es Fr\u00fchling wird, arbeitet er weiter. Doch all sein Arbeiten w\u00e4re<br \/>\numsonst, wenn ihm nicht, wie in der griechischen Sage, die M\u00e4chte des Himmels<br \/>\nzu Hilfe k\u00e4men: Drei Drachen ergreifen mit ihren Klauen die Berge und tragen<br \/>\nsie davon: Mit einem Schlag kehrte Ruhe und Stille ein. Sann hat sein<br \/>\nVersprechen eingel\u00f6st und gezeigt, dass Anstrengung und M\u00fche Fr\u00fcchte tragen.<\/p>","protected":false},"excerpt":{"rendered":"<p>Sann versetzt Berge (Kinderbuch). Der chinesisch-franz\u00f6sische K\u00fcnstler Chen Jianghong hat ein faszinierendes Bilderbuch \u00fcber die Kraft des Willens geschaffen. Chen Jianghongs Bilderb\u00fccher ber\u00fchren. Das tut auch diese Geschichte, in der der kleine Sann tats\u00e4chlich Berge versetzt. Chen Jianghong, Meisterillustrator aus Tianjin und Paris, legt erneut ein eindrucksvolles Bilderbuch \u00fcber sein gro\u00dfes Thema vor, das Gr\u00f6\u00dferwerden [&#8230;]\n","protected":false},"featured_media":36426,"template":"","meta":[],"product_brand":[],"product_cat":[21881],"product_tag":[],"class_list":{"0":"post-146894","1":"product","2":"type-product","3":"status-publish","4":"has-post-thumbnail","6":"product_cat-comics","7":"pa_autor-jianghong","8":"pa_erscheinungsjahr-21597","9":"pa_region-deutschland","10":"pa_sprache-de","12":"first","13":"outofstock","14":"taxable","15":"shipping-taxable","16":"purchasable","17":"product-type-simple"},"_links":{"self":[{"href":"https:\/\/pizbube.ch\/en\/wp-json\/wp\/v2\/product\/146894","targetHints":{"allow":["GET"]}}],"collection":[{"href":"https:\/\/pizbube.ch\/en\/wp-json\/wp\/v2\/product"}],"about":[{"href":"https:\/\/pizbube.ch\/en\/wp-json\/wp\/v2\/types\/product"}],"wp:featuredmedia":[{"embeddable":true,"href":"https:\/\/pizbube.ch\/en\/wp-json\/wp\/v2\/media\/36426"}],"wp:attachment":[{"href":"https:\/\/pizbube.ch\/en\/wp-json\/wp\/v2\/media?parent=146894"}],"wp:term":[{"taxonomy":"product_brand","embeddable":true,"href":"https:\/\/pizbube.ch\/en\/wp-json\/wp\/v2\/product_brand?post=146894"},{"taxonomy":"product_cat","embeddable":true,"href":"https:\/\/pizbube.ch\/en\/wp-json\/wp\/v2\/product_cat?post=146894"},{"taxonomy":"product_tag","embeddable":true,"href":"https:\/\/pizbube.ch\/en\/wp-json\/wp\/v2\/product_tag?post=146894"}],"curies":[{"name":"wp","href":"https:\/\/api.w.org\/{rel}","templated":true}]}}