{"id":146895,"date":"2021-01-15T10:54:21","date_gmt":"2021-01-15T10:54:21","guid":{"rendered":"https:\/\/codengine3.ch\/?product=import-placeholder-for-206857"},"modified":"2023-06-29T17:59:57","modified_gmt":"2023-06-29T15:59:57","slug":"alpenclub-der-tiere","status":"publish","type":"product","link":"https:\/\/pizbube.ch\/en\/shop\/alpenclub-der-tiere\/","title":{"rendered":"Alpenclub der Tiere"},"content":{"rendered":"<p>B\u00e4ren als Bergf\u00fchrer, ein Hippo und ein Elefant als schwergewichtige<br \/>\nBergsteiger und der K\u00f6nig der Tiere als Hasenherz am Steilhang &#8211; im<br \/>\n&#171;Alpenclub der Tiere&#187; zeigt sich das wahre Selbst der Spezies und spiegelt<br \/>\nsich jenes ihrer menschlichen Pendants.<\/p>\n<p>In der nostalgischen Bildsprache der Originalillustrationen von 1910 und einer<br \/>\nkongenialen Textneusch\u00f6pfung von Dan Wiener liegt nun die deutsche Erstausgabe<br \/>\neines Klassikers der Alpinliteratur vor. Das Buch &#171;The Animals Alpine Club&#187;<br \/>\nvon Graham Clifton Bingham, illustriert von George Henry Thompson, erschien<br \/>\nerstmals 1910 in London.<\/p>\n<p>Die liebevoll-humoristische Darstellung der Gr\u00fcndung eines Alpenclubs durch<br \/>\nTiere und die Schilderung der ersten Bergbesteigung durch unge\u00fcbte tierische<br \/>\nAlpinisten richtet sich an Erwachsene, die mit ihren Kindern den Einstieg in<br \/>\nden Bergsport planen. Mehr noch aber ist das Buch eine satirische Spiegelung<br \/>\nder Welt der menschlichen Alpinisten, denn es zeigt, wie das wahre Selbst<br \/>\njedes Einzelnen sich erst am Berg offenbart.<\/p>\n<p>56 Seiten;<br \/>\n<span class=\"value\">Breite 290 mm, H\u00f6he 220 mm, <\/span><\/p>","protected":false},"excerpt":{"rendered":"<p>B\u00e4ren als Bergf\u00fchrer, ein Hippo und ein Elefant als schwergewichtige Bergsteiger und der K\u00f6nig der Tiere als Hasenherz am Steilhang &#8211; im &#171;Alpenclub der Tiere&#187; zeigt sich das wahre Selbst der Spezies und spiegelt sich jenes ihrer menschlichen Pendants. In der nostalgischen Bildsprache der Originalillustrationen von 1910 und einer kongenialen Textneusch\u00f6pfung von Dan Wiener liegt [&#8230;]\n","protected":false},"featured_media":166593,"template":"","meta":[],"product_brand":[],"product_cat":[21881,21542],"product_tag":[],"class_list":{"0":"post-146895","1":"product","2":"type-product","3":"status-publish","4":"has-post-thumbnail","6":"product_cat-comics","7":"product_cat-sachbuecher-dokumentationen","8":"pa_autor-bingham-text-thompson-illustrationen","9":"pa_erscheinungsjahr-21546","10":"pa_region-schweiz","11":"pa_sprache-de","13":"first","14":"instock","15":"taxable","16":"shipping-taxable","17":"purchasable","18":"product-type-simple"},"_links":{"self":[{"href":"https:\/\/pizbube.ch\/en\/wp-json\/wp\/v2\/product\/146895","targetHints":{"allow":["GET"]}}],"collection":[{"href":"https:\/\/pizbube.ch\/en\/wp-json\/wp\/v2\/product"}],"about":[{"href":"https:\/\/pizbube.ch\/en\/wp-json\/wp\/v2\/types\/product"}],"wp:featuredmedia":[{"embeddable":true,"href":"https:\/\/pizbube.ch\/en\/wp-json\/wp\/v2\/media\/166593"}],"wp:attachment":[{"href":"https:\/\/pizbube.ch\/en\/wp-json\/wp\/v2\/media?parent=146895"}],"wp:term":[{"taxonomy":"product_brand","embeddable":true,"href":"https:\/\/pizbube.ch\/en\/wp-json\/wp\/v2\/product_brand?post=146895"},{"taxonomy":"product_cat","embeddable":true,"href":"https:\/\/pizbube.ch\/en\/wp-json\/wp\/v2\/product_cat?post=146895"},{"taxonomy":"product_tag","embeddable":true,"href":"https:\/\/pizbube.ch\/en\/wp-json\/wp\/v2\/product_tag?post=146895"}],"curies":[{"name":"wp","href":"https:\/\/api.w.org\/{rel}","templated":true}]}}