{"id":146896,"date":"2021-01-15T10:54:21","date_gmt":"2021-01-15T10:54:21","guid":{"rendered":"https:\/\/codengine3.ch\/?product=import-placeholder-for-207855"},"modified":"2021-01-15T16:59:21","modified_gmt":"2021-01-15T16:59:21","slug":"layla-im-reich-des-schneekoenigs","status":"publish","type":"product","link":"https:\/\/pizbube.ch\/en\/shop\/layla-im-reich-des-schneekoenigs\/","title":{"rendered":"Layla im Reich des Schneek\u00f6nigs"},"content":{"rendered":"<p>\nLaylas Reise in die beeindruckende Welt des Hochgebirges \u2013 ein Bilderbuch f\u00fcr<br \/>\ndie ganze Familie  <\/p>\n<p>Reinhold Messners erstes Bilderbuch erz\u00e4hlt von einem kleinen M\u00e4dchen mit<br \/>\neinem ganz besonderen Namen: Layla \u2013 das bedeutet \u00bbauf dem Berggipfel\u00ab.<br \/>\nGemeinsam mit ihrem Vater macht sie sich auf den Weg in ein weit entferntes<br \/>\nLand. Genau wie er ist sie verzaubert von der Welt des Schneek\u00f6nigs, wo die<br \/>\nMenschen unter harten Bedingungen und doch im Einklang mit der Natur ein ganz<br \/>\nbesonderes Leben f\u00fchren.  <\/p>\n<p>\u2013 Laylas abenteuerliche Reise ins Hochgebirge, stimmungsvoll illustriert von<br \/>\nDavide Panizza<br \/>\n\u2013 Mit klarer Sprache den Zauber der Berge erkl\u00e4ren: Ein Buch, das Kinder ab 5<br \/>\nJahren neugierig auf die Natur macht<br \/>\n\u2013 Die Suche nach Sch\u00f6nheit und die Entdeckung der Stille: ein poetisches<br \/>\nBilderbuch f\u00fcr die ganze Familie<br \/>\n\u2013 Wie aus Naturbegegnungen \u00f6kologisches Bewusstsein entsteht: eine Einladung,<br \/>\nUmweltschutz neu zu denken<br \/>\n\u2013 Warum es sich lohnt, unber\u00fchrte Natur zu bewahren: Reinhold Messners<br \/>\nBotschaft an die n\u00e4chste Generation  <\/p>\n<p>Liebe zu den Bergen und Respekt vor der Natur: was Reinhold Messner Kindern<br \/>\nmit auf den Weg geben will  <\/p>\n<p>Reinhold Messner setzt sich seit vielen Jahren f\u00fcr Umweltschutz und gegen<br \/>\n\u00fcbertriebenen Konsum ein. In seinem Kinderbuch \u00fcber die Reise in eine fremde<br \/>\nWelt voller eis- und schneebedeckter Gipfel sendet er eine klare Botschaft und<br \/>\nvermittelt altersgerecht die gro\u00dfe Bedeutung von Natur- und Klimaschutz.  <\/p>\n<p>Mit diesem Bilderbuch gibt Reinhold Messner seine Liebe zu den Bergen weiter \u2013<br \/>\nein Buch zum Vorlesen, Staunen und Nachdenken f\u00fcr Kinder, Eltern und<br \/>\nP\u00e4dagogen!<\/p>\n<p>Hardcover, Seiten\/Umfang: 40 S. , 31 x 23 cm  <\/p>","protected":false},"excerpt":{"rendered":"<p>Laylas Reise in die beeindruckende Welt des Hochgebirges \u2013 ein Bilderbuch f\u00fcr die ganze Familie Reinhold Messners erstes Bilderbuch erz\u00e4hlt von einem kleinen M\u00e4dchen mit einem ganz besonderen Namen: Layla \u2013 das bedeutet \u00bbauf dem Berggipfel\u00ab. Gemeinsam mit ihrem Vater macht sie sich auf den Weg in ein weit entferntes Land. Genau wie er ist [&#8230;]\n","protected":false},"featured_media":38624,"template":"","meta":[],"product_brand":[],"product_cat":[21542],"product_tag":[],"class_list":{"0":"post-146896","1":"product","2":"type-product","3":"status-publish","4":"has-post-thumbnail","6":"product_cat-sachbuecher-dokumentationen","7":"pa_autor-panizza-messner","8":"pa_erscheinungsjahr-21558","9":"pa_region-oesterreich","10":"pa_sprache-de","12":"first","13":"instock","14":"taxable","15":"shipping-taxable","16":"purchasable","17":"product-type-simple"},"_links":{"self":[{"href":"https:\/\/pizbube.ch\/en\/wp-json\/wp\/v2\/product\/146896","targetHints":{"allow":["GET"]}}],"collection":[{"href":"https:\/\/pizbube.ch\/en\/wp-json\/wp\/v2\/product"}],"about":[{"href":"https:\/\/pizbube.ch\/en\/wp-json\/wp\/v2\/types\/product"}],"wp:featuredmedia":[{"embeddable":true,"href":"https:\/\/pizbube.ch\/en\/wp-json\/wp\/v2\/media\/38624"}],"wp:attachment":[{"href":"https:\/\/pizbube.ch\/en\/wp-json\/wp\/v2\/media?parent=146896"}],"wp:term":[{"taxonomy":"product_brand","embeddable":true,"href":"https:\/\/pizbube.ch\/en\/wp-json\/wp\/v2\/product_brand?post=146896"},{"taxonomy":"product_cat","embeddable":true,"href":"https:\/\/pizbube.ch\/en\/wp-json\/wp\/v2\/product_cat?post=146896"},{"taxonomy":"product_tag","embeddable":true,"href":"https:\/\/pizbube.ch\/en\/wp-json\/wp\/v2\/product_tag?post=146896"}],"curies":[{"name":"wp","href":"https:\/\/api.w.org\/{rel}","templated":true}]}}