{"id":146897,"date":"2021-01-15T10:54:26","date_gmt":"2021-01-15T10:54:26","guid":{"rendered":"https:\/\/codengine3.ch\/?product=import-placeholder-for-200120"},"modified":"2021-01-15T10:54:30","modified_gmt":"2021-01-15T10:54:30","slug":"vierwaldstaettersee-gotthard","status":"publish","type":"product","link":"https:\/\/pizbube.ch\/en\/shop\/vierwaldstaettersee-gotthard\/","title":{"rendered":"Vierwaldst\u00e4ttersee &#038; Gotthard"},"content":{"rendered":"<p>Vierwaldst\u00e4ttersee und Gotthard \u2013 wie Sie diese Landschaft noch nie gesehen<br \/>\nhaben; Imaginary Wanderings Nr. 1<\/p>\n<p>Eine Box wie eine Wunderkammer. Zw\u00f6lf Tableaux voller Spezialeffekte und ein<br \/>\nreich bebilderter Essayband machen unsichtbare Kulturgeschichte sichtbar:<br \/>\nfliegende Drachen \u00fcber dem Pilatus, wilde Erz\u00e4hlungen aus dem Inneren des<br \/>\nGotthards, Zeitreisen im Hammetschwandlift, utopische und verschwundene<br \/>\nArchitektur rund um den Vierwaldst\u00e4ttersee und vieles mehr.<\/p>\n<p>Unsere imagin\u00e4ren Wanderungen f\u00fchren dich von der offenen Seefl\u00e4che \u00fcber<br \/>\nBerggipfel und T\u00e4ler bis tief hinein in Tunnel, Stollen und Kavernen. Mische<br \/>\ndie Farben auf William Turners Palette; nimm Platz in einem gigantischen<br \/>\nTheater aus Himmel, Wasser, Fels und Wald, und sei dabei, wenn sich der<br \/>\nt\u00fcrkisfarbene Urnersee in einen brodelnden Ozean verwandelt.<\/p>\n<p>Stilvoll verpackt in einer stabilen Box entfaltet sich eine \u00dcberraschung nach<br \/>\nder anderen: Denn jedes Kapitel offeriert ein interaktives Instrument, das du<br \/>\nherausnehmen und ausprobieren kannst: Einen Spiegel, einen Farbf\u00e4cher, ein<br \/>\nKartenset\u2026 Wer die Box benutzt, durchl\u00e4uft so ganz spielerisch eine \u00abSchule<br \/>\nder Landschaftswahrnehmung\u00bb. Ein reich bebildertes Begleittaschenbuch liefert<br \/>\nwissenschaftlich fundierte, unterhaltsam geschriebene Essays zu den einzelnen<br \/>\nThemen. Die Box erscheint zweisprachig, deutsch und englisch.<\/p>\n<p>Set mit div. Artikeln (Set); 12 Faltkarten mit Spezialeffekten, Bastelb\u00f6gen,<br \/>\nausgestanzten und zusammensetzbaren Formen und optischen Hilfsmitteln wie<br \/>\nSpiegelfolie und Spielbrille, Begleitband.<br \/>\nIn Schmuckschuber<\/p>","protected":false},"excerpt":{"rendered":"<ul>\n<li><a href=\"https:\/\/vimeo.com\/138495405\" target=\"_blank\" rel=\"noopener\">Video: TEMPLATE PIZ Attachment > Webvideo > Youtube [KOPIE]<\/a><\/li>\n<\/ul>\n","protected":false},"featured_media":25977,"template":"","meta":[],"product_brand":[],"product_cat":[21580],"product_tag":[],"class_list":{"0":"post-146897","1":"product","2":"type-product","3":"status-publish","4":"has-post-thumbnail","6":"product_cat-kunst-kultur","7":"pa_autor-piatti-ljungberg","8":"pa_erscheinungsjahr-21571","9":"pa_region-schweiz","10":"pa_sprache-de-en","12":"first","13":"instock","14":"taxable","15":"shipping-taxable","16":"purchasable","17":"product-type-simple"},"_links":{"self":[{"href":"https:\/\/pizbube.ch\/en\/wp-json\/wp\/v2\/product\/146897","targetHints":{"allow":["GET"]}}],"collection":[{"href":"https:\/\/pizbube.ch\/en\/wp-json\/wp\/v2\/product"}],"about":[{"href":"https:\/\/pizbube.ch\/en\/wp-json\/wp\/v2\/types\/product"}],"wp:featuredmedia":[{"embeddable":true,"href":"https:\/\/pizbube.ch\/en\/wp-json\/wp\/v2\/media\/25977"}],"wp:attachment":[{"href":"https:\/\/pizbube.ch\/en\/wp-json\/wp\/v2\/media?parent=146897"}],"wp:term":[{"taxonomy":"product_brand","embeddable":true,"href":"https:\/\/pizbube.ch\/en\/wp-json\/wp\/v2\/product_brand?post=146897"},{"taxonomy":"product_cat","embeddable":true,"href":"https:\/\/pizbube.ch\/en\/wp-json\/wp\/v2\/product_cat?post=146897"},{"taxonomy":"product_tag","embeddable":true,"href":"https:\/\/pizbube.ch\/en\/wp-json\/wp\/v2\/product_tag?post=146897"}],"curies":[{"name":"wp","href":"https:\/\/api.w.org\/{rel}","templated":true}]}}