{"id":146898,"date":"2021-01-15T10:54:26","date_gmt":"2021-01-15T10:54:26","guid":{"rendered":"https:\/\/codengine3.ch\/?product=import-placeholder-for-204293"},"modified":"2022-10-13T17:24:22","modified_gmt":"2022-10-13T15:24:22","slug":"vierwaldstaettersee","status":"publish","type":"product","link":"https:\/\/pizbube.ch\/en\/shop\/vierwaldstaettersee\/","title":{"rendered":"Vierwaldst\u00e4ttersee"},"content":{"rendered":"<p>Zentralschweiz zwischen Rigi und Gotthard &#8211; 60 Touren<\/p>\n<p>Im Herzen der Schweiz liegt der Vierwaldst\u00e4tter See. Seine fjordartige Form,<br \/>\nverschlungen und mit vielen Buchten, liegt eingebettet in einem herrlichen<br \/>\nBergpanorama. Wanderer erwartet hier schweizerisches Flair mit hohen Bergen,<br \/>\ngr\u00fcnen Wiesen und urigen Alpen \u2013 und immer wieder traumhafte Ausblicke auf den<br \/>\nSee.<\/p>\n<p>Der Rother Wanderf\u00fchrer \u00bbVierwaldst\u00e4tter See\u00ab stellt 60 Touren vor, die so<br \/>\nvielf\u00e4ltig sind wie die Region selbst. Sch\u00f6ne Panoramawege, spannende Grate<br \/>\nund hohe Gipfel garantieren viel Abwechslung: Eine Spritztour auf den<br \/>\nB\u00fcrgenstock, Alpwandern am Sch\u00e4chentaler H\u00f6henweg, Panoramaschauen am Pilatus,<br \/>\neine z\u00fcnftige \u00dcberschreitung des Urirotstocks und sogar der \u00bbWeg der Schweiz\u00ab,<br \/>\nder um den fjordartigen Urner See f\u00fchrt \u2013 dies alles findet sich in der<br \/>\nTourenauswahl wieder. Der umfangreiche Wanderf\u00fchrer pr\u00e4sentiert die<br \/>\nZentralschweiz zwischen den voralpinen Regionen um die weltber\u00fchmte Rigi und<br \/>\ndem nicht minder bekannten Gotthard. Das Gebiet umfasst einen Zipfel des<br \/>\nKantons Luzern, die beiden Halbkantone Nid- und Obwalden, den Gro\u00dfteil des<br \/>\nKantons Schwyz sowie das gesamte Urnerland mit seinen hochalpinen Kulissen.<\/p>\n<p>Jede Tour wird mit einer zuverl\u00e4ssigen Wegbeschreibung, einem Wanderk\u00e4rtchen<br \/>\nmit eingetragenem Routenverlauf und einem aussagekr\u00e4ftigen H\u00f6henprofil<br \/>\nbeschrieben. GPS-Daten stehen zum Download von der Internetseite des Rother<br \/>\nBergverlag bereit. Viele Einkehrtipps machen die Wanderungen perfekt. Autor<br \/>\nMark Zahel hat mit der neuen Auflage die Autorenschaft \u00fcbernommen und den<br \/>\nWanderf\u00fchrer vollkommen neu verfasst. Insbesondere ist jetzt auch der s\u00fcdliche<br \/>\nTeil Uris enthalten. Ausf\u00fchrliche Charakterisierungen und die<br \/>\nSchwierigkeitsbewertung nach der differenzierten SAC-Wanderskala sind f\u00fcr die<br \/>\nWanderer \u00e4u\u00dferst n\u00fctzlich.<\/p>\n<p>10. Auflage 2022<br \/>\n232 Seiten mit 100 Farbabbildungen<br \/>\n60 H\u00f6henprofile, 60 Wanderk\u00e4rtchen im Ma\u00dfstab 1:50.000 und 1:75.000, zwei<br \/>\n\u00dcbersichtskarten, GPS-Tracks zum Download<\/p>","protected":false},"excerpt":{"rendered":"<p>Zentralschweiz zwischen Rigi und Gotthard &#8211; 60 Touren Im Herzen der Schweiz liegt der Vierwaldst\u00e4tter See. Seine fjordartige Form, verschlungen und mit vielen Buchten, liegt eingebettet in einem herrlichen Bergpanorama. Wanderer erwartet hier schweizerisches Flair mit hohen Bergen, gr\u00fcnen Wiesen und urigen Alpen \u2013 und immer wieder traumhafte Ausblicke auf den See. Der Rother Wanderf\u00fchrer [&#8230;]\n","protected":false},"featured_media":161529,"template":"","meta":[],"product_brand":[],"product_cat":[21605],"product_tag":[],"class_list":{"0":"post-146898","1":"product","2":"type-product","3":"status-publish","4":"has-post-thumbnail","6":"product_cat-wanderfuehrer-trekking","7":"pa_autor-zahel","8":"pa_erscheinungsjahr-27013","9":"pa_region-schweiz","10":"pa_sprache-de","12":"first","13":"instock","14":"taxable","15":"shipping-taxable","16":"purchasable","17":"product-type-simple"},"_links":{"self":[{"href":"https:\/\/pizbube.ch\/en\/wp-json\/wp\/v2\/product\/146898","targetHints":{"allow":["GET"]}}],"collection":[{"href":"https:\/\/pizbube.ch\/en\/wp-json\/wp\/v2\/product"}],"about":[{"href":"https:\/\/pizbube.ch\/en\/wp-json\/wp\/v2\/types\/product"}],"wp:featuredmedia":[{"embeddable":true,"href":"https:\/\/pizbube.ch\/en\/wp-json\/wp\/v2\/media\/161529"}],"wp:attachment":[{"href":"https:\/\/pizbube.ch\/en\/wp-json\/wp\/v2\/media?parent=146898"}],"wp:term":[{"taxonomy":"product_brand","embeddable":true,"href":"https:\/\/pizbube.ch\/en\/wp-json\/wp\/v2\/product_brand?post=146898"},{"taxonomy":"product_cat","embeddable":true,"href":"https:\/\/pizbube.ch\/en\/wp-json\/wp\/v2\/product_cat?post=146898"},{"taxonomy":"product_tag","embeddable":true,"href":"https:\/\/pizbube.ch\/en\/wp-json\/wp\/v2\/product_tag?post=146898"}],"curies":[{"name":"wp","href":"https:\/\/api.w.org\/{rel}","templated":true}]}}