{"id":146900,"date":"2021-01-15T10:54:26","date_gmt":"2021-01-15T10:54:26","guid":{"rendered":"https:\/\/codengine3.ch\/?product=import-placeholder-for-204971"},"modified":"2021-01-15T14:37:43","modified_gmt":"2021-01-15T14:37:43","slug":"legendaere-reisen-in-den-alpen","status":"publish","type":"product","link":"https:\/\/pizbube.ch\/en\/shop\/legendaere-reisen-in-den-alpen\/","title":{"rendered":"Legend\u00e4re Reisen in den Alpen"},"content":{"rendered":"<p>Bis heute ist die Faszination der Alpen ungebrochen. Lassen auch Sie sich<br \/>\nverzaubern von den sch\u00f6nsten Landschaften Europas: der legend\u00e4ren<br \/>\nEigernordwand, dem idyllischen Comer See, den sagenumwobenen Dolomiten, dem<br \/>\nMont Blanc oder dem mond\u00e4nen St. Moritz.  <\/p>\n<p>&#8218;Es sind keine Worte f\u00fcr die Gr\u00f6\u00dfe und Sch\u00f6ne dieses Anblicks.&#8216; So schildert<br \/>\nJohann Wolfgang von Goethe seine Empfindung, als er auf den h\u00f6chsten Gipfel<br \/>\nder Alpen, den Mont Blanc, blickt. Bereits zu Beginn des 19. Jahrhunderts<br \/>\nreiste die Cr\u00e8me de la Cr\u00e8me in diese idyllische Traumlandschaft, um sich dort<br \/>\nvom hektischen Treiben in den St\u00e4dten zu erholen. Einige von ihnen suchten das<br \/>\nAbenteuer in steilen Felsw\u00e4nden und auf exponierten Gipfeln, andere genossen<br \/>\nden Luxus der exquisiten Belle-Epoque-Hotels und bevorzugten den Panoramablick<br \/>\nauf die Gletscher. Noch immer ziehen die Alpen Sommer wie Winter<br \/>\nErholungssuchende aus aller Herren L\u00e4nder an.  <\/p>\n<p>Der siebte Band der Legend\u00e4ren Reisen unternimmt f\u00fcnf Reisen durch die sieben<br \/>\nAlpenl\u00e4nder Deutschland, \u00d6sterreich, die Schweiz, Liechtenstein, Frankreich,<br \/>\nItalien und Slowenien. \u00dcber die gro\u00dfen Passstra\u00dfen &#8211; Simplon, St. Gotthard,<br \/>\nBrenner und Galibier &#8211; geht es von einem Tal zum n\u00e4chsten, auf dem Weg liegen<br \/>\nmond\u00e4ne Kurorte und Wintersportgebiete, romantische Schl\u00f6sser und malerische<br \/>\nBergseen. Die Reise f\u00fchrt von Montreux \u00fcber das Matterhorn nach St. Moritz,<br \/>\nvon Salzburg \u00fcber Innsbruck und Interlaken nach Chamonix und von Luzern nach<br \/>\nZ\u00fcrich, Bozen und Zermatt. Auch dieser Band ist wieder reich illustriert mit<br \/>\nhistorischen und zeitgen\u00f6ssischen Aufnahmen. Eine F\u00fclle literarischer Zitate<br \/>\nvon Johann Wolfgang von Goethe, Franz Kafka, George Sand oder Rainer Maria<br \/>\nRilke verleihen der Begeisterung f\u00fcr die Alpen Worte.  <\/p>","protected":false},"excerpt":{"rendered":"<p>Bis heute ist die Faszination der Alpen ungebrochen. Lassen auch Sie sich verzaubern von den sch\u00f6nsten Landschaften Europas: der legend\u00e4ren Eigernordwand, dem idyllischen Comer See, den sagenumwobenen Dolomiten, dem Mont Blanc oder dem mond\u00e4nen St. Moritz. &#8218;Es sind keine Worte f\u00fcr die Gr\u00f6\u00dfe und Sch\u00f6ne dieses Anblicks.&#8216; So schildert Johann Wolfgang von Goethe seine Empfindung, [&#8230;]\n","protected":false},"featured_media":33534,"template":"","meta":[],"product_brand":[],"product_cat":[21542],"product_tag":[],"class_list":{"0":"post-146900","1":"product","2":"type-product","3":"status-publish","4":"has-post-thumbnail","6":"product_cat-sachbuecher-dokumentationen","7":"pa_autor-couzy-donzel-rasper-walter","8":"pa_erscheinungsjahr-21842","9":"pa_region-deutschland","10":"pa_sprache-de","12":"first","13":"instock","14":"taxable","15":"shipping-taxable","16":"purchasable","17":"product-type-simple"},"_links":{"self":[{"href":"https:\/\/pizbube.ch\/en\/wp-json\/wp\/v2\/product\/146900","targetHints":{"allow":["GET"]}}],"collection":[{"href":"https:\/\/pizbube.ch\/en\/wp-json\/wp\/v2\/product"}],"about":[{"href":"https:\/\/pizbube.ch\/en\/wp-json\/wp\/v2\/types\/product"}],"wp:featuredmedia":[{"embeddable":true,"href":"https:\/\/pizbube.ch\/en\/wp-json\/wp\/v2\/media\/33534"}],"wp:attachment":[{"href":"https:\/\/pizbube.ch\/en\/wp-json\/wp\/v2\/media?parent=146900"}],"wp:term":[{"taxonomy":"product_brand","embeddable":true,"href":"https:\/\/pizbube.ch\/en\/wp-json\/wp\/v2\/product_brand?post=146900"},{"taxonomy":"product_cat","embeddable":true,"href":"https:\/\/pizbube.ch\/en\/wp-json\/wp\/v2\/product_cat?post=146900"},{"taxonomy":"product_tag","embeddable":true,"href":"https:\/\/pizbube.ch\/en\/wp-json\/wp\/v2\/product_tag?post=146900"}],"curies":[{"name":"wp","href":"https:\/\/api.w.org\/{rel}","templated":true}]}}