{"id":146902,"date":"2021-01-15T10:54:26","date_gmt":"2021-01-15T10:54:26","guid":{"rendered":"https:\/\/codengine3.ch\/?product=import-placeholder-for-202634"},"modified":"2021-01-15T12:38:01","modified_gmt":"2021-01-15T12:38:01","slug":"gotthard-1-25-000","status":"publish","type":"product","link":"https:\/\/pizbube.ch\/en\/shop\/gotthard-1-25-000\/","title":{"rendered":"Gotthard 1: 25 000"},"content":{"rendered":"<p>Die Wanderkarten im Massstab 1:25000 helfen Ihnen dabei, neue und bekannte<br \/>\nRouten in der einmaligen Urner Landschaft zu entdecken.<br \/>\nAuf der R\u00fcckseite ist viel Wissenswertes und es sind viele Informationen rund<br \/>\num den Kanton Uri in Wort und Bild untergebracht. Zus\u00e4tzlich zu den<br \/>\nWanderrouten sind auch viele interessante Touren f\u00fcr den Biker eingezeichnet.<br \/>\n(3. \u00fcberarbeitete Auflg. 2011)<\/p>","protected":false},"excerpt":{"rendered":"<p>Die Wanderkarten im Massstab 1:25000 helfen Ihnen dabei, neue und bekannte Routen in der einmaligen Urner Landschaft zu entdecken. Auf der R\u00fcckseite ist viel Wissenswertes und es sind viele Informationen rund um den Kanton Uri in Wort und Bild untergebracht. Zus\u00e4tzlich zu den Wanderrouten sind auch viele interessante Touren f\u00fcr den Biker eingezeichnet. (3. \u00fcberarbeitete [&#8230;]\n","protected":false},"featured_media":25846,"template":"","meta":[],"product_brand":[],"product_cat":[21543],"product_tag":[],"class_list":{"0":"post-146902","1":"product","2":"type-product","3":"status-publish","4":"has-post-thumbnail","6":"product_cat-landkarten","7":"pa_autor-kt-uri","8":"pa_erscheinungsjahr-21610","9":"pa_region-schweiz","10":"pa_sprache-de","12":"first","13":"instock","14":"taxable","15":"shipping-taxable","16":"purchasable","17":"product-type-simple"},"_links":{"self":[{"href":"https:\/\/pizbube.ch\/en\/wp-json\/wp\/v2\/product\/146902","targetHints":{"allow":["GET"]}}],"collection":[{"href":"https:\/\/pizbube.ch\/en\/wp-json\/wp\/v2\/product"}],"about":[{"href":"https:\/\/pizbube.ch\/en\/wp-json\/wp\/v2\/types\/product"}],"wp:featuredmedia":[{"embeddable":true,"href":"https:\/\/pizbube.ch\/en\/wp-json\/wp\/v2\/media\/25846"}],"wp:attachment":[{"href":"https:\/\/pizbube.ch\/en\/wp-json\/wp\/v2\/media?parent=146902"}],"wp:term":[{"taxonomy":"product_brand","embeddable":true,"href":"https:\/\/pizbube.ch\/en\/wp-json\/wp\/v2\/product_brand?post=146902"},{"taxonomy":"product_cat","embeddable":true,"href":"https:\/\/pizbube.ch\/en\/wp-json\/wp\/v2\/product_cat?post=146902"},{"taxonomy":"product_tag","embeddable":true,"href":"https:\/\/pizbube.ch\/en\/wp-json\/wp\/v2\/product_tag?post=146902"}],"curies":[{"name":"wp","href":"https:\/\/api.w.org\/{rel}","templated":true}]}}