{"id":146903,"date":"2021-01-15T10:54:26","date_gmt":"2021-01-15T10:54:26","guid":{"rendered":"https:\/\/codengine3.ch\/?product=import-placeholder-for-206165"},"modified":"2025-02-11T09:00:03","modified_gmt":"2025-02-11T08:00:03","slug":"auf-dem-hoehenweg-von-zuerich-zum-gotthard","status":"publish","type":"product","link":"https:\/\/pizbube.ch\/en\/shop\/auf-dem-hoehenweg-von-zuerich-zum-gotthard\/","title":{"rendered":"Auf dem H\u00f6henweg von Z\u00fcrich zum Gotthard"},"content":{"rendered":"<p>16 Wanderetappen hoch \u00fcber der Transitachse<\/p>\n<p>Auf Schiene oder Autobahn unterwegs freuen wir uns, wenn wir die<br \/>\nGotthardstrecke m\u00f6glichst rasch und ohne Stau oder Versp\u00e4tung hinter uns<br \/>\nbringen. Auch erwarten wir, dass die Erdbeeren aus Venetien oder die Tomaten<br \/>\naus der Lombardei n\u00f6rdlich der Alpen dank der effizienten Transitroute frisch<br \/>\ngenossen werden k\u00f6nnen. Noch frischer aber schmecken die Walderdbeeren, die<br \/>\nwir von einem bemoosten Felsen hoch \u00fcber den grossen Verkehrswegen pfl\u00fccken:<br \/>\nReto Friedmann l\u00e4dt ein, die Strecke Z\u00fcrich\u2013Gotthard in sechzehn<br \/>\nTageswanderungen neu zu entdecken.<\/p>\n<p>Der Wasserscheide der Reuss folgend, f\u00fchrt uns der H\u00f6henweg \u00fcber Alpwiesen<br \/>\nvoller Enziane, durch lichte Bergw\u00e4lder, vorbei an dunkelblau funkelnden<br \/>\nBergseen, hinunter in felsige Schluchten und hinauf zu wolkigen Bergk\u00e4mmen dem<br \/>\nGotthardpass zu. F\u00fcr einmal z\u00e4hlen Langsamkeit und Beschaulichkeit im<br \/>\nw\u00f6rtlichen Sinn. So erleben wir manche \u00fcberraschende oder spannende Begegnung<br \/>\nmit Flora und Fauna \u2013 eine lohnende Route in sicherer Distanz zu den stark<br \/>\nbefahrenen Transitwegen.<\/p>\n<p>Neben der Routenbeschreibung gibt der Autor weitere n\u00fctzliche Informationen<br \/>\nwie Tipps, wo Rast gemacht, eingekehrt oder \u00fcbernachtet werden kann \u2013 und wie<br \/>\nman an- und abreist, wenn man die Etappen einzeln begehen m\u00f6chte.<br \/>\n152 Seiten, zahlreiche Karten und farbige Abbildungen<\/p>","protected":false},"excerpt":{"rendered":"<p>16 Wanderetappen hoch \u00fcber der Transitachse Auf Schiene oder Autobahn unterwegs freuen wir uns, wenn wir die Gotthardstrecke m\u00f6glichst rasch und ohne Stau oder Versp\u00e4tung hinter uns bringen. Auch erwarten wir, dass die Erdbeeren aus Venetien oder die Tomaten aus der Lombardei n\u00f6rdlich der Alpen dank der effizienten Transitroute frisch genossen werden k\u00f6nnen. Noch frischer [&#8230;]\n","protected":false},"featured_media":35105,"template":"","meta":[],"product_brand":[],"product_cat":[21605],"product_tag":[],"class_list":{"0":"post-146903","1":"product","2":"type-product","3":"status-publish","4":"has-post-thumbnail","6":"product_cat-wanderfuehrer-trekking","7":"pa_autor-friedmann","8":"pa_erscheinungsjahr-21830","9":"pa_region-schweiz","10":"pa_sprache-de","12":"first","13":"outofstock","14":"taxable","15":"shipping-taxable","16":"purchasable","17":"product-type-simple"},"_links":{"self":[{"href":"https:\/\/pizbube.ch\/en\/wp-json\/wp\/v2\/product\/146903","targetHints":{"allow":["GET"]}}],"collection":[{"href":"https:\/\/pizbube.ch\/en\/wp-json\/wp\/v2\/product"}],"about":[{"href":"https:\/\/pizbube.ch\/en\/wp-json\/wp\/v2\/types\/product"}],"wp:featuredmedia":[{"embeddable":true,"href":"https:\/\/pizbube.ch\/en\/wp-json\/wp\/v2\/media\/35105"}],"wp:attachment":[{"href":"https:\/\/pizbube.ch\/en\/wp-json\/wp\/v2\/media?parent=146903"}],"wp:term":[{"taxonomy":"product_brand","embeddable":true,"href":"https:\/\/pizbube.ch\/en\/wp-json\/wp\/v2\/product_brand?post=146903"},{"taxonomy":"product_cat","embeddable":true,"href":"https:\/\/pizbube.ch\/en\/wp-json\/wp\/v2\/product_cat?post=146903"},{"taxonomy":"product_tag","embeddable":true,"href":"https:\/\/pizbube.ch\/en\/wp-json\/wp\/v2\/product_tag?post=146903"}],"curies":[{"name":"wp","href":"https:\/\/api.w.org\/{rel}","templated":true}]}}