{"id":146904,"date":"2021-01-15T10:54:26","date_gmt":"2021-01-15T10:54:26","guid":{"rendered":"https:\/\/codengine3.ch\/?product=import-placeholder-for-200121"},"modified":"2021-01-15T10:54:31","modified_gmt":"2021-01-15T10:54:31","slug":"pic-bulle-la-montagne-dans-la-bd","status":"publish","type":"product","link":"https:\/\/pizbube.ch\/en\/shop\/pic-bulle-la-montagne-dans-la-bd\/","title":{"rendered":"Pic &#038; bulle &#8211; La montagne dans la BD"},"content":{"rendered":"<p>Un panorama passionnant sur la place de la montagne dans la bande dessin\u00e9e, de<br \/>\nT\u00f6pffer \u00e0 Cosey.<\/p>\n<p>La bande dessin\u00e9e est n\u00e9e en montagne, il y a presque deux cents ans, sous le<br \/>\ncrayon du Suisse Rodolphe T\u00f6pffer, qui en fut \u00e0 la fois l\u2019inventeur et le<br \/>\npremier th\u00e9oricien. Sans doute est-ce \u00e0 cause de la force dramatique qu\u2019elle<br \/>\nd\u00e9gage, toujours est-il que la montagne est partout dans la bande dessin\u00e9e :<br \/>\ndans les aventures de B\u00e9cassine ou de Mickey, de Tintin ou d\u2019Ast\u00e9rix, de Largo<br \/>\nWinch ou de Blueberry. Selon les albums, la montagne est tour \u00e0 tour simple<br \/>\nd\u00e9cor, faire-valoir de l\u2019action ou, au contraire, h\u00e9ro\u00efne \u00e0 part enti\u00e8re.<br \/>\nTrait\u00e9e de fa\u00e7on historique, fantastique ou humoristique, dans le style \u00ab<br \/>\nligne claire \u00bb ou sous forme de mangas, la montagne appara\u00eet comme un immense<br \/>\nterrain de jeu et de gags, ou au contraire, comme un espace dangereux et<br \/>\ninqui\u00e9tant, abritant des dieux qu\u2019il vaut mieux ne pas d\u00e9ranger&#8230; Ou encore<br \/>\ncomme un champ d\u2019exp\u00e9rimentation graphique.<\/p>\n<p>Ce tr\u00e8s beau livre, illustr\u00e9 par une centaine de planches, brosse un large<br \/>\npanorama des diff\u00e9rentes repr\u00e9sentations de la montagne dans la bande<br \/>\ndessin\u00e9e, de T\u00f6pffer \u00e0 Taniguchi, en passant par F\u2019Murr, Toppi, Derib, Cosey,<br \/>\nDebon ou de Cr\u00e9cy. Un livre qui donne envie de relire les grands classiques de<br \/>\nla bande dessin\u00e9e et de d\u00e9couvrir la g\u00e9n\u00e9ration beaux-arts qui r\u00e9invente le<br \/>\ngenre en partant vers d\u2019autres sommets. Il accompagnera et prolongera<br \/>\nl\u2019exposition \u00ab Pic et bulle \u00bb qui se tiendra au mus\u00e9e de l\u2019Ancien \u00c9v\u00each\u00e9 \u00e0<br \/>\nGrenoble \u00e0 partir de novembre.<\/p>","protected":false},"excerpt":{"rendered":"<p>Un panorama passionnant sur la place de la montagne dans la bande dessin\u00e9e, de T\u00f6pffer \u00e0 Cosey. La bande dessin\u00e9e est n\u00e9e en montagne, il y a presque deux cents ans, sous le crayon du Suisse Rodolphe T\u00f6pffer, qui en fut \u00e0 la fois l\u2019inventeur et le premier th\u00e9oricien. Sans doute est-ce \u00e0 cause de [&#8230;]\n","protected":false},"featured_media":25975,"template":"","meta":[],"product_brand":[],"product_cat":[21580],"product_tag":[],"class_list":{"0":"post-146904","1":"product","2":"type-product","3":"status-publish","4":"has-post-thumbnail","6":"product_cat-kunst-kultur","7":"pa_autor-lazier-rouviere-peter","8":"pa_erscheinungsjahr-21571","9":"pa_region-frankreich","10":"pa_sprache-fr","12":"first","13":"instock","14":"taxable","15":"shipping-taxable","16":"purchasable","17":"product-type-simple"},"_links":{"self":[{"href":"https:\/\/pizbube.ch\/en\/wp-json\/wp\/v2\/product\/146904","targetHints":{"allow":["GET"]}}],"collection":[{"href":"https:\/\/pizbube.ch\/en\/wp-json\/wp\/v2\/product"}],"about":[{"href":"https:\/\/pizbube.ch\/en\/wp-json\/wp\/v2\/types\/product"}],"wp:featuredmedia":[{"embeddable":true,"href":"https:\/\/pizbube.ch\/en\/wp-json\/wp\/v2\/media\/25975"}],"wp:attachment":[{"href":"https:\/\/pizbube.ch\/en\/wp-json\/wp\/v2\/media?parent=146904"}],"wp:term":[{"taxonomy":"product_brand","embeddable":true,"href":"https:\/\/pizbube.ch\/en\/wp-json\/wp\/v2\/product_brand?post=146904"},{"taxonomy":"product_cat","embeddable":true,"href":"https:\/\/pizbube.ch\/en\/wp-json\/wp\/v2\/product_cat?post=146904"},{"taxonomy":"product_tag","embeddable":true,"href":"https:\/\/pizbube.ch\/en\/wp-json\/wp\/v2\/product_tag?post=146904"}],"curies":[{"name":"wp","href":"https:\/\/api.w.org\/{rel}","templated":true}]}}