{"id":146905,"date":"2021-01-15T10:54:26","date_gmt":"2021-01-15T10:54:26","guid":{"rendered":"https:\/\/codengine3.ch\/?product=import-placeholder-for-205922"},"modified":"2022-12-16T17:34:22","modified_gmt":"2022-12-16T16:34:22","slug":"a-la-recherche-de-peter-pan-lintegrale","status":"publish","type":"product","link":"https:\/\/pizbube.ch\/en\/shop\/a-la-recherche-de-peter-pan-lintegrale\/","title":{"rendered":"A la recherche de Peter Pan &#8211; L&#8217;int\u00e9grale"},"content":{"rendered":"<p>R\u00e9\u00e9dition &#8211; Tomes 1 et 2 en un volume &#8211; Grand format<\/p>\n<p>Qu&#8217;est donc venu chercher Sir Melvin Woodworth au beau milieu des Alpes<br \/>\nvalaisannes ? L&#8217;inspiration pour un nouveau roman que ses \u00e9diteurs londoniens<br \/>\nlui r\u00e9clament \u00e0 corps et \u00e0 cris ?<\/p>\n<p>En partie, mais sa qu\u00eate est double: il est \u00e9galement \u00e0 la poursuite d&#8217;un<br \/>\nsouvenir, de l&#8217;ombre de son fr\u00e8re Dragan, pianiste \u00e9chou\u00e9 au beau milieu des<br \/>\nmontagnes. Il d\u00e9couvrira qu&#8217;il faut parfois relire le pass\u00e9 sous un angle<br \/>\ndiff\u00e9rent pour pouvoir \u00e9crire l&#8217;avenir.<\/p>\n<p>C&#8217;est au beau milieu des Alpes suisses que Cosey acquiert le go\u00fbt des grands<br \/>\nespaces enneig\u00e9s, de la litt\u00e9rature am\u00e9ricaine et de la bande dessin\u00e9e. Sous<br \/>\nla tutelle de Derib, il apprend le m\u00e9tier de raconteur d&#8217;histoires en cases,<br \/>\ndomaine dans lequel il manifeste un talent qui lui ouvre bien vite les portes<br \/>\ndu journal &#171;Tintin&#187;. Mais, peu \u00e0 l&#8217;aise dans les sillons d\u00e9j\u00e0 d\u00e9frich\u00e9s du<br \/>\n9e Art, Cosey pr\u00e9f\u00e8re cr\u00e9\u00e9r un h\u00e9ros qui lui ressemble : Jonathan.<\/p>\n<p>Cette aventure int\u00e9rieure, que Cosey nourrit constamment de ses voyages, de<br \/>\nses lectures et de ses r\u00e9flexions, est consacr\u00e9e par le Prix du meilleur album<br \/>\n\u00e0 Angoul\u00eame, en 1983. Succ\u00e8s qui lui permet d&#8217;ouvrir d&#8217;autres portes, comme<br \/>\ncelle du one-shot. Ainsi, son talent pour la repr\u00e9sentation graphique du vide,<br \/>\net l&#8217;\u00e9criture du non-dit, explose dans \u00ab \u00c0 la recherche de Peter Pan \u00bb, paru<br \/>\nau Lombard en 1985. S&#8217;ensuivront quantit\u00e9s d&#8217;albums (\u00ab Voyage en Italie \u00bb, \u00ab<br \/>\nSa\u00efgon-Hano\u00ef \u00bb, \u00ab Zeke raconte des histoires \u00bb, etc.) au fil desquels il nous<br \/>\nfait partager voyages et \u00e9motions. Ce qui ne l&#8217;emp\u00eache pas de nous donner<br \/>\nquelques nouvelles de Jonathan de temps \u00e0 autre&#8230;<\/p>","protected":false},"excerpt":{"rendered":"<p>R\u00e9\u00e9dition &#8211; Tomes 1 et 2 en un volume &#8211; Grand format Qu&#8217;est donc venu chercher Sir Melvin Woodworth au beau milieu des Alpes valaisannes ? L&#8217;inspiration pour un nouveau roman que ses \u00e9diteurs londoniens lui r\u00e9clament \u00e0 corps et \u00e0 cris ? En partie, mais sa qu\u00eate est double: il est \u00e9galement \u00e0 la [&#8230;]\n","protected":false},"featured_media":165034,"template":"","meta":[],"product_brand":[],"product_cat":[21881],"product_tag":[],"class_list":{"0":"post-146905","1":"product","2":"type-product","3":"status-publish","4":"has-post-thumbnail","6":"product_cat-comics","7":"pa_autor-cosey","8":"pa_erscheinungsjahr-21586","9":"pa_region-schweiz","10":"pa_sprache-fr","12":"first","13":"instock","14":"taxable","15":"shipping-taxable","16":"purchasable","17":"product-type-simple"},"_links":{"self":[{"href":"https:\/\/pizbube.ch\/en\/wp-json\/wp\/v2\/product\/146905","targetHints":{"allow":["GET"]}}],"collection":[{"href":"https:\/\/pizbube.ch\/en\/wp-json\/wp\/v2\/product"}],"about":[{"href":"https:\/\/pizbube.ch\/en\/wp-json\/wp\/v2\/types\/product"}],"wp:featuredmedia":[{"embeddable":true,"href":"https:\/\/pizbube.ch\/en\/wp-json\/wp\/v2\/media\/165034"}],"wp:attachment":[{"href":"https:\/\/pizbube.ch\/en\/wp-json\/wp\/v2\/media?parent=146905"}],"wp:term":[{"taxonomy":"product_brand","embeddable":true,"href":"https:\/\/pizbube.ch\/en\/wp-json\/wp\/v2\/product_brand?post=146905"},{"taxonomy":"product_cat","embeddable":true,"href":"https:\/\/pizbube.ch\/en\/wp-json\/wp\/v2\/product_cat?post=146905"},{"taxonomy":"product_tag","embeddable":true,"href":"https:\/\/pizbube.ch\/en\/wp-json\/wp\/v2\/product_tag?post=146905"}],"curies":[{"name":"wp","href":"https:\/\/api.w.org\/{rel}","templated":true}]}}