{"id":146906,"date":"2021-01-15T10:54:26","date_gmt":"2021-01-15T10:54:26","guid":{"rendered":"https:\/\/codengine3.ch\/?product=import-placeholder-for-202752"},"modified":"2024-01-31T15:41:01","modified_gmt":"2024-01-31T14:41:01","slug":"tim-in-tibet","status":"publish","type":"product","link":"https:\/\/pizbube.ch\/en\/shop\/tim-in-tibet\/","title":{"rendered":"Tim in Tibet"},"content":{"rendered":"<p>Tim und Struppi, Band 19<\/p>\n<p>In der lebensfeindlichen Gebirgswelt des Himalaya suchen Tim und Kapit\u00e4n<br \/>\nHaddock nach ihrem Freund Tschang. Auf dem Weg nach Europa ist sein Flugzeug<br \/>\nan einem Berggipfel zerschellt und abgest\u00fcrzt.<\/p>\n<p>Aber obwohl es keinerlei Anzeichen gibt, dass irgendjemand diesen tragischen<br \/>\nUnfall \u00fcberlebt haben k\u00f6nnte, sp\u00fcrt Tim auf eine r\u00e4tselhafte Weise die<br \/>\nGegenwart seines Freundes. Unbeirrt setzt er f\u00fcr diese innere Gewissheit sein<br \/>\nLeben aufs Spiel&#8230;<\/p>","protected":false},"excerpt":{"rendered":"<p>Tim und Struppi, Band 19 In der lebensfeindlichen Gebirgswelt des Himalaya suchen Tim und Kapit\u00e4n Haddock nach ihrem Freund Tschang. Auf dem Weg nach Europa ist sein Flugzeug an einem Berggipfel zerschellt und abgest\u00fcrzt. Aber obwohl es keinerlei Anzeichen gibt, dass irgendjemand diesen tragischen Unfall \u00fcberlebt haben k\u00f6nnte, sp\u00fcrt Tim auf eine r\u00e4tselhafte Weise die [&#8230;]\n","protected":false},"featured_media":171430,"template":"","meta":[],"product_brand":[],"product_cat":[21881],"product_tag":[],"class_list":{"0":"post-146906","1":"product","2":"type-product","3":"status-publish","4":"has-post-thumbnail","6":"product_cat-comics","7":"pa_autor-herge","8":"pa_erscheinungsjahr-21571","9":"pa_region-asien","10":"pa_sprache-de","12":"first","13":"instock","14":"taxable","15":"shipping-taxable","16":"purchasable","17":"product-type-simple"},"_links":{"self":[{"href":"https:\/\/pizbube.ch\/en\/wp-json\/wp\/v2\/product\/146906","targetHints":{"allow":["GET"]}}],"collection":[{"href":"https:\/\/pizbube.ch\/en\/wp-json\/wp\/v2\/product"}],"about":[{"href":"https:\/\/pizbube.ch\/en\/wp-json\/wp\/v2\/types\/product"}],"wp:featuredmedia":[{"embeddable":true,"href":"https:\/\/pizbube.ch\/en\/wp-json\/wp\/v2\/media\/171430"}],"wp:attachment":[{"href":"https:\/\/pizbube.ch\/en\/wp-json\/wp\/v2\/media?parent=146906"}],"wp:term":[{"taxonomy":"product_brand","embeddable":true,"href":"https:\/\/pizbube.ch\/en\/wp-json\/wp\/v2\/product_brand?post=146906"},{"taxonomy":"product_cat","embeddable":true,"href":"https:\/\/pizbube.ch\/en\/wp-json\/wp\/v2\/product_cat?post=146906"},{"taxonomy":"product_tag","embeddable":true,"href":"https:\/\/pizbube.ch\/en\/wp-json\/wp\/v2\/product_tag?post=146906"}],"curies":[{"name":"wp","href":"https:\/\/api.w.org\/{rel}","templated":true}]}}