{"id":146908,"date":"2021-01-15T10:54:26","date_gmt":"2021-01-15T10:54:26","guid":{"rendered":"https:\/\/codengine3.ch\/?product=import-placeholder-for-206037"},"modified":"2021-01-15T14:45:53","modified_gmt":"2021-01-15T14:45:53","slug":"k","status":"publish","type":"product","link":"https:\/\/pizbube.ch\/en\/shop\/k\/","title":{"rendered":"K"},"content":{"rendered":"<p>K2, Pumo Ri, Everest, Makalu &#038; Kailas en bande dessin\u00e9e.  <\/p>\n<p>Le sommet du K2 n&#8217;a jamais \u00e9t\u00e9 atteint \u00e0 partir de sa face nord.<br \/>\nC&#8217;est pourtant par cette voie, r\u00e9put\u00e9e inviolable, que choisit de grimper le<br \/>\njeune Nawan Door, fils d&#8217;un magnat du p\u00e9trole. Mais, lorsqu&#8217;il chute \u00e0<br \/>\nquelques m\u00e8tres du sommet, qui pourrait le secourir? Un seul nom vient \u00e0<br \/>\nl&#8217;esprit des sherpas : K! On le surnomme K, mais personne ne conna\u00eet ni son<br \/>\nvrai nom ni son pass\u00e9. K vit avec la montagne, il est m\u00eame capable d&#8217;entendre<br \/>\nla voix&#8230; la voix des dieux ! Pourra-t-elle le guider?!<br \/>\nPersonne ne conna\u00eet ni son vrai nom ni son pass\u00e9, pourtant K est le seul<br \/>\nalpiniste assez rompu aux secrets de la montagne et assez t\u00e9m\u00e9raire pour<br \/>\nporter secours au jeune Nawan Door, fils d&#8217;un riche magnat du p\u00e9trole, coinc\u00e9<br \/>\nen haute montagne. Il est son dernier espoir!  <\/p>","protected":false},"excerpt":{"rendered":"<p>K2, Pumo Ri, Everest, Makalu &#038; Kailas en bande dessin\u00e9e. Le sommet du K2 n&#8217;a jamais \u00e9t\u00e9 atteint \u00e0 partir de sa face nord. C&#8217;est pourtant par cette voie, r\u00e9put\u00e9e inviolable, que choisit de grimper le jeune Nawan Door, fils d&#8217;un magnat du p\u00e9trole. Mais, lorsqu&#8217;il chute \u00e0 quelques m\u00e8tres du sommet, qui pourrait le [&#8230;]\n","protected":false},"featured_media":34928,"template":"","meta":[],"product_brand":[],"product_cat":[21881],"product_tag":[],"class_list":{"0":"post-146908","1":"product","2":"type-product","3":"status-publish","4":"has-post-thumbnail","6":"product_cat-comics","7":"pa_autor-taniguchi-tosaki","8":"pa_erscheinungsjahr-21693","9":"pa_region-frankreich","10":"pa_sprache-fr","12":"first","13":"instock","14":"taxable","15":"shipping-taxable","16":"purchasable","17":"product-type-simple"},"_links":{"self":[{"href":"https:\/\/pizbube.ch\/en\/wp-json\/wp\/v2\/product\/146908","targetHints":{"allow":["GET"]}}],"collection":[{"href":"https:\/\/pizbube.ch\/en\/wp-json\/wp\/v2\/product"}],"about":[{"href":"https:\/\/pizbube.ch\/en\/wp-json\/wp\/v2\/types\/product"}],"wp:featuredmedia":[{"embeddable":true,"href":"https:\/\/pizbube.ch\/en\/wp-json\/wp\/v2\/media\/34928"}],"wp:attachment":[{"href":"https:\/\/pizbube.ch\/en\/wp-json\/wp\/v2\/media?parent=146908"}],"wp:term":[{"taxonomy":"product_brand","embeddable":true,"href":"https:\/\/pizbube.ch\/en\/wp-json\/wp\/v2\/product_brand?post=146908"},{"taxonomy":"product_cat","embeddable":true,"href":"https:\/\/pizbube.ch\/en\/wp-json\/wp\/v2\/product_cat?post=146908"},{"taxonomy":"product_tag","embeddable":true,"href":"https:\/\/pizbube.ch\/en\/wp-json\/wp\/v2\/product_tag?post=146908"}],"curies":[{"name":"wp","href":"https:\/\/api.w.org\/{rel}","templated":true}]}}