{"id":146909,"date":"2021-01-15T10:54:26","date_gmt":"2021-01-15T10:54:26","guid":{"rendered":"https:\/\/codengine3.ch\/?product=import-placeholder-for-202926"},"modified":"2021-01-15T12:52:29","modified_gmt":"2021-01-15T12:52:29","slug":"dernier-probleme","status":"publish","type":"product","link":"https:\/\/pizbube.ch\/en\/shop\/dernier-probleme\/","title":{"rendered":"Dernier Probl\u00e8me"},"content":{"rendered":"<p>Bande dessin\u00e9e.<\/p>\n<p>Alpiniste, dessinateur et sc\u00e9nariste, Michel Angelini sait faire battre le<br \/>\nc\u0153ur. Que faut-il louer en premier : le r\u00e9alisme de son trait, la coh\u00e9rence<br \/>\ndes sc\u00e8nes alpines ou la subtilit\u00e9 avec laquelle il d\u00e9crit la psychologie de<br \/>\nses personnages 1937 dans les Alpes Suisse, face nord de l&#8216; Eiger&#8230;<\/p>","protected":false},"excerpt":{"rendered":"<p>Bande dessin\u00e9e. Alpiniste, dessinateur et sc\u00e9nariste, Michel Angelini sait faire battre le c\u0153ur. Que faut-il louer en premier : le r\u00e9alisme de son trait, la coh\u00e9rence des sc\u00e8nes alpines ou la subtilit\u00e9 avec laquelle il d\u00e9crit la psychologie de ses personnages 1937 dans les Alpes Suisse, face nord de l&#8216; Eiger&#8230;<\/p>","protected":false},"featured_media":30410,"template":"","meta":[],"product_brand":[],"product_cat":[21881],"product_tag":[],"class_list":{"0":"post-146909","1":"product","2":"type-product","3":"status-publish","4":"has-post-thumbnail","6":"product_cat-comics","7":"pa_autor-angelini","8":"pa_erscheinungsjahr-22144","9":"pa_region-frankreich","10":"pa_sprache-fr","12":"first","13":"instock","14":"taxable","15":"shipping-taxable","16":"purchasable","17":"product-type-simple"},"_links":{"self":[{"href":"https:\/\/pizbube.ch\/en\/wp-json\/wp\/v2\/product\/146909","targetHints":{"allow":["GET"]}}],"collection":[{"href":"https:\/\/pizbube.ch\/en\/wp-json\/wp\/v2\/product"}],"about":[{"href":"https:\/\/pizbube.ch\/en\/wp-json\/wp\/v2\/types\/product"}],"wp:featuredmedia":[{"embeddable":true,"href":"https:\/\/pizbube.ch\/en\/wp-json\/wp\/v2\/media\/30410"}],"wp:attachment":[{"href":"https:\/\/pizbube.ch\/en\/wp-json\/wp\/v2\/media?parent=146909"}],"wp:term":[{"taxonomy":"product_brand","embeddable":true,"href":"https:\/\/pizbube.ch\/en\/wp-json\/wp\/v2\/product_brand?post=146909"},{"taxonomy":"product_cat","embeddable":true,"href":"https:\/\/pizbube.ch\/en\/wp-json\/wp\/v2\/product_cat?post=146909"},{"taxonomy":"product_tag","embeddable":true,"href":"https:\/\/pizbube.ch\/en\/wp-json\/wp\/v2\/product_tag?post=146909"}],"curies":[{"name":"wp","href":"https:\/\/api.w.org\/{rel}","templated":true}]}}