{"id":146910,"date":"2021-01-15T10:54:26","date_gmt":"2021-01-15T10:54:26","guid":{"rendered":"https:\/\/codengine3.ch\/?product=import-placeholder-for-206874"},"modified":"2021-01-15T14:52:52","modified_gmt":"2021-01-15T14:52:52","slug":"sous-le-ciel-datacama","status":"publish","type":"product","link":"https:\/\/pizbube.ch\/en\/shop\/sous-le-ciel-datacama\/","title":{"rendered":"Sous le ciel d&#8217;Atacama"},"content":{"rendered":"<p>Chili, plateau de Chajnantor, plus de 5000m\u00e8tres d\u2019altitude. L\u00e0, dans un d\u00e9cor<br \/>\nde fin du monde, commence \u00e0 \u00eatre install\u00e9 un spectaculaire r\u00e9seau d\u2019antennes<br \/>\ng\u00e9antes, braqu\u00e9es vers le ciel. Chacune d\u2019elles fait plus de cent vingt<br \/>\ntonnes.<br \/>\nEnsemble, elles constitueront le plus formidable laboratoire de radio-<br \/>\nastronomie du monde. Un chantier \u00e0 un milliard d\u2019euros. Et un beau r\u00eave<br \/>\ncollectif, puisque cet immense projet, d\u00e9velopp\u00e9 main dans la main par le<br \/>\nChili, l\u2019Europe, l\u2019Am\u00e9rique du Nord et le Japon, permettra \u00e0 terme de mieux<br \/>\nconna\u00eetre et comprendre l\u2019histoire et le comportement de notre univers.  <\/p>","protected":false},"excerpt":{"rendered":"<p>Chili, plateau de Chajnantor, plus de 5000m\u00e8tres d\u2019altitude. L\u00e0, dans un d\u00e9cor de fin du monde, commence \u00e0 \u00eatre install\u00e9 un spectaculaire r\u00e9seau d\u2019antennes g\u00e9antes, braqu\u00e9es vers le ciel. Chacune d\u2019elles fait plus de cent vingt tonnes. Ensemble, elles constitueront le plus formidable laboratoire de radio- astronomie du monde. Un chantier \u00e0 un milliard d\u2019euros. [&#8230;]\n","protected":false},"featured_media":36319,"template":"","meta":[],"product_brand":[],"product_cat":[21881],"product_tag":[],"class_list":{"0":"post-146910","1":"product","2":"type-product","3":"status-publish","4":"has-post-thumbnail","6":"product_cat-comics","7":"pa_autor-christin-balez","8":"pa_erscheinungsjahr-21693","9":"pa_region-amerika-sued","10":"pa_sprache-fr","12":"first","13":"instock","14":"taxable","15":"shipping-taxable","16":"purchasable","17":"product-type-simple"},"_links":{"self":[{"href":"https:\/\/pizbube.ch\/en\/wp-json\/wp\/v2\/product\/146910","targetHints":{"allow":["GET"]}}],"collection":[{"href":"https:\/\/pizbube.ch\/en\/wp-json\/wp\/v2\/product"}],"about":[{"href":"https:\/\/pizbube.ch\/en\/wp-json\/wp\/v2\/types\/product"}],"wp:featuredmedia":[{"embeddable":true,"href":"https:\/\/pizbube.ch\/en\/wp-json\/wp\/v2\/media\/36319"}],"wp:attachment":[{"href":"https:\/\/pizbube.ch\/en\/wp-json\/wp\/v2\/media?parent=146910"}],"wp:term":[{"taxonomy":"product_brand","embeddable":true,"href":"https:\/\/pizbube.ch\/en\/wp-json\/wp\/v2\/product_brand?post=146910"},{"taxonomy":"product_cat","embeddable":true,"href":"https:\/\/pizbube.ch\/en\/wp-json\/wp\/v2\/product_cat?post=146910"},{"taxonomy":"product_tag","embeddable":true,"href":"https:\/\/pizbube.ch\/en\/wp-json\/wp\/v2\/product_tag?post=146910"}],"curies":[{"name":"wp","href":"https:\/\/api.w.org\/{rel}","templated":true}]}}