{"id":146911,"date":"2021-01-15T10:54:26","date_gmt":"2021-01-15T10:54:26","guid":{"rendered":"https:\/\/codengine3.ch\/?product=import-placeholder-for-207839"},"modified":"2025-06-11T10:18:34","modified_gmt":"2025-06-11T08:18:34","slug":"descension","status":"publish","type":"product","link":"https:\/\/pizbube.ch\/en\/shop\/descension\/","title":{"rendered":"Descension"},"content":{"rendered":"<p>Un homme solitaire et m\u00e9lancolique grimpe sur une montagne pour affronter ses<br \/>\nfant\u00f4mes, et il n\u2019est pas dit qu\u2019il en sortira gagnant\u2026<br \/>\nUn premier roman graphique singulier, une \u00e9criture tr\u00e8s po\u00e9tique.<br \/>\nAvec une pr\u00e9face de Philippe Claudel.<\/p>\n<p>\u00ab L\u2019histoire que l\u2019on va d\u00e9couvrir est celle d\u2019un homme dont la chute est<br \/>\naussi r\u00e9elle qu\u2019int\u00e9rieure, et avec lequel il est ais\u00e9 de partager une<br \/>\nfraternit\u00e9 de tristesse et d\u2019espoir. Tout ne sera pas dit de lui, de sa<br \/>\nblessure, de son drame et c\u2019est tr\u00e8s bien ainsi. \u00bb Philippe Claudel.<\/p>\n<p>Un homme part seul en montagne. Pour s\u2019\u00e9lever au-dessus des fant\u00f4mes de son<br \/>\nenfance ? Plut\u00f4t pour aller \u00e0 leur rencontre et descendre dans les tr\u00e9fonds de<br \/>\nson \u00e2me. Errance m\u00e9taphysique au c\u0153ur de la roche et de la glace, Descension<br \/>\nest le premier roman graphique de Thomas Luksenberg.<\/p>\n<p>Format (Taille): 17 x 23 cm<br \/>\nNombre de pages: 128<\/p>","protected":false},"excerpt":{"rendered":"<p>Un homme solitaire et m\u00e9lancolique grimpe sur une montagne pour affronter ses fant\u00f4mes, et il n\u2019est pas dit qu\u2019il en sortira gagnant\u2026 Un premier roman graphique singulier, une \u00e9criture tr\u00e8s po\u00e9tique. Avec une pr\u00e9face de Philippe Claudel. \u00ab L\u2019histoire que l\u2019on va d\u00e9couvrir est celle d\u2019un homme dont la chute est aussi r\u00e9elle qu\u2019int\u00e9rieure, et [&#8230;]\n","protected":false},"featured_media":38579,"template":"","meta":[],"product_brand":[],"product_cat":[21881],"product_tag":[],"class_list":{"0":"post-146911","1":"product","2":"type-product","3":"status-publish","4":"has-post-thumbnail","6":"product_cat-comics","7":"pa_autor-luksenberg","8":"pa_erscheinungsjahr-21558","9":"pa_region-frankreich","10":"pa_sprache-fr","12":"first","13":"onbackorder","14":"taxable","15":"shipping-taxable","16":"purchasable","17":"product-type-simple"},"_links":{"self":[{"href":"https:\/\/pizbube.ch\/en\/wp-json\/wp\/v2\/product\/146911","targetHints":{"allow":["GET"]}}],"collection":[{"href":"https:\/\/pizbube.ch\/en\/wp-json\/wp\/v2\/product"}],"about":[{"href":"https:\/\/pizbube.ch\/en\/wp-json\/wp\/v2\/types\/product"}],"wp:featuredmedia":[{"embeddable":true,"href":"https:\/\/pizbube.ch\/en\/wp-json\/wp\/v2\/media\/38579"}],"wp:attachment":[{"href":"https:\/\/pizbube.ch\/en\/wp-json\/wp\/v2\/media?parent=146911"}],"wp:term":[{"taxonomy":"product_brand","embeddable":true,"href":"https:\/\/pizbube.ch\/en\/wp-json\/wp\/v2\/product_brand?post=146911"},{"taxonomy":"product_cat","embeddable":true,"href":"https:\/\/pizbube.ch\/en\/wp-json\/wp\/v2\/product_cat?post=146911"},{"taxonomy":"product_tag","embeddable":true,"href":"https:\/\/pizbube.ch\/en\/wp-json\/wp\/v2\/product_tag?post=146911"}],"curies":[{"name":"wp","href":"https:\/\/api.w.org\/{rel}","templated":true}]}}