{"id":146912,"date":"2021-01-15T10:54:26","date_gmt":"2021-01-15T10:54:26","guid":{"rendered":"https:\/\/codengine3.ch\/?product=import-placeholder-for-208381"},"modified":"2021-01-15T17:53:22","modified_gmt":"2021-01-15T17:53:22","slug":"ailefroide-altitude-3954","status":"publish","type":"product","link":"https:\/\/pizbube.ch\/en\/shop\/ailefroide-altitude-3954\/","title":{"rendered":"Ailefroide &#8211; Altitude 3954"},"content":{"rendered":"<p>\nDe Grenoble \u00e0 la B\u00e9rarde en mobylette.<br \/>\nDes rappels tir\u00e9s sur la fa\u00e7ade du Lyc\u00e9e Champollion.  <\/p>\n<p>Avec l&#8217;exaltation pure qui tape aux tempes, quand on bivouaque suspendu sous<br \/>\nle ciel cribl\u00e9 d&#8217;\u00e9toiles, o\u00f9 qu&#8217;\u00e0 seize ans \u00e0 peine on se lance dans des<br \/>\ngrandes voies. La Dibona, le pilier Frendo, le Coup de Sabre, la Pierre Alain<br \/>\n\u00e0 la Meije, la R\u00e9buffat au Pav\u00e9 : le Massif des \u00c9crins tout entier offert<br \/>\ncomme une terre d&#8217;aventure, un royaume, un champ de bataille parfois.  <\/p>\n<p>Car la montagne r\u00e9clame aussi son d\u00fb et la mort r\u00f4de dans les couloirs glac\u00e9s.<\/p>\n<p>R\u00e9cit initiatique d&#8217;un gamin qui se r\u00eavait guide et qui devient dessinateur,<br \/>\nAilefroide est tout \u00e0 la fois une c\u00e9l\u00e9bration de l&#8217;alpinisme, une d\u00e9claration<br \/>\nd&#8217;amour \u00e0 la haute montagne et une le\u00e7on de vie.  <\/p>","protected":false},"excerpt":{"rendered":"<p>De Grenoble \u00e0 la B\u00e9rarde en mobylette. Des rappels tir\u00e9s sur la fa\u00e7ade du Lyc\u00e9e Champollion. Avec l&#8217;exaltation pure qui tape aux tempes, quand on bivouaque suspendu sous le ciel cribl\u00e9 d&#8217;\u00e9toiles, o\u00f9 qu&#8217;\u00e0 seize ans \u00e0 peine on se lance dans des grandes voies. La Dibona, le pilier Frendo, le Coup de Sabre, la [&#8230;]\n","protected":false},"featured_media":40043,"template":"","meta":[],"product_brand":[],"product_cat":[21881],"product_tag":[],"class_list":{"0":"post-146912","1":"product","2":"type-product","3":"status-publish","4":"has-post-thumbnail","6":"product_cat-comics","7":"pa_autor-rochette","8":"pa_erscheinungsjahr-21546","9":"pa_region-frankreich","10":"pa_sprache-fr","12":"first","13":"instock","14":"taxable","15":"shipping-taxable","16":"purchasable","17":"product-type-simple"},"_links":{"self":[{"href":"https:\/\/pizbube.ch\/en\/wp-json\/wp\/v2\/product\/146912","targetHints":{"allow":["GET"]}}],"collection":[{"href":"https:\/\/pizbube.ch\/en\/wp-json\/wp\/v2\/product"}],"about":[{"href":"https:\/\/pizbube.ch\/en\/wp-json\/wp\/v2\/types\/product"}],"wp:featuredmedia":[{"embeddable":true,"href":"https:\/\/pizbube.ch\/en\/wp-json\/wp\/v2\/media\/40043"}],"wp:attachment":[{"href":"https:\/\/pizbube.ch\/en\/wp-json\/wp\/v2\/media?parent=146912"}],"wp:term":[{"taxonomy":"product_brand","embeddable":true,"href":"https:\/\/pizbube.ch\/en\/wp-json\/wp\/v2\/product_brand?post=146912"},{"taxonomy":"product_cat","embeddable":true,"href":"https:\/\/pizbube.ch\/en\/wp-json\/wp\/v2\/product_cat?post=146912"},{"taxonomy":"product_tag","embeddable":true,"href":"https:\/\/pizbube.ch\/en\/wp-json\/wp\/v2\/product_tag?post=146912"}],"curies":[{"name":"wp","href":"https:\/\/api.w.org\/{rel}","templated":true}]}}