{"id":146923,"date":"2021-01-15T10:54:27","date_gmt":"2021-01-15T10:54:27","guid":{"rendered":"https:\/\/codengine3.ch\/?product=import-placeholder-for-202624"},"modified":"2021-05-22T15:35:37","modified_gmt":"2021-05-22T13:35:37","slug":"wir-muessen-da-hoch","status":"publish","type":"product","link":"https:\/\/pizbube.ch\/en\/shop\/wir-muessen-da-hoch\/","title":{"rendered":"Wir m\u00fcssen da hoch"},"content":{"rendered":"<p>Pflichtlekt\u00fcre f\u00fcr alle, die schon immer gewu\u00dft haben, dass beim Klettern auch<br \/>\ngelacht werden darf.<\/p>\n<p>Peter Brunnert hat etliches am eigenen Leib mitgemacht, was ihr euren<br \/>\nschlimmsten Feinden nicht w\u00fcnschen w\u00fcrdet<br \/>\nund Erbse K\u00f6pf hat die abgedrehten Geschichten kongenial illustriert.<\/p>\n<p>11. Auflg. 2019<\/p>","protected":false},"excerpt":{"rendered":"<ul>\n<li><a href=\"https:\/\/pizbube.ch\/wp-content\/uploads\/attachments\/a_028\/C4E9611302507F878DE168B2E111CC70.pdf\" target=\"_blank\" rel=\"noopener\">PDF: Wir m\u00fcssen da hoch &#8211; Leseprobe<\/a><\/li>\n<\/ul>","protected":false},"featured_media":26986,"template":"","meta":[],"product_brand":[],"product_cat":[21629],"product_tag":[],"class_list":{"0":"post-146923","1":"product","2":"type-product","3":"status-publish","4":"has-post-thumbnail","6":"product_cat-belletristik","7":"pa_autor-brunnert","8":"pa_erscheinungsjahr-21586","9":"pa_region-deutschland","10":"pa_sprache-de","12":"first","13":"outofstock","14":"taxable","15":"shipping-taxable","16":"purchasable","17":"product-type-simple"},"_links":{"self":[{"href":"https:\/\/pizbube.ch\/en\/wp-json\/wp\/v2\/product\/146923","targetHints":{"allow":["GET"]}}],"collection":[{"href":"https:\/\/pizbube.ch\/en\/wp-json\/wp\/v2\/product"}],"about":[{"href":"https:\/\/pizbube.ch\/en\/wp-json\/wp\/v2\/types\/product"}],"wp:featuredmedia":[{"embeddable":true,"href":"https:\/\/pizbube.ch\/en\/wp-json\/wp\/v2\/media\/26986"}],"wp:attachment":[{"href":"https:\/\/pizbube.ch\/en\/wp-json\/wp\/v2\/media?parent=146923"}],"wp:term":[{"taxonomy":"product_brand","embeddable":true,"href":"https:\/\/pizbube.ch\/en\/wp-json\/wp\/v2\/product_brand?post=146923"},{"taxonomy":"product_cat","embeddable":true,"href":"https:\/\/pizbube.ch\/en\/wp-json\/wp\/v2\/product_cat?post=146923"},{"taxonomy":"product_tag","embeddable":true,"href":"https:\/\/pizbube.ch\/en\/wp-json\/wp\/v2\/product_tag?post=146923"}],"curies":[{"name":"wp","href":"https:\/\/api.w.org\/{rel}","templated":true}]}}