{"id":146926,"date":"2021-01-15T10:54:27","date_gmt":"2021-01-15T10:54:27","guid":{"rendered":"https:\/\/codengine3.ch\/?product=import-placeholder-for-204039"},"modified":"2021-01-15T14:29:09","modified_gmt":"2021-01-15T14:29:09","slug":"wirklich-oben-bist-du-nie","status":"publish","type":"product","link":"https:\/\/pizbube.ch\/en\/shop\/wirklich-oben-bist-du-nie\/","title":{"rendered":"Wirklich oben bist du nie"},"content":{"rendered":"<p>Meine Mutter ist meine sch\u00e4rfste Kritikerin: &#8218;Schreib doch mal was Ernstes,<br \/>\noder ein Kinderbuch!&#8216;, sagte sie neulich.<br \/>\nIch f\u00fcrchte, ich muss sie erneut entt\u00e4uschen.  <\/p>\n<p>Zumal es f\u00fcr einen Hobbykletterer und Freizeitschreiberling, der auf halbwegs<br \/>\nverwertbare eigene Erlebnisse angewiesen ist, vielleicht etwas zuviel verlangt<br \/>\nund im \u00dcbrigen auch nicht ganz ungef\u00e4hrlich sei, \u00fcber etwas Ernstes, Gro\u00dfes zu<br \/>\nberichten. Und mal ehrlich: daf\u00fcr habt ihr schlie\u00dflich eure Trenkers,<br \/>\nBonattis, Herligkoffers, Messners und Simpsons. Bitte, wenn ihr auf Ernstes<br \/>\nabfahrt, rennt in den n\u00e4chsten Buchladen, kauft deren b\u00fccherbordbiegenden<br \/>\nW\u00e4lzer, erg\u00f6tzt euch erschaudernd an ihnen, aber lasst mich in Ruhe.<br \/>\n3. Auflg.  <\/p>","protected":false},"excerpt":{"rendered":"<p>Meine Mutter ist meine sch\u00e4rfste Kritikerin: &#8218;Schreib doch mal was Ernstes, oder ein Kinderbuch!&#8216;, sagte sie neulich. Ich f\u00fcrchte, ich muss sie erneut entt\u00e4uschen. Zumal es f\u00fcr einen Hobbykletterer und Freizeitschreiberling, der auf halbwegs verwertbare eigene Erlebnisse angewiesen ist, vielleicht etwas zuviel verlangt und im \u00dcbrigen auch nicht ganz ungef\u00e4hrlich sei, \u00fcber etwas Ernstes, Gro\u00dfes [&#8230;]\n","protected":false},"featured_media":31774,"template":"","meta":[],"product_brand":[],"product_cat":[21629],"product_tag":[],"class_list":{"0":"post-146926","1":"product","2":"type-product","3":"status-publish","4":"has-post-thumbnail","6":"product_cat-belletristik","7":"pa_autor-brunnert","8":"pa_erscheinungsjahr-21693","9":"pa_region-deutschland","10":"pa_sprache-de","12":"first","13":"outofstock","14":"taxable","15":"shipping-taxable","16":"purchasable","17":"product-type-simple"},"_links":{"self":[{"href":"https:\/\/pizbube.ch\/en\/wp-json\/wp\/v2\/product\/146926","targetHints":{"allow":["GET"]}}],"collection":[{"href":"https:\/\/pizbube.ch\/en\/wp-json\/wp\/v2\/product"}],"about":[{"href":"https:\/\/pizbube.ch\/en\/wp-json\/wp\/v2\/types\/product"}],"wp:featuredmedia":[{"embeddable":true,"href":"https:\/\/pizbube.ch\/en\/wp-json\/wp\/v2\/media\/31774"}],"wp:attachment":[{"href":"https:\/\/pizbube.ch\/en\/wp-json\/wp\/v2\/media?parent=146926"}],"wp:term":[{"taxonomy":"product_brand","embeddable":true,"href":"https:\/\/pizbube.ch\/en\/wp-json\/wp\/v2\/product_brand?post=146926"},{"taxonomy":"product_cat","embeddable":true,"href":"https:\/\/pizbube.ch\/en\/wp-json\/wp\/v2\/product_cat?post=146926"},{"taxonomy":"product_tag","embeddable":true,"href":"https:\/\/pizbube.ch\/en\/wp-json\/wp\/v2\/product_tag?post=146926"}],"curies":[{"name":"wp","href":"https:\/\/api.w.org\/{rel}","templated":true}]}}