{"id":146928,"date":"2021-01-15T10:54:27","date_gmt":"2021-01-15T10:54:27","guid":{"rendered":"https:\/\/codengine3.ch\/?product=import-placeholder-for-203500"},"modified":"2022-04-26T11:49:35","modified_gmt":"2022-04-26T09:49:35","slug":"stoneman","status":"publish","type":"product","link":"https:\/\/pizbube.ch\/en\/shop\/stoneman\/","title":{"rendered":"Stoneman"},"content":{"rendered":"<p>Nach seinem fantastischen Debut- Selig, wer in Tr\u00e4umen stirbt- legt Robert<br \/>\nSteiner ein Buch mit zehn fesselnden Kurzgeschichten, frei nach seinem Motto<br \/>\nManchmal suche ich das Abenteuer, aber meistens sucht es mich, nach:<br \/>\n&#8211; Solobegehung der Nose am El Capitan<br \/>\n&#8211; Biwaks: harte Nachte auf kalten Felsen<br \/>\n&#8211; R\u00fcckz\u00fcge: Die Kunst zu \u00dcberleben<br \/>\n&#8211; Eiger Nordwand solo<br \/>\n&#8211; Camp 4; und andere.<\/p>\n<p>Die Geschichte des Alpinismus ist bislang immer nur von den Gewinnern<br \/>\ngeschrieben worden. Es waren die Rekordhalter, die \u00dcbermenschen, die Idole,<br \/>\ndie die Feder zur Hand nahmen und das verfassten, was wir heute als die<br \/>\nOriginaldokumente der Alpinhistorie ansehen. Auch diese Zeit wird Gott sei<br \/>\nDank zu Ende gehen. Die Gewinner haben ausgedient. Jeder, der Geschichten mit<br \/>\nsich herumtr\u00e4gt, wird erz\u00e4hlen k\u00f6nnen. Und welch unbeschreibliches Gl\u00fcck:<br \/>\nRobert ist definitiv einer derjenigen der sie auch zu Papier bringen kann.<\/p>\n<p>2. Auflage, 236 Seiten, engl. Broschur<\/p>","protected":false},"excerpt":{"rendered":"<ul>\n<li><a href=\"https:\/\/pizbube.ch\/wp-content\/uploads\/attachments\/a_015\/58F08F9AA24D6C3E3ED674ADA7999603.pdf\" target=\"_blank\" rel=\"noopener\">PDF: Stoneman-Leseprobe<\/a><\/li>\n<\/ul>","protected":false},"featured_media":31118,"template":"","meta":[],"product_brand":[],"product_cat":[21629],"product_tag":[],"class_list":{"0":"post-146928","1":"product","2":"type-product","3":"status-publish","4":"has-post-thumbnail","6":"product_cat-belletristik","7":"pa_autor-steiner","8":"pa_erscheinungsjahr-21610","9":"pa_region-deutschland","10":"pa_sprache-de","12":"first","13":"outofstock","14":"taxable","15":"shipping-taxable","16":"purchasable","17":"product-type-simple"},"_links":{"self":[{"href":"https:\/\/pizbube.ch\/en\/wp-json\/wp\/v2\/product\/146928","targetHints":{"allow":["GET"]}}],"collection":[{"href":"https:\/\/pizbube.ch\/en\/wp-json\/wp\/v2\/product"}],"about":[{"href":"https:\/\/pizbube.ch\/en\/wp-json\/wp\/v2\/types\/product"}],"wp:featuredmedia":[{"embeddable":true,"href":"https:\/\/pizbube.ch\/en\/wp-json\/wp\/v2\/media\/31118"}],"wp:attachment":[{"href":"https:\/\/pizbube.ch\/en\/wp-json\/wp\/v2\/media?parent=146928"}],"wp:term":[{"taxonomy":"product_brand","embeddable":true,"href":"https:\/\/pizbube.ch\/en\/wp-json\/wp\/v2\/product_brand?post=146928"},{"taxonomy":"product_cat","embeddable":true,"href":"https:\/\/pizbube.ch\/en\/wp-json\/wp\/v2\/product_cat?post=146928"},{"taxonomy":"product_tag","embeddable":true,"href":"https:\/\/pizbube.ch\/en\/wp-json\/wp\/v2\/product_tag?post=146928"}],"curies":[{"name":"wp","href":"https:\/\/api.w.org\/{rel}","templated":true}]}}