{"id":146929,"date":"2021-01-15T10:54:27","date_gmt":"2021-01-15T10:54:27","guid":{"rendered":"https:\/\/codengine3.ch\/?product=import-placeholder-for-200454"},"modified":"2022-10-07T14:11:39","modified_gmt":"2022-10-07T12:11:39","slug":"kletterfuehrer-goettinger-wald-und-hessische-schweiz","status":"publish","type":"product","link":"https:\/\/pizbube.ch\/en\/shop\/kletterfuehrer-goettinger-wald-und-hessische-schweiz\/","title":{"rendered":"Kletterf\u00fchrer G\u00f6ttinger Wald und Hessische Schweiz"},"content":{"rendered":"<p>Topof\u00fchrer f\u00fcr das Klettern rund um G\u00f6ttingen und in der Hessische Schweiz.<\/p>\n<p>Die Sandstein-Klettergebiete im Raum G\u00f6ttingen waren eigentlich immer ein Geheimtipp, Informationen wurden nur unter der Hand weitergegeben, hier und da kursierte mal ein Topo im Netz, offizielle detaillierte Informationen gab es jedoch nicht. Einige Felsen sind zudem von einer Sperrung bedroht.<\/p>\n<p>In der 2. Auflage des Kletterf\u00fchrers werden alle vorhandenen M\u00f6glichkeiten rund um G\u00f6ttingen sowie die besten Ziele in Nordhessen in einem stattlichen F\u00fchrer zusammengefasst. Wer dort klettern m\u00f6chte: der Status Quo des G\u00d6-Wald-Kletterns wird nur hier dokumentiert.<br \/>\nBeachtlich: fast 100 Seiten dicker als die erste Auflage, rund 250 bisher nicht ver\u00f6ffentlichte Neutouren! Mit dem Scharfenstein \u2013 Basalt! \u2013 und dem Steinbruch Solling finden zwei g\u00e4nzlich neue Gebiete Einzug in den Kletterf\u00fchrer. Ersteres das bedeutendste Klettergebiet Nordhessens, zweiteres ein bisher noch weitgehend unbekannter Sandstein-Spot bei F\u00fcrstenberg. F\u00fcr Spannung ist also zur Gen\u00fcge gesorgt. Nicht zu vergessen: Das Buch wurde selbstverst\u00e4ndlich auch komplett neu bebildert.<\/p>\n<p>Der umfangreiche F\u00fchrer schafft Klarheit \u00fcber die aktuell bestehenden Regelungen, damit ihr wisst, an welchen Felsen ihr klettern d\u00fcrft und an welchen nicht. Die Autoren weisen bei jedem einzelnen Felsen darauf hin, ob das Klettern dort erlaubt, geduldet oder derzeit verboten ist und bitten hiermit ausdr\u00fccklich um unbedingte Respektierung der Sperrungen. Und jetzt ab nach G\u00f6ttingen!<\/p>\n<div id=\"product_destinations_tab\" class=\"data item content\" role=\"tabpanel\" data-role=\"content\" aria-labelledby=\"tab-label-product_destinations_tab\" aria-hidden=\"false\">\n<p>Die beschriebenen Felsen bzw. Gebiete im Kletterf\u00fchrer G\u00f6ttinger Wald &amp; Hessische Schweiz<\/p>\n<p>Mariaspring<br \/>\nKnubbelwand<br \/>\nHauwand<br \/>\nSchlageterstein<br \/>\nSchaukelwand<br \/>\nAppenroder Wand<br \/>\nRote Wand<br \/>\nLeuchtetal<br \/>\nDie T\u00fcrme<br \/>\nFreie Klippe<br \/>\nReiffenhausen<br \/>\nArenshausen<br \/>\nHessische Schweiz<\/p>\n<\/div>\n<p>2. Auflage 2022, 148 x 185 mm, Softcover, komplett 4 Farbig<\/p>","protected":false},"excerpt":{"rendered":"<p>Topof\u00fchrer f\u00fcr das Klettern rund um G\u00f6ttingen und in der Hessische Schweiz. Die Sandstein-Klettergebiete im Raum G\u00f6ttingen waren eigentlich immer ein Geheimtipp, Informationen wurden nur unter der Hand weitergegeben, hier und da kursierte mal ein Topo im Netz, offizielle detaillierte Informationen gab es jedoch nicht. Einige Felsen sind zudem von einer Sperrung bedroht. In der [&#8230;]\n","protected":false},"featured_media":163911,"template":"","meta":[],"product_brand":[],"product_cat":[21539],"product_tag":[],"class_list":{"0":"post-146929","1":"product","2":"type-product","3":"status-publish","4":"has-post-thumbnail","6":"product_cat-fuehrerliteratur-sportklettern-bouldern","7":"pa_autor-arne-stephen-brunnert","8":"pa_erscheinungsjahr-27013","9":"pa_region-deutschland","10":"pa_sprache-de","12":"first","13":"instock","14":"taxable","15":"shipping-taxable","16":"purchasable","17":"product-type-simple"},"_links":{"self":[{"href":"https:\/\/pizbube.ch\/en\/wp-json\/wp\/v2\/product\/146929","targetHints":{"allow":["GET"]}}],"collection":[{"href":"https:\/\/pizbube.ch\/en\/wp-json\/wp\/v2\/product"}],"about":[{"href":"https:\/\/pizbube.ch\/en\/wp-json\/wp\/v2\/types\/product"}],"wp:featuredmedia":[{"embeddable":true,"href":"https:\/\/pizbube.ch\/en\/wp-json\/wp\/v2\/media\/163911"}],"wp:attachment":[{"href":"https:\/\/pizbube.ch\/en\/wp-json\/wp\/v2\/media?parent=146929"}],"wp:term":[{"taxonomy":"product_brand","embeddable":true,"href":"https:\/\/pizbube.ch\/en\/wp-json\/wp\/v2\/product_brand?post=146929"},{"taxonomy":"product_cat","embeddable":true,"href":"https:\/\/pizbube.ch\/en\/wp-json\/wp\/v2\/product_cat?post=146929"},{"taxonomy":"product_tag","embeddable":true,"href":"https:\/\/pizbube.ch\/en\/wp-json\/wp\/v2\/product_tag?post=146929"}],"curies":[{"name":"wp","href":"https:\/\/api.w.org\/{rel}","templated":true}]}}