{"id":146930,"date":"2021-01-15T10:54:27","date_gmt":"2021-01-15T10:54:27","guid":{"rendered":"https:\/\/codengine3.ch\/?product=import-placeholder-for-208604"},"modified":"2026-04-22T11:05:34","modified_gmt":"2026-04-22T09:05:34","slug":"hoch-im-norden-kletterfuehrer-ith","status":"publish","type":"product","link":"https:\/\/pizbube.ch\/en\/shop\/hoch-im-norden-kletterfuehrer-ith\/","title":{"rendered":"Hoch im Norden"},"content":{"rendered":"<p>Kletterf\u00fchrer Hoch im Norden \u2013 \u00a0die Kalkparadiese ganz weit oben.<\/p>\n<p>Niedersachsen hat mehr zu bieten als Heidschnucken, Hannover 96 und Wattwanderungen \u2013 auch f\u00fcr anspruchsvolle Kletterer! Etwa an den ber\u00fchmten Ithklippen, den bizarren Felst\u00fcrmen hoch oben am Kanstein, den erlaubten Felsen im Selterdschungel, den beliebten W\u00e4nde von Brunkensen oder den beeindruckenden Wandabbr\u00fcchen des Hohensteins, wo durchaus Alpinfeeling aufkommt.<\/p>\n<p>Die 4. Auflage des Kletterf\u00fchrers bietet neben den altbew\u00e4hrten Toprouten gut 150 neue bzw. vormals in Vergessenheit geratene Kletterwege. Als Garant f\u00fcr nachhaltigen Lesegenuss b\u00fcrgt Textchef Peter Brunnert. Mit der opulenten Bebilderung durch Rouven K\u00fchn und die Autoren wird das Ganze zu einem Augenschmaus erster G\u00fcte. Man hat schon von Leuten geh\u00f6rt, die sich gleich zwei Exemplare zugelegt haben: eines f\u00fcr die Rucksackdeckeltasche und eines f\u00fcrs heimische Nachttischlein \u2013 nur zum Schm\u00f6kern.<\/p>\n<p>Dem F\u00fchrer liegt ein Downloadcode f\u00fcr eine kostenlose, drei Jahre g\u00fcltige Anwendung f\u00fcr iOS und Android bei.<\/p>\n<p>4. Auflage 2026,<br \/>\n552 Seiten, 148 x 185 mm, Softcover, komplett 4 Farbig<\/p>","protected":false},"excerpt":{"rendered":"<p>Kletterf\u00fchrer Hoch im Norden \u2013 \u00a0die Kalkparadiese ganz weit oben. Niedersachsen hat mehr zu bieten als Heidschnucken, Hannover 96 und Wattwanderungen \u2013 auch f\u00fcr anspruchsvolle Kletterer! Etwa an den ber\u00fchmten Ithklippen, den bizarren Felst\u00fcrmen hoch oben am Kanstein, den erlaubten Felsen im Selterdschungel, den beliebten W\u00e4nde von Brunkensen oder den beeindruckenden Wandabbr\u00fcchen des Hohensteins, wo [&#8230;]\n","protected":false},"featured_media":184027,"template":"","meta":[],"product_brand":[],"product_cat":[21539],"product_tag":[],"class_list":{"0":"post-146930","1":"product","2":"type-product","3":"status-publish","4":"has-post-thumbnail","6":"product_cat-fuehrerliteratur-sportklettern-bouldern","7":"pa_autor-brunnert-grage","8":"pa_erscheinungsjahr-27654","9":"pa_region-deutschland","10":"pa_sprache-de","12":"first","13":"onbackorder","14":"taxable","15":"shipping-taxable","16":"purchasable","17":"product-type-simple"},"_links":{"self":[{"href":"https:\/\/pizbube.ch\/en\/wp-json\/wp\/v2\/product\/146930","targetHints":{"allow":["GET"]}}],"collection":[{"href":"https:\/\/pizbube.ch\/en\/wp-json\/wp\/v2\/product"}],"about":[{"href":"https:\/\/pizbube.ch\/en\/wp-json\/wp\/v2\/types\/product"}],"wp:featuredmedia":[{"embeddable":true,"href":"https:\/\/pizbube.ch\/en\/wp-json\/wp\/v2\/media\/184027"}],"wp:attachment":[{"href":"https:\/\/pizbube.ch\/en\/wp-json\/wp\/v2\/media?parent=146930"}],"wp:term":[{"taxonomy":"product_brand","embeddable":true,"href":"https:\/\/pizbube.ch\/en\/wp-json\/wp\/v2\/product_brand?post=146930"},{"taxonomy":"product_cat","embeddable":true,"href":"https:\/\/pizbube.ch\/en\/wp-json\/wp\/v2\/product_cat?post=146930"},{"taxonomy":"product_tag","embeddable":true,"href":"https:\/\/pizbube.ch\/en\/wp-json\/wp\/v2\/product_tag?post=146930"}],"curies":[{"name":"wp","href":"https:\/\/api.w.org\/{rel}","templated":true}]}}