{"id":146941,"date":"2021-01-15T10:54:27","date_gmt":"2021-01-15T10:54:27","guid":{"rendered":"https:\/\/codengine3.ch\/?product=import-placeholder-for-200125"},"modified":"2021-01-15T10:54:32","modified_gmt":"2021-01-15T10:54:32","slug":"gehe-ich-nicht-gehe-ich-kaputt-briefe-aus-dem-himalaja","status":"publish","type":"product","link":"https:\/\/pizbube.ch\/en\/shop\/gehe-ich-nicht-gehe-ich-kaputt-briefe-aus-dem-himalaja\/","title":{"rendered":"\u00bbGehe ich nicht, gehe ich kaputt.\u00ab  &#8211; Briefe aus dem Himalaja"},"content":{"rendered":"<p>\n\u00bbIch werde mein Bestes dransetzen, Dir den Gipfel des Nanga zu F\u00fc\u00dfen zu<br \/>\nlegen.\u00ab<br \/>\nAlbert Frederick Mummery an seine Frau, 1895  <\/p>\n<p>\u00bbSind beide krank. Ein Versuch, nach VI vorzudringen, misslang wegen<br \/>\nallgemeiner Schw\u00e4che. Wir haben seit sechs Tagen nichts Warmes gegessen und<br \/>\nfast nichts getrunken. Bitte helft uns bald hier in Lager VII.\u00ab<br \/>\nWillo Welzenbach, Nanga Parbat, 1934  <\/p>\n<p>\u00bbAuch f\u00fcr mich wird es immer schwieriger, unser Tun einer breiten<br \/>\n\u00d6ffentlichkeit gegen\u00fcber zu rechtfertigen.\u00ab<br \/>\nReinhold Messner, Lukla, 2017  <\/p>\n<p>Reinhold Messner erz\u00e4hlt vom H\u00f6henbergsteigen unserer Zeit anhand seiner<br \/>\nBriefe aus den letzten f\u00fcnfzig Jahren. Und, erg\u00e4nzt um Dokumente so ber\u00fchmter<br \/>\nBergsteiger wie Mummery, Welzenbach, Buhl oder Herzog, von fast 200 Jahren<br \/>\nHimalaja-Sehnsucht. Es sind Briefe \u00fcber Gl\u00fccksmomente, Triumphe &#8211; und<br \/>\nNachrichten, die postum zu Abschiedsbriefen wurden. Briefe voll Angst und Mut,<br \/>\nEhrgeiz und Romantik, Hoffnung und Schicksalsergebenheit, Frust und<br \/>\nEntt\u00e4uschung. Sie zeigen Schl\u00fcsselstationen des Himalaja-Bergsteigens und<br \/>\ngew\u00e4hren sehr pers\u00f6nliche Einblicke in Reinhold Messners Biografie. Auch in<br \/>\nseine Haltung als Bergsteiger &#8211; bis heute.  <\/p>\n<p>An den h\u00f6chsten Bergen der Welt konzentrieren sich viele Erfolgs- und<br \/>\nLeidensgeschichten. Mit eigenen Briefen aus 50 Jahren und ausgew\u00e4hlten<br \/>\nDokumenten ber\u00fchmter Bergsteiger wie Mummery, Weltzenbach, Hillary oder Buhl<br \/>\nbeleuchtet Reinhold Messner Haltung und Antrieb gro\u00dfer Alpinisten. Briefe \u00fcber<br \/>\nGl\u00fccksmomente und Triumphe; Nachrichten, die postum zu Abschiedsbriefen<br \/>\nwurden: Sie alle gew\u00e4hren bewegende Einblicke.<\/p>\n<p>Sie zeugen vom Mut der fr\u00fchen Grenzg\u00e4nger und einfachst ausger\u00fcsteten<br \/>\nExpeditionen bis hin zum Hightech-Bergtourismus unserer Zeit. Sie erz\u00e4hlen von<br \/>\nAbenteuerlust, Ehrgeiz und Romantik, aber auch von Verlusten, Frust und<br \/>\nEntt\u00e4uschung; zeigen Schl\u00fcsselmomente in der Geschichte des Himalaja-<br \/>\nBergsteigens in ber\u00fchrender Ehrlichkeit und gew\u00e4hren sehr pers\u00f6nliche<br \/>\nEinblicke in Messners Biografie, in Schl\u00fcsselmomente seiner Laufbahn und in<br \/>\nseine Haltung als Bergsteiger.  <\/p>\n<p>Fester Einband; 288 Seiten.  <\/p>","protected":false},"excerpt":{"rendered":"<p>\u00bbIch werde mein Bestes dransetzen, Dir den Gipfel des Nanga zu F\u00fc\u00dfen zu legen.\u00ab Albert Frederick Mummery an seine Frau, 1895 \u00bbSind beide krank. Ein Versuch, nach VI vorzudringen, misslang wegen allgemeiner Schw\u00e4che. Wir haben seit sechs Tagen nichts Warmes gegessen und fast nichts getrunken. Bitte helft uns bald hier in Lager VII.\u00ab Willo Welzenbach, [&#8230;]\n","protected":false},"featured_media":25986,"template":"","meta":[],"product_brand":[],"product_cat":[21542],"product_tag":[],"class_list":{"0":"post-146941","1":"product","2":"type-product","3":"status-publish","4":"has-post-thumbnail","6":"product_cat-sachbuecher-dokumentationen","7":"pa_autor-messner","8":"pa_erscheinungsjahr-21558","9":"pa_region-deutschland","10":"pa_sprache-de","12":"first","13":"instock","14":"taxable","15":"shipping-taxable","16":"purchasable","17":"product-type-simple"},"_links":{"self":[{"href":"https:\/\/pizbube.ch\/en\/wp-json\/wp\/v2\/product\/146941","targetHints":{"allow":["GET"]}}],"collection":[{"href":"https:\/\/pizbube.ch\/en\/wp-json\/wp\/v2\/product"}],"about":[{"href":"https:\/\/pizbube.ch\/en\/wp-json\/wp\/v2\/types\/product"}],"wp:featuredmedia":[{"embeddable":true,"href":"https:\/\/pizbube.ch\/en\/wp-json\/wp\/v2\/media\/25986"}],"wp:attachment":[{"href":"https:\/\/pizbube.ch\/en\/wp-json\/wp\/v2\/media?parent=146941"}],"wp:term":[{"taxonomy":"product_brand","embeddable":true,"href":"https:\/\/pizbube.ch\/en\/wp-json\/wp\/v2\/product_brand?post=146941"},{"taxonomy":"product_cat","embeddable":true,"href":"https:\/\/pizbube.ch\/en\/wp-json\/wp\/v2\/product_cat?post=146941"},{"taxonomy":"product_tag","embeddable":true,"href":"https:\/\/pizbube.ch\/en\/wp-json\/wp\/v2\/product_tag?post=146941"}],"curies":[{"name":"wp","href":"https:\/\/api.w.org\/{rel}","templated":true}]}}